{"id":380916,"date":"2025-05-05T00:12:23","date_gmt":"2025-05-04T22:12:23","guid":{"rendered":"https:\/\/test2.michel-promo.com\/en\/product\/mens-manchester-2-0-shell\/"},"modified":"2025-08-14T14:39:37","modified_gmt":"2025-08-14T12:39:37","slug":"mens-manchester-2-0-shell","status":"publish","type":"product","link":"https:\/\/test2.michel-promo.com\/hr\/proizvod-2\/mens-manchester-2-0-shell\/","title":{"rendered":"Mu\u0161ka Manchester 2.0 \u0161koljka"},"content":{"rendered":"<p>Manchester Shell jakna je svestrana vodootporna i prozra\u010dna jakna izra\u0111ena od HellyTech Protection tkanine. Visoki ovratnik sa sklopivom kapulja\u010dom \u010dini je idealnom za kori\u0161tenje u svim uvjetima, s dugim le\u0111ima za dodatnu pokrivenost, bez \u0161avova na ramenima za maksimalnu udobnost i 3 d\u017eepa s patentnim zatvara\u010dem za jednostavan pristup svemu \u0161to vam je potrebno ponijeti. Kompatibilnost s patentnim zatvara\u010dem za kori\u0161tenje tijekom cijele godine i fleksibilnost.<\/p>","protected":false},"excerpt":{"rendered":"<p>Tisak na zahtjev. Mogu\u0107nost koli\u010dinskog popusta.<\/p>","protected":false},"featured_media":395720,"template":"","meta":{"_acf_changed":false},"product_brand":[],"product_cat":[175,238,90],"product_tag":[],"class_list":{"0":"post-380916","1":"product","2":"type-product","3":"status-publish","4":"has-post-thumbnail","6":"product_cat-jackets","7":"product_cat-kataloski","8":"product_cat-textiles-and-fashion","10":"first","11":"instock","12":"taxable","13":"shipping-taxable","14":"purchasable","15":"product-type-variable"},"acf":[],"_links":{"self":[{"href":"https:\/\/test2.michel-promo.com\/hr\/wp-json\/wp\/v2\/product\/380916","targetHints":{"allow":["GET"]}}],"collection":[{"href":"https:\/\/test2.michel-promo.com\/hr\/wp-json\/wp\/v2\/product"}],"about":[{"href":"https:\/\/test2.michel-promo.com\/hr\/wp-json\/wp\/v2\/types\/product"}],"version-history":[{"count":0,"href":"https:\/\/test2.michel-promo.com\/hr\/wp-json\/wp\/v2\/product\/380916\/revisions"}],"wp:featuredmedia":[{"embeddable":true,"href":"https:\/\/test2.michel-promo.com\/hr\/wp-json\/wp\/v2\/media\/395720"}],"wp:attachment":[{"href":"https:\/\/test2.michel-promo.com\/hr\/wp-json\/wp\/v2\/media?parent=380916"}],"wp:term":[{"taxonomy":"product_brand","embeddable":true,"href":"https:\/\/test2.michel-promo.com\/hr\/wp-json\/wp\/v2\/product_brand?post=380916"},{"taxonomy":"product_cat","embeddable":true,"href":"https:\/\/test2.michel-promo.com\/hr\/wp-json\/wp\/v2\/product_cat?post=380916"},{"taxonomy":"product_tag","embeddable":true,"href":"https:\/\/test2.michel-promo.com\/hr\/wp-json\/wp\/v2\/product_tag?post=380916"}],"curies":[{"name":"radni list","href":"https:\/\/api.w.org\/{rel}","templated":true}]}}