{"id":380947,"date":"2025-05-05T00:13:47","date_gmt":"2025-05-04T22:13:47","guid":{"rendered":"https:\/\/test2.michel-promo.com\/en\/product\/womens-crew-jacket-2-0\/"},"modified":"2025-08-14T14:41:24","modified_gmt":"2025-08-14T12:41:24","slug":"womens-crew-jacket-2-0","status":"publish","type":"product","link":"https:\/\/test2.michel-promo.com\/hr\/proizvod-2\/womens-crew-jacket-2-0\/","title":{"rendered":"\u017denska okrugla jakna 2.0"},"content":{"rendered":"<p>Na\u0161a \u017eenska jedrili\u010darska jakna Crew 2.0 postala je svestrana i osnovna odje\u0107a koja se koristi u raznim aktivnostima, od jedrili\u010darskih utrka do izleta u grad. Zahvaljuju\u0107i na\u0161oj HELLY TECH\u00ae Protection tehnologiji, jakna je otporna na vjetar, vodootporna i prozra\u010dna. A\u017eurirana podstava ima taft u rukavima tako da je jedrili\u010dari mogu lako skidati i obla\u010diti. Artikulirana ramena i laktovi tako\u0111er omogu\u0107uju slobodu kretanja. Podesivi man\u017eetni i vezica na rubu omogu\u0107uju personalizirano i udobno pristajanje, a ima i ovratnik od \u010detkanog flisa i d\u017eepove za ruke za dodatnu toplinu.<\/p>","protected":false},"excerpt":{"rendered":"<p>Tisak na zahtjev. Mogu\u0107nost koli\u010dinskog popusta.<\/p>","protected":false},"featured_media":378808,"template":"","meta":{"_acf_changed":false},"product_brand":[],"product_cat":[175,238,90],"product_tag":[],"class_list":{"0":"post-380947","1":"product","2":"type-product","3":"status-publish","4":"has-post-thumbnail","6":"product_cat-jackets","7":"product_cat-kataloski","8":"product_cat-textiles-and-fashion","10":"first","11":"instock","12":"taxable","13":"shipping-taxable","14":"purchasable","15":"product-type-variable"},"acf":[],"_links":{"self":[{"href":"https:\/\/test2.michel-promo.com\/hr\/wp-json\/wp\/v2\/product\/380947","targetHints":{"allow":["GET"]}}],"collection":[{"href":"https:\/\/test2.michel-promo.com\/hr\/wp-json\/wp\/v2\/product"}],"about":[{"href":"https:\/\/test2.michel-promo.com\/hr\/wp-json\/wp\/v2\/types\/product"}],"version-history":[{"count":0,"href":"https:\/\/test2.michel-promo.com\/hr\/wp-json\/wp\/v2\/product\/380947\/revisions"}],"wp:featuredmedia":[{"embeddable":true,"href":"https:\/\/test2.michel-promo.com\/hr\/wp-json\/wp\/v2\/media\/378808"}],"wp:attachment":[{"href":"https:\/\/test2.michel-promo.com\/hr\/wp-json\/wp\/v2\/media?parent=380947"}],"wp:term":[{"taxonomy":"product_brand","embeddable":true,"href":"https:\/\/test2.michel-promo.com\/hr\/wp-json\/wp\/v2\/product_brand?post=380947"},{"taxonomy":"product_cat","embeddable":true,"href":"https:\/\/test2.michel-promo.com\/hr\/wp-json\/wp\/v2\/product_cat?post=380947"},{"taxonomy":"product_tag","embeddable":true,"href":"https:\/\/test2.michel-promo.com\/hr\/wp-json\/wp\/v2\/product_tag?post=380947"}],"curies":[{"name":"radni list","href":"https:\/\/api.w.org\/{rel}","templated":true}]}}