{"id":380996,"date":"2025-05-05T00:15:38","date_gmt":"2025-05-04T22:15:38","guid":{"rendered":"https:\/\/test2.michel-promo.com\/en\/product\/16-oz-wide-flex-sip-lid\/"},"modified":"2025-08-14T14:43:21","modified_gmt":"2025-08-14T12:43:21","slug":"16-oz-wide-flex-sip-lid","status":"publish","type":"product","link":"https:\/\/test2.michel-promo.com\/hr\/proizvod-2\/16-oz-wide-flex-sip-lid\/","title":{"rendered":"\u0160iroki fleksibilni poklopac za gutljaj od 473 ml"},"content":{"rendered":"<p>Kava za ponijeti, bilo da je va\u0161 prvi gutljaj u kuhinji, automobilu ili na kampu, boca za kavu od 473 ml s fleksibilnim poklopcem omogu\u0107uje vam u\u017eivanje u omiljenoj kavi bez curenja. Zato samo naprijed, zapo\u010dnite dan s povjerenjem i znajte da \u0107e va\u0161 omiljeni napitak biti uz vas. Vi\u0161ekratna upotreba poma\u017ee u smanjenju potro\u0161nje plastike i drugog materijala za jednokratnu upotrebu.<\/p>","protected":false},"excerpt":{"rendered":"<p>Tisak na zahtjev. Mogu\u0107nost koli\u010dinskog popusta.<\/p>","protected":false},"featured_media":378988,"template":"","meta":{"_acf_changed":false},"product_brand":[],"product_cat":[101,81,238],"product_tag":[],"class_list":{"0":"post-380996","1":"product","2":"type-product","3":"status-publish","4":"has-post-thumbnail","6":"product_cat-bottles-and-drink-accessories","7":"product_cat-food-and-drink","8":"product_cat-kataloski","10":"first","11":"instock","12":"taxable","13":"shipping-taxable","14":"purchasable","15":"product-type-variable"},"acf":[],"_links":{"self":[{"href":"https:\/\/test2.michel-promo.com\/hr\/wp-json\/wp\/v2\/product\/380996","targetHints":{"allow":["GET"]}}],"collection":[{"href":"https:\/\/test2.michel-promo.com\/hr\/wp-json\/wp\/v2\/product"}],"about":[{"href":"https:\/\/test2.michel-promo.com\/hr\/wp-json\/wp\/v2\/types\/product"}],"version-history":[{"count":0,"href":"https:\/\/test2.michel-promo.com\/hr\/wp-json\/wp\/v2\/product\/380996\/revisions"}],"wp:featuredmedia":[{"embeddable":true,"href":"https:\/\/test2.michel-promo.com\/hr\/wp-json\/wp\/v2\/media\/378988"}],"wp:attachment":[{"href":"https:\/\/test2.michel-promo.com\/hr\/wp-json\/wp\/v2\/media?parent=380996"}],"wp:term":[{"taxonomy":"product_brand","embeddable":true,"href":"https:\/\/test2.michel-promo.com\/hr\/wp-json\/wp\/v2\/product_brand?post=380996"},{"taxonomy":"product_cat","embeddable":true,"href":"https:\/\/test2.michel-promo.com\/hr\/wp-json\/wp\/v2\/product_cat?post=380996"},{"taxonomy":"product_tag","embeddable":true,"href":"https:\/\/test2.michel-promo.com\/hr\/wp-json\/wp\/v2\/product_tag?post=380996"}],"curies":[{"name":"radni list","href":"https:\/\/api.w.org\/{rel}","templated":true}]}}