{"id":381000,"date":"2025-05-05T00:15:41","date_gmt":"2025-05-04T22:15:41","guid":{"rendered":"https:\/\/test2.michel-promo.com\/en\/product\/21-oz-standard-flex-cap\/"},"modified":"2025-08-14T14:43:21","modified_gmt":"2025-08-14T12:43:21","slug":"21-oz-standard-flex-cap","status":"publish","type":"product","link":"https:\/\/test2.michel-promo.com\/hr\/proizvod-2\/21-oz-standard-flex-cap\/","title":{"rendered":"Standardni fleksibilni \u010dep od 21 oz"},"content":{"rendered":"<p>Odr\u017eavanje unosa teku\u0107ine je jednostavno kada imate ovog prijenosnog suputnika za putovanja. Bez obzira idete li u teretanu ili na kratki izlet u drugi kraj grada, lako mo\u017eete ponijeti osvje\u017eenje sa sobom. Hydro Flask boce poma\u017eu u smanjenju potro\u0161nje plastike i drugih proizvoda za jednokratnu upotrebu.<\/p>","protected":false},"excerpt":{"rendered":"<p>Tisak na zahtjev. Mogu\u0107nost koli\u010dinskog popusta.<\/p>","protected":false},"featured_media":395803,"template":"","meta":{"_acf_changed":false},"product_brand":[],"product_cat":[101,81,238],"product_tag":[],"class_list":{"0":"post-381000","1":"product","2":"type-product","3":"status-publish","4":"has-post-thumbnail","6":"product_cat-bottles-and-drink-accessories","7":"product_cat-food-and-drink","8":"product_cat-kataloski","10":"first","11":"instock","12":"taxable","13":"shipping-taxable","14":"purchasable","15":"product-type-variable"},"acf":[],"_links":{"self":[{"href":"https:\/\/test2.michel-promo.com\/hr\/wp-json\/wp\/v2\/product\/381000","targetHints":{"allow":["GET"]}}],"collection":[{"href":"https:\/\/test2.michel-promo.com\/hr\/wp-json\/wp\/v2\/product"}],"about":[{"href":"https:\/\/test2.michel-promo.com\/hr\/wp-json\/wp\/v2\/types\/product"}],"version-history":[{"count":0,"href":"https:\/\/test2.michel-promo.com\/hr\/wp-json\/wp\/v2\/product\/381000\/revisions"}],"wp:featuredmedia":[{"embeddable":true,"href":"https:\/\/test2.michel-promo.com\/hr\/wp-json\/wp\/v2\/media\/395803"}],"wp:attachment":[{"href":"https:\/\/test2.michel-promo.com\/hr\/wp-json\/wp\/v2\/media?parent=381000"}],"wp:term":[{"taxonomy":"product_brand","embeddable":true,"href":"https:\/\/test2.michel-promo.com\/hr\/wp-json\/wp\/v2\/product_brand?post=381000"},{"taxonomy":"product_cat","embeddable":true,"href":"https:\/\/test2.michel-promo.com\/hr\/wp-json\/wp\/v2\/product_cat?post=381000"},{"taxonomy":"product_tag","embeddable":true,"href":"https:\/\/test2.michel-promo.com\/hr\/wp-json\/wp\/v2\/product_tag?post=381000"}],"curies":[{"name":"radni list","href":"https:\/\/api.w.org\/{rel}","templated":true}]}}