{"id":381003,"date":"2025-05-05T00:15:49","date_gmt":"2025-05-04T22:15:49","guid":{"rendered":"https:\/\/test2.michel-promo.com\/en\/product\/40oz-all-around-travel-tumbler\/"},"modified":"2025-08-14T14:43:34","modified_gmt":"2025-08-14T12:43:34","slug":"40oz-all-around-travel-tumbler","status":"publish","type":"product","link":"https:\/\/test2.michel-promo.com\/hr\/proizvod-2\/40oz-all-around-travel-tumbler\/","title":{"rendered":"40oz vi\u0161enamjenska putna \u010da\u0161a"},"content":{"rendered":"<p>Nova putna \u010da\u0161a za \u010da\u0161e tu je da biste vi\u0161e hidrirali, a manje punili. Vrlo udobna i izuzetno izdr\u017eljiva ru\u010dka podi\u017ee je na vi\u0161u razinu, a velika veli\u010dina mo\u017ee se koristiti bilo gdje, \u010dak i u ve\u0107ini dr\u017ea\u010da za \u010da\u0161e. Dvostruka stijenka TempShield\u00ae izolacije osigurava da hladno ostane hladno, a fleksibilna slamka omogu\u0107uje lako ispijanje na bilo koji na\u010din.<\/p>","protected":false},"excerpt":{"rendered":"<p>Tisak na zahtjev. Mogu\u0107nost koli\u010dinskog popusta.<\/p>","protected":false},"featured_media":379014,"template":"","meta":{"_acf_changed":false},"product_brand":[],"product_cat":[101,81,238],"product_tag":[],"class_list":{"0":"post-381003","1":"product","2":"type-product","3":"status-publish","4":"has-post-thumbnail","6":"product_cat-bottles-and-drink-accessories","7":"product_cat-food-and-drink","8":"product_cat-kataloski","10":"first","11":"instock","12":"taxable","13":"shipping-taxable","14":"purchasable","15":"product-type-variable"},"acf":[],"yoast_head":"<!-- This site is optimized with the Yoast SEO plugin v27.5 - https:\/\/yoast.com\/product\/yoast-seo-wordpress\/ -->\n<title>40oz All Around Travel Tumbler &#8212; Michel Promo<\/title>\n<meta name=\"robots\" content=\"noindex, follow, max-snippet:-1, max-image-preview:large, max-video-preview:-1\" \/>\n<meta property=\"og:locale\" content=\"hr_HR\" \/>\n<meta property=\"og:type\" content=\"article\" \/>\n<meta property=\"og:title\" content=\"40oz All Around Travel Tumbler &#8212; Michel Promo\" \/>\n<meta property=\"og:description\" content=\"Print on request. Quantity discount available.\" \/>\n<meta property=\"og:url\" content=\"https:\/\/test2.michel-promo.com\/hr\/proizvod-2\/40oz-all-around-travel-tumbler\/\" \/>\n<meta property=\"og:site_name\" content=\"Michel Promo\" \/>\n<meta property=\"article:modified_time\" content=\"2025-08-14T12:43:34+00:00\" \/>\n<meta property=\"og:image\" content=\"http:\/\/test2.michel-promo.com\/wp-content\/uploads\/2025\/05\/TT40PS-INDIGO-FR.jpg\" \/>\n\t<meta property=\"og:image:width\" content=\"530\" \/>\n\t<meta property=\"og:image:height\" content=\"530\" \/>\n\t<meta property=\"og:image:type\" content=\"image\/jpeg\" \/>\n<meta name=\"twitter:card\" content=\"summary_large_image\" \/>\n<script type=\"application\/ld+json\" class=\"yoast-schema-graph\">{\"@context\":\"https:\\\/\\\/schema.org\",\"@graph\":[{\"@type\":\"WebPage\",\"@id\":\"https:\\\/\\\/test2.michel-promo.com\\\/product\\\/40oz-all-around-travel-tumbler\\\/\",\"url\":\"https:\\\/\\\/test2.michel-promo.com\\\/product\\\/40oz-all-around-travel-tumbler\\\/\",\"name\":\"40oz All Around Travel Tumbler &#8212; Michel Promo\",\"isPartOf\":{\"@id\":\"https:\\\/\\\/test2.michel-promo.com\\\/#website\"},\"primaryImageOfPage\":{\"@id\":\"https:\\\/\\\/test2.michel-promo.com\\\/product\\\/40oz-all-around-travel-tumbler\\\/#primaryimage\"},\"image\":{\"@id\":\"https:\\\/\\\/test2.michel-promo.com\\\/product\\\/40oz-all-around-travel-tumbler\\\/#primaryimage\"},\"thumbnailUrl\":\"https:\\\/\\\/test2.michel-promo.com\\\/wp-content\\\/uploads\\\/2025\\\/05\\\/TT40PS-INDIGO-FR.jpg\",\"datePublished\":\"2025-05-04T22:15:49+00:00\",\"dateModified\":\"2025-08-14T12:43:34+00:00\",\"breadcrumb\":{\"@id\":\"https:\\\/\\\/test2.michel-promo.com\\\/product\\\/40oz-all-around-travel-tumbler\\\/#breadcrumb\"},\"inLanguage\":\"hr\",\"potentialAction\":[{\"@type\":\"ReadAction\",\"target\":[\"https:\\\/\\\/test2.michel-promo.com\\\/product\\\/40oz-all-around-travel-tumbler\\\/\"]}]},{\"@type\":\"ImageObject\",\"inLanguage\":\"hr\",\"@id\":\"https:\\\/\\\/test2.michel-promo.com\\\/product\\\/40oz-all-around-travel-tumbler\\\/#primaryimage\",\"url\":\"https:\\\/\\\/test2.michel-promo.com\\\/wp-content\\\/uploads\\\/2025\\\/05\\\/TT40PS-INDIGO-FR.jpg\",\"contentUrl\":\"https:\\\/\\\/test2.michel-promo.com\\\/wp-content\\\/uploads\\\/2025\\\/05\\\/TT40PS-INDIGO-FR.jpg\",\"width\":530,\"height\":530},{\"@type\":\"BreadcrumbList\",\"@id\":\"https:\\\/\\\/test2.michel-promo.com\\\/product\\\/40oz-all-around-travel-tumbler\\\/#breadcrumb\",\"itemListElement\":[{\"@type\":\"ListItem\",\"position\":1,\"name\":\"Po\u010detna stranica\",\"item\":\"https:\\\/\\\/test2.michel-promo.com\\\/\"},{\"@type\":\"ListItem\",\"position\":2,\"name\":\"Shop\",\"item\":\"https:\\\/\\\/test2.michel-promo.com\\\/en\\\/shop\\\/\"},{\"@type\":\"ListItem\",\"position\":3,\"name\":\"40oz All Around Travel Tumbler\"}]},{\"@type\":\"WebSite\",\"@id\":\"https:\\\/\\\/test2.michel-promo.com\\\/#website\",\"url\":\"https:\\\/\\\/test2.michel-promo.com\\\/\",\"name\":\"Michel Promo - Webshop promotivnih materijala\",\"description\":\"Poslovni pokloni i promo materijali\",\"publisher\":{\"@id\":\"https:\\\/\\\/test2.michel-promo.com\\\/#organization\"},\"alternateName\":\"Webshop promotivnih materijala\",\"potentialAction\":[{\"@type\":\"SearchAction\",\"target\":{\"@type\":\"EntryPoint\",\"urlTemplate\":\"https:\\\/\\\/test2.michel-promo.com\\\/?s={search_term_string}\"},\"query-input\":{\"@type\":\"PropertyValueSpecification\",\"valueRequired\":true,\"valueName\":\"search_term_string\"}}],\"inLanguage\":\"hr\"},{\"@type\":\"Organization\",\"@id\":\"https:\\\/\\\/test2.michel-promo.com\\\/#organization\",\"name\":\"Michel Promo\",\"alternateName\":\"Studio promotivnih materijala\",\"url\":\"https:\\\/\\\/test2.michel-promo.com\\\/\",\"logo\":{\"@type\":\"ImageObject\",\"inLanguage\":\"hr\",\"@id\":\"https:\\\/\\\/test2.michel-promo.com\\\/#\\\/schema\\\/logo\\\/image\\\/\",\"url\":\"http:\\\/\\\/test2.michel-promo.com\\\/wp-content\\\/uploads\\\/2024\\\/05\\\/cropped-Widget-logo.png\",\"contentUrl\":\"http:\\\/\\\/test2.michel-promo.com\\\/wp-content\\\/uploads\\\/2024\\\/05\\\/cropped-Widget-logo.png\",\"width\":512,\"height\":512,\"caption\":\"Michel Promo\"},\"image\":{\"@id\":\"https:\\\/\\\/test2.michel-promo.com\\\/#\\\/schema\\\/logo\\\/image\\\/\"},\"sameAs\":[\"https:\\\/\\\/www.instagram.com\\\/promo_michel\\\/\",\"https:\\\/\\\/www.linkedin.com\\\/company\\\/michel-promo\\\/\"]}]}<\/script>\n<!-- \/ Yoast SEO plugin. -->","yoast_head_json":{"title":"Vi\u0161enamjenska putna \u010da\u0161a od 122,5 ml \u2014 Michel Promo","robots":{"index":"noindex","follow":"follow","max-snippet":"max-snippet:-1","max-image-preview":"max-image-preview:large","max-video-preview":"max-video-preview:-1"},"og_locale":"hr_HR","og_type":"article","og_title":"40oz All Around Travel Tumbler &#8212; Michel Promo","og_description":"Print on request. Quantity discount available.","og_url":"https:\/\/test2.michel-promo.com\/hr\/proizvod-2\/40oz-all-around-travel-tumbler\/","og_site_name":"Michel Promo","article_modified_time":"2025-08-14T12:43:34+00:00","og_image":[{"width":530,"height":530,"url":"http:\/\/test2.michel-promo.com\/wp-content\/uploads\/2025\/05\/TT40PS-INDIGO-FR.jpg","type":"image\/jpeg"}],"twitter_card":"summary_large_image","schema":{"@context":"https:\/\/schema.org","@graph":[{"@type":"WebPage","@id":"https:\/\/test2.michel-promo.com\/product\/40oz-all-around-travel-tumbler\/","url":"https:\/\/test2.michel-promo.com\/product\/40oz-all-around-travel-tumbler\/","name":"Vi\u0161enamjenska putna \u010da\u0161a od 122,5 ml \u2014 Michel Promo","isPartOf":{"@id":"https:\/\/test2.michel-promo.com\/#website"},"primaryImageOfPage":{"@id":"https:\/\/test2.michel-promo.com\/product\/40oz-all-around-travel-tumbler\/#primaryimage"},"image":{"@id":"https:\/\/test2.michel-promo.com\/product\/40oz-all-around-travel-tumbler\/#primaryimage"},"thumbnailUrl":"https:\/\/test2.michel-promo.com\/wp-content\/uploads\/2025\/05\/TT40PS-INDIGO-FR.jpg","datePublished":"2025-05-04T22:15:49+00:00","dateModified":"2025-08-14T12:43:34+00:00","breadcrumb":{"@id":"https:\/\/test2.michel-promo.com\/product\/40oz-all-around-travel-tumbler\/#breadcrumb"},"inLanguage":"hr","potentialAction":[{"@type":"ReadAction","target":["https:\/\/test2.michel-promo.com\/product\/40oz-all-around-travel-tumbler\/"]}]},{"@type":"ImageObject","inLanguage":"hr","@id":"https:\/\/test2.michel-promo.com\/product\/40oz-all-around-travel-tumbler\/#primaryimage","url":"https:\/\/test2.michel-promo.com\/wp-content\/uploads\/2025\/05\/TT40PS-INDIGO-FR.jpg","contentUrl":"https:\/\/test2.michel-promo.com\/wp-content\/uploads\/2025\/05\/TT40PS-INDIGO-FR.jpg","width":530,"height":530},{"@type":"BreadcrumbList","@id":"https:\/\/test2.michel-promo.com\/product\/40oz-all-around-travel-tumbler\/#breadcrumb","itemListElement":[{"@type":"ListItem","position":1,"name":"Po\u010detna stranica","item":"https:\/\/test2.michel-promo.com\/"},{"@type":"ListItem","position":2,"name":"Shop","item":"https:\/\/test2.michel-promo.com\/en\/shop\/"},{"@type":"ListItem","position":3,"name":"40oz All Around Travel Tumbler"}]},{"@type":"WebSite","@id":"https:\/\/test2.michel-promo.com\/#website","url":"https:\/\/test2.michel-promo.com\/","name":"Michel Promo - Webshop promotivnih materijala","description":"Poslovni pokloni i promo materijali","publisher":{"@id":"https:\/\/test2.michel-promo.com\/#organization"},"alternateName":"Webshop promotivnih materijala","potentialAction":[{"@type":"SearchAction","target":{"@type":"EntryPoint","urlTemplate":"https:\/\/test2.michel-promo.com\/?s={search_term_string}"},"query-input":{"@type":"PropertyValueSpecification","valueRequired":true,"valueName":"search_term_string"}}],"inLanguage":"hr"},{"@type":"Organization","@id":"https:\/\/test2.michel-promo.com\/#organization","name":"Michel Promo","alternateName":"Studio promotivnih materijala","url":"https:\/\/test2.michel-promo.com\/","logo":{"@type":"ImageObject","inLanguage":"hr","@id":"https:\/\/test2.michel-promo.com\/#\/schema\/logo\/image\/","url":"http:\/\/test2.michel-promo.com\/wp-content\/uploads\/2024\/05\/cropped-Widget-logo.png","contentUrl":"http:\/\/test2.michel-promo.com\/wp-content\/uploads\/2024\/05\/cropped-Widget-logo.png","width":512,"height":512,"caption":"Michel Promo"},"image":{"@id":"https:\/\/test2.michel-promo.com\/#\/schema\/logo\/image\/"},"sameAs":["https:\/\/www.instagram.com\/promo_michel\/","https:\/\/www.linkedin.com\/company\/michel-promo\/"]}]}},"_links":{"self":[{"href":"https:\/\/test2.michel-promo.com\/hr\/wp-json\/wp\/v2\/product\/381003","targetHints":{"allow":["GET"]}}],"collection":[{"href":"https:\/\/test2.michel-promo.com\/hr\/wp-json\/wp\/v2\/product"}],"about":[{"href":"https:\/\/test2.michel-promo.com\/hr\/wp-json\/wp\/v2\/types\/product"}],"version-history":[{"count":0,"href":"https:\/\/test2.michel-promo.com\/hr\/wp-json\/wp\/v2\/product\/381003\/revisions"}],"wp:featuredmedia":[{"embeddable":true,"href":"https:\/\/test2.michel-promo.com\/hr\/wp-json\/wp\/v2\/media\/379014"}],"wp:attachment":[{"href":"https:\/\/test2.michel-promo.com\/hr\/wp-json\/wp\/v2\/media?parent=381003"}],"wp:term":[{"taxonomy":"product_brand","embeddable":true,"href":"https:\/\/test2.michel-promo.com\/hr\/wp-json\/wp\/v2\/product_brand?post=381003"},{"taxonomy":"product_cat","embeddable":true,"href":"https:\/\/test2.michel-promo.com\/hr\/wp-json\/wp\/v2\/product_cat?post=381003"},{"taxonomy":"product_tag","embeddable":true,"href":"https:\/\/test2.michel-promo.com\/hr\/wp-json\/wp\/v2\/product_tag?post=381003"}],"curies":[{"name":"radni list","href":"https:\/\/api.w.org\/{rel}","templated":true}]}}