{"id":381423,"date":"2025-05-05T00:24:14","date_gmt":"2025-05-04T22:24:14","guid":{"rendered":"https:\/\/test2.michel-promo.com\/en\/product\/arcane-large-daypack\/"},"modified":"2025-08-14T14:50:15","modified_gmt":"2025-08-14T12:50:15","slug":"arcane-large-daypack","status":"publish","type":"product","link":"https:\/\/test2.michel-promo.com\/hr\/proizvod-2\/arcane-large-daypack\/","title":{"rendered":"Veliki ruksak Arcane"},"content":{"rendered":"<p>Arcane Large Day je elegantan, potpuno opremljen ruksak dizajniran za aktivan svakodnevni stil \u017eivota. Kori\u0161tene tkanine su 100% reciklirane i dovoljno izdr\u017eljive da izdr\u017ee test vremena, a opet pru\u017eaju elegantnu minimalisti\u010dku estetiku. \u010cvrsti metalni dijelovi upotpunjuju izdr\u017eljiv dizajn osiguravaju\u0107i dugotrajnost, a tkani detalji u\u0161iveni na prednjoj plo\u010di pru\u017eaju jedinstven, privla\u010dan zavr\u0161etak. Unutarnji podstavljeni d\u017eep za prijenosno ra\u010dunalo, unutarnji d\u017eepovi za organizaciju i 20 litara prostora osiguravaju da ste vi\u0161e nego opremljeni za no\u0161enje svega \u0161to vam je potrebno za dan koji je pred vama. Izvana se vanjski patentni zatvara\u010d otvara cijelom duljinom ruksaka s jedne strane, omogu\u0107uju\u0107i vam jednostavan pristup va\u0161im stvarima. Vanjski horizontalni d\u017eep otporan na ogrebotine zna\u010di da su vam i osnovne stvari uvijek pri ruci. Ovo je ruksak koji je stvoren u divljini, ali prilago\u0111en svakodnevnom, aktivnom stilu \u017eivota.<\/p>","protected":false},"excerpt":{"rendered":"<p>Tisak na zahtjev. Mogu\u0107nost koli\u010dinskog popusta.<\/p>","protected":false},"featured_media":381421,"template":"","meta":{"_acf_changed":false},"product_brand":[],"product_cat":[80,238],"product_tag":[],"class_list":{"0":"post-381423","1":"product","2":"type-product","3":"status-publish","4":"has-post-thumbnail","6":"product_cat-bags-and-travel","7":"product_cat-kataloski","9":"first","10":"instock","11":"taxable","12":"shipping-taxable","13":"purchasable","14":"product-type-variable"},"acf":[],"_links":{"self":[{"href":"https:\/\/test2.michel-promo.com\/hr\/wp-json\/wp\/v2\/product\/381423","targetHints":{"allow":["GET"]}}],"collection":[{"href":"https:\/\/test2.michel-promo.com\/hr\/wp-json\/wp\/v2\/product"}],"about":[{"href":"https:\/\/test2.michel-promo.com\/hr\/wp-json\/wp\/v2\/types\/product"}],"version-history":[{"count":0,"href":"https:\/\/test2.michel-promo.com\/hr\/wp-json\/wp\/v2\/product\/381423\/revisions"}],"wp:featuredmedia":[{"embeddable":true,"href":"https:\/\/test2.michel-promo.com\/hr\/wp-json\/wp\/v2\/media\/381421"}],"wp:attachment":[{"href":"https:\/\/test2.michel-promo.com\/hr\/wp-json\/wp\/v2\/media?parent=381423"}],"wp:term":[{"taxonomy":"product_brand","embeddable":true,"href":"https:\/\/test2.michel-promo.com\/hr\/wp-json\/wp\/v2\/product_brand?post=381423"},{"taxonomy":"product_cat","embeddable":true,"href":"https:\/\/test2.michel-promo.com\/hr\/wp-json\/wp\/v2\/product_cat?post=381423"},{"taxonomy":"product_tag","embeddable":true,"href":"https:\/\/test2.michel-promo.com\/hr\/wp-json\/wp\/v2\/product_tag?post=381423"}],"curies":[{"name":"radni list","href":"https:\/\/api.w.org\/{rel}","templated":true}]}}