{"id":381426,"date":"2025-05-05T00:24:15","date_gmt":"2025-05-04T22:24:15","guid":{"rendered":"https:\/\/test2.michel-promo.com\/en\/product\/arcane-roll-top\/"},"modified":"2025-08-14T14:50:16","modified_gmt":"2025-08-14T12:50:16","slug":"arcane-roll-top","status":"publish","type":"product","link":"https:\/\/test2.michel-promo.com\/hr\/proizvod-2\/arcane-roll-top\/","title":{"rendered":"Arcane Roll Top"},"content":{"rendered":"<p>Prekrasno izra\u0111ena torba za svakodnevnu upotrebu, Arcane Roll Top, dizajnirana je kako bi odgovarala raznim scenarijima i izdr\u017eala zahtjeve svakodnevne upotrebe. Spakirajte je s osnovnim stvarima za svaki dan i nosite je iz ureda u teretanu ili u pub. Izra\u0111ena od izdr\u017eljive certificirane reciklirane tkanine, intuitivnih jednostavnih zna\u010dajki i iznena\u0111uju\u0107e udobnog no\u0161enja. Odlikuje se \u010distim linijama, modernim hardverom i roll-topom.<\/p>","protected":false},"excerpt":{"rendered":"<p>Tisak na zahtjev. Mogu\u0107nost koli\u010dinskog popusta.<\/p>","protected":false},"featured_media":381424,"template":"","meta":{"_acf_changed":false},"product_brand":[],"product_cat":[80,238],"product_tag":[],"class_list":{"0":"post-381426","1":"product","2":"type-product","3":"status-publish","4":"has-post-thumbnail","6":"product_cat-bags-and-travel","7":"product_cat-kataloski","9":"first","10":"instock","11":"taxable","12":"shipping-taxable","13":"purchasable","14":"product-type-variable"},"acf":[],"_links":{"self":[{"href":"https:\/\/test2.michel-promo.com\/hr\/wp-json\/wp\/v2\/product\/381426","targetHints":{"allow":["GET"]}}],"collection":[{"href":"https:\/\/test2.michel-promo.com\/hr\/wp-json\/wp\/v2\/product"}],"about":[{"href":"https:\/\/test2.michel-promo.com\/hr\/wp-json\/wp\/v2\/types\/product"}],"version-history":[{"count":0,"href":"https:\/\/test2.michel-promo.com\/hr\/wp-json\/wp\/v2\/product\/381426\/revisions"}],"wp:featuredmedia":[{"embeddable":true,"href":"https:\/\/test2.michel-promo.com\/hr\/wp-json\/wp\/v2\/media\/381424"}],"wp:attachment":[{"href":"https:\/\/test2.michel-promo.com\/hr\/wp-json\/wp\/v2\/media?parent=381426"}],"wp:term":[{"taxonomy":"product_brand","embeddable":true,"href":"https:\/\/test2.michel-promo.com\/hr\/wp-json\/wp\/v2\/product_brand?post=381426"},{"taxonomy":"product_cat","embeddable":true,"href":"https:\/\/test2.michel-promo.com\/hr\/wp-json\/wp\/v2\/product_cat?post=381426"},{"taxonomy":"product_tag","embeddable":true,"href":"https:\/\/test2.michel-promo.com\/hr\/wp-json\/wp\/v2\/product_tag?post=381426"}],"curies":[{"name":"radni list","href":"https:\/\/api.w.org\/{rel}","templated":true}]}}