{"id":381434,"date":"2025-05-05T00:24:31","date_gmt":"2025-05-04T22:24:31","guid":{"rendered":"https:\/\/test2.michel-promo.com\/en\/product\/daylite\/"},"modified":"2025-08-14T14:50:38","modified_gmt":"2025-08-14T12:50:38","slug":"daylite","status":"publish","type":"product","link":"https:\/\/test2.michel-promo.com\/hr\/proizvod-2\/daylite\/","title":{"rendered":"Dnevna svjetlost"},"content":{"rendered":"<p>Lagan, jednostavan, izdr\u017eljiv i udoban, Daylite je omiljen s razlogom. Posegnite za njim kada obavljate svakodnevne poslove, idete na kratku \u0161etnju ili izlazite iz grada. Izra\u0111en od visokokvalitetnih recikliranih tkanina odobrenih od strane Bluesigna, recikliranog najlona s GRS certifikatom i DWR premaza bez PFC-a. Svestran s mogu\u0107no\u0161\u0107u pri\u010dvr\u0161\u0107ivanja na razne druge Osprey torbe, Daylite mo\u017ee izdr\u017eati godine svakodnevnog no\u0161enja.<\/p>","protected":false},"excerpt":{"rendered":"<p>Tisak na zahtjev. Mogu\u0107nost koli\u010dinskog popusta.<\/p>","protected":false},"featured_media":381432,"template":"","meta":{"_acf_changed":false},"product_brand":[],"product_cat":[80,238],"product_tag":[],"class_list":{"0":"post-381434","1":"product","2":"type-product","3":"status-publish","4":"has-post-thumbnail","6":"product_cat-bags-and-travel","7":"product_cat-kataloski","9":"first","10":"instock","11":"taxable","12":"shipping-taxable","13":"purchasable","14":"product-type-variable"},"acf":[],"_links":{"self":[{"href":"https:\/\/test2.michel-promo.com\/hr\/wp-json\/wp\/v2\/product\/381434","targetHints":{"allow":["GET"]}}],"collection":[{"href":"https:\/\/test2.michel-promo.com\/hr\/wp-json\/wp\/v2\/product"}],"about":[{"href":"https:\/\/test2.michel-promo.com\/hr\/wp-json\/wp\/v2\/types\/product"}],"version-history":[{"count":0,"href":"https:\/\/test2.michel-promo.com\/hr\/wp-json\/wp\/v2\/product\/381434\/revisions"}],"wp:featuredmedia":[{"embeddable":true,"href":"https:\/\/test2.michel-promo.com\/hr\/wp-json\/wp\/v2\/media\/381432"}],"wp:attachment":[{"href":"https:\/\/test2.michel-promo.com\/hr\/wp-json\/wp\/v2\/media?parent=381434"}],"wp:term":[{"taxonomy":"product_brand","embeddable":true,"href":"https:\/\/test2.michel-promo.com\/hr\/wp-json\/wp\/v2\/product_brand?post=381434"},{"taxonomy":"product_cat","embeddable":true,"href":"https:\/\/test2.michel-promo.com\/hr\/wp-json\/wp\/v2\/product_cat?post=381434"},{"taxonomy":"product_tag","embeddable":true,"href":"https:\/\/test2.michel-promo.com\/hr\/wp-json\/wp\/v2\/product_tag?post=381434"}],"curies":[{"name":"radni list","href":"https:\/\/api.w.org\/{rel}","templated":true}]}}