{"id":381438,"date":"2025-05-05T00:24:36","date_gmt":"2025-05-04T22:24:36","guid":{"rendered":"https:\/\/test2.michel-promo.com\/en\/product\/quasar\/"},"modified":"2025-08-14T14:50:38","modified_gmt":"2025-08-14T12:50:38","slug":"quasar","status":"publish","type":"product","link":"https:\/\/test2.michel-promo.com\/hr\/proizvod-2\/quasar\/","title":{"rendered":"Kvazar"},"content":{"rendered":"<p>Izdr\u017eljiv, pouzdan i opremljen za suo\u010davanje s dnevnim izazovima, tanak i elegantan Quasar je ruksak koji \u0107ete posezati iz dana u dan, s dovoljno prostora za va\u0161e svakodnevne potrebe i pametnim zna\u010dajkama koje olak\u0161avaju va\u0161u rutinu. Prozra\u010dna stra\u017enja plo\u010da i mekani remen omogu\u0107uju udobno no\u0161enje bez obzira putujete li na posao, \u0161kolu, tr\u017enicu ili u svoj omiljeni kafi\u0107. Pretinac za prijenosno ra\u010dunalo od 13 cm \u0161titi va\u0161e elektroni\u010dke ure\u0111aje, organizacija d\u017eepova na prednjoj plo\u010di dr\u017ei male potrep\u0161tine pri ruci i na njihovom mjestu, a vanjska elasti\u010dna traka osigurava predmete koji su vam potrebni u trenutku. Podesivi remen za prsa i gornja kompresija poma\u017eu u stabilizaciji va\u0161ih stvari, a bo\u010dni d\u017eepovi za boce s vodom odr\u017eavaju vas hidriranima u pokretu. Prekrasno izra\u0111en od 100% recikliranih tkanina odobrenih od strane Bluesigna za dugotrajan ruksak bez trajnog utjecaja na okoli\u0161.<\/p>","protected":false},"excerpt":{"rendered":"<p>Tisak na zahtjev. Mogu\u0107nost koli\u010dinskog popusta.<\/p>","protected":false},"featured_media":395926,"template":"","meta":{"_acf_changed":false},"product_brand":[],"product_cat":[80,238],"product_tag":[],"class_list":{"0":"post-381438","1":"product","2":"type-product","3":"status-publish","4":"has-post-thumbnail","6":"product_cat-bags-and-travel","7":"product_cat-kataloski","9":"first","10":"instock","11":"taxable","12":"shipping-taxable","13":"purchasable","14":"product-type-variable"},"acf":[],"_links":{"self":[{"href":"https:\/\/test2.michel-promo.com\/hr\/wp-json\/wp\/v2\/product\/381438","targetHints":{"allow":["GET"]}}],"collection":[{"href":"https:\/\/test2.michel-promo.com\/hr\/wp-json\/wp\/v2\/product"}],"about":[{"href":"https:\/\/test2.michel-promo.com\/hr\/wp-json\/wp\/v2\/types\/product"}],"version-history":[{"count":0,"href":"https:\/\/test2.michel-promo.com\/hr\/wp-json\/wp\/v2\/product\/381438\/revisions"}],"wp:featuredmedia":[{"embeddable":true,"href":"https:\/\/test2.michel-promo.com\/hr\/wp-json\/wp\/v2\/media\/395926"}],"wp:attachment":[{"href":"https:\/\/test2.michel-promo.com\/hr\/wp-json\/wp\/v2\/media?parent=381438"}],"wp:term":[{"taxonomy":"product_brand","embeddable":true,"href":"https:\/\/test2.michel-promo.com\/hr\/wp-json\/wp\/v2\/product_brand?post=381438"},{"taxonomy":"product_cat","embeddable":true,"href":"https:\/\/test2.michel-promo.com\/hr\/wp-json\/wp\/v2\/product_cat?post=381438"},{"taxonomy":"product_tag","embeddable":true,"href":"https:\/\/test2.michel-promo.com\/hr\/wp-json\/wp\/v2\/product_tag?post=381438"}],"curies":[{"name":"radni list","href":"https:\/\/api.w.org\/{rel}","templated":true}]}}