{"id":381445,"date":"2025-05-05T00:24:49","date_gmt":"2025-05-04T22:24:49","guid":{"rendered":"https:\/\/test2.michel-promo.com\/en\/product\/rolling-transporter-40\/"},"modified":"2025-08-14T14:51:08","modified_gmt":"2025-08-14T12:51:08","slug":"rolling-transporter-40","status":"publish","type":"product","link":"https:\/\/test2.michel-promo.com\/hr\/proizvod-2\/rolling-transporter-40\/","title":{"rendered":"Vu\u010dni transporter 40"},"content":{"rendered":"<p>Organizirajte i za\u0161titite manje predmete opreme ili odje\u0107u, izvrsno za vikend u inozemstvu ili na putovanju. Transporter Wheeled Duffel 40 veli\u010dine za ru\u010dnu prtljagu \u010duvat \u0107e va\u0161u opremu i odje\u0107u sigurnima na svakom putovanju. HighRoad Chassis ima \u010dvrst, lagan aluminijski okvir s produljivom ru\u010dkom i velikim kota\u010dima za glatko kretanje. Preklapaju\u0107e zavjesice za ki\u0161u i patentni zatvara\u010di otporni na vremenske uvjete \u0161tite sadr\u017eaj od vremenskih uvjeta, a vi\u0161e ru\u010dki omogu\u0107uje jednostavno utovarivanje. Izra\u0111en od izdr\u017eljivog, recikliranog poliestera s TPU premazom, odobrenog od strane Bluesigna, s DWR premazom bez PFC-a koji odvodi vlagu.<\/p>","protected":false},"excerpt":{"rendered":"<p>Tisak na zahtjev. Mogu\u0107nost koli\u010dinskog popusta.<\/p>","protected":false},"featured_media":395929,"template":"","meta":{"_acf_changed":false},"product_brand":[],"product_cat":[80,238],"product_tag":[],"class_list":{"0":"post-381445","1":"product","2":"type-product","3":"status-publish","4":"has-post-thumbnail","6":"product_cat-bags-and-travel","7":"product_cat-kataloski","9":"first","10":"instock","11":"taxable","12":"shipping-taxable","13":"purchasable","14":"product-type-variable"},"acf":[],"_links":{"self":[{"href":"https:\/\/test2.michel-promo.com\/hr\/wp-json\/wp\/v2\/product\/381445","targetHints":{"allow":["GET"]}}],"collection":[{"href":"https:\/\/test2.michel-promo.com\/hr\/wp-json\/wp\/v2\/product"}],"about":[{"href":"https:\/\/test2.michel-promo.com\/hr\/wp-json\/wp\/v2\/types\/product"}],"version-history":[{"count":0,"href":"https:\/\/test2.michel-promo.com\/hr\/wp-json\/wp\/v2\/product\/381445\/revisions"}],"wp:featuredmedia":[{"embeddable":true,"href":"https:\/\/test2.michel-promo.com\/hr\/wp-json\/wp\/v2\/media\/395929"}],"wp:attachment":[{"href":"https:\/\/test2.michel-promo.com\/hr\/wp-json\/wp\/v2\/media?parent=381445"}],"wp:term":[{"taxonomy":"product_brand","embeddable":true,"href":"https:\/\/test2.michel-promo.com\/hr\/wp-json\/wp\/v2\/product_brand?post=381445"},{"taxonomy":"product_cat","embeddable":true,"href":"https:\/\/test2.michel-promo.com\/hr\/wp-json\/wp\/v2\/product_cat?post=381445"},{"taxonomy":"product_tag","embeddable":true,"href":"https:\/\/test2.michel-promo.com\/hr\/wp-json\/wp\/v2\/product_tag?post=381445"}],"curies":[{"name":"radni list","href":"https:\/\/api.w.org\/{rel}","templated":true}]}}