{"id":381452,"date":"2025-05-05T00:24:58","date_gmt":"2025-05-04T22:24:58","guid":{"rendered":"https:\/\/test2.michel-promo.com\/en\/product\/rolling-transporter-60\/"},"modified":"2025-08-14T14:51:08","modified_gmt":"2025-08-14T12:51:08","slug":"rolling-transporter-60","status":"publish","type":"product","link":"https:\/\/test2.michel-promo.com\/hr\/proizvod-2\/rolling-transporter-60\/","title":{"rendered":"Vu\u010dni transporter 60"},"content":{"rendered":"<p>Posegnite za Transporter Wheeled Duffel 60 kada vam je teret prete\u017eak za standardnu torbu. Ova radna torba za prijevoz opreme izgra\u0111ena je na na\u0161oj robusnoj HighRoad \u0161asiji s predimenzioniranim kota\u010dima kako bi s lako\u0107om savladala kaldrmu i ispucali beton. Ova torba srednje veli\u010dine savr\u0161ena je za tjedne avanture ili vikende s puno opreme. Mre\u017easti pretinac s patentnim zatvara\u010dem na poklopcu dr\u017ei osnovne stvari pri ruci, dok dvostrani TPU premaz i predimenzionirani gornji poklopac dr\u017ee elemente pod kontrolom. Ova torba je odr\u017eivo izra\u0111ena od recikliranih materijala odobrenih od strane Bluesigna s DWR tretmanom bez PFC-a koji odvodi vlagu.<\/p>","protected":false},"excerpt":{"rendered":"<p>Tisak na zahtjev. Mogu\u0107nost koli\u010dinskog popusta.<\/p>","protected":false},"featured_media":395933,"template":"","meta":{"_acf_changed":false},"product_brand":[],"product_cat":[80,238],"product_tag":[],"class_list":{"0":"post-381452","1":"product","2":"type-product","3":"status-publish","4":"has-post-thumbnail","6":"product_cat-bags-and-travel","7":"product_cat-kataloski","9":"first","10":"instock","11":"taxable","12":"shipping-taxable","13":"purchasable","14":"product-type-variable"},"acf":[],"_links":{"self":[{"href":"https:\/\/test2.michel-promo.com\/hr\/wp-json\/wp\/v2\/product\/381452","targetHints":{"allow":["GET"]}}],"collection":[{"href":"https:\/\/test2.michel-promo.com\/hr\/wp-json\/wp\/v2\/product"}],"about":[{"href":"https:\/\/test2.michel-promo.com\/hr\/wp-json\/wp\/v2\/types\/product"}],"version-history":[{"count":0,"href":"https:\/\/test2.michel-promo.com\/hr\/wp-json\/wp\/v2\/product\/381452\/revisions"}],"wp:featuredmedia":[{"embeddable":true,"href":"https:\/\/test2.michel-promo.com\/hr\/wp-json\/wp\/v2\/media\/395933"}],"wp:attachment":[{"href":"https:\/\/test2.michel-promo.com\/hr\/wp-json\/wp\/v2\/media?parent=381452"}],"wp:term":[{"taxonomy":"product_brand","embeddable":true,"href":"https:\/\/test2.michel-promo.com\/hr\/wp-json\/wp\/v2\/product_brand?post=381452"},{"taxonomy":"product_cat","embeddable":true,"href":"https:\/\/test2.michel-promo.com\/hr\/wp-json\/wp\/v2\/product_cat?post=381452"},{"taxonomy":"product_tag","embeddable":true,"href":"https:\/\/test2.michel-promo.com\/hr\/wp-json\/wp\/v2\/product_tag?post=381452"}],"curies":[{"name":"radni list","href":"https:\/\/api.w.org\/{rel}","templated":true}]}}