{"id":381458,"date":"2025-05-05T00:25:04","date_gmt":"2025-05-04T22:25:04","guid":{"rendered":"https:\/\/test2.michel-promo.com\/en\/product\/transporter-40\/"},"modified":"2025-08-14T14:51:08","modified_gmt":"2025-08-14T12:51:08","slug":"transporter-40","status":"publish","type":"product","link":"https:\/\/test2.michel-promo.com\/hr\/proizvod-2\/transporter-40\/","title":{"rendered":"Transporter 40"},"content":{"rendered":"<p>Organizirajte i za\u0161titite svoju malu opremu ili odje\u0107u u Transporter Duffel 40. Odlikuje se robusnim, vremenski otpornim tkaninama koje \u0161tite unutarnji sadr\u017eaj i udobnim pojasom za no\u0161enje. Savr\u0161ena je za pohranu opreme ili kao suputnik na kratkom putovanju \u2013 ovo je vi\u0161e od prosje\u010dne putne torbe. Izra\u0111ena od recikliranog poliestera odobrenog od strane Bluesigna s dvostranim TPU premazom iznutra i izvana, \u010dvrstim okovom, ukru\u0107enom glavnom tkaninom sa za\u0161titnim nagla\u0161enim rebrima, preklapaju\u0107im patentnim zatvara\u010dem i DWR premazom bez PFC-a koji \u0161titi va\u0161u opremu od vremenskih uvjeta.<\/p>","protected":false},"excerpt":{"rendered":"<p>Tisak na zahtjev. Mogu\u0107nost koli\u010dinskog popusta.<\/p>","protected":false},"featured_media":395937,"template":"","meta":{"_acf_changed":false},"product_brand":[],"product_cat":[80,238],"product_tag":[],"class_list":{"0":"post-381458","1":"product","2":"type-product","3":"status-publish","4":"has-post-thumbnail","6":"product_cat-bags-and-travel","7":"product_cat-kataloski","9":"first","10":"instock","11":"taxable","12":"shipping-taxable","13":"purchasable","14":"product-type-variable"},"acf":[],"_links":{"self":[{"href":"https:\/\/test2.michel-promo.com\/hr\/wp-json\/wp\/v2\/product\/381458","targetHints":{"allow":["GET"]}}],"collection":[{"href":"https:\/\/test2.michel-promo.com\/hr\/wp-json\/wp\/v2\/product"}],"about":[{"href":"https:\/\/test2.michel-promo.com\/hr\/wp-json\/wp\/v2\/types\/product"}],"version-history":[{"count":0,"href":"https:\/\/test2.michel-promo.com\/hr\/wp-json\/wp\/v2\/product\/381458\/revisions"}],"wp:featuredmedia":[{"embeddable":true,"href":"https:\/\/test2.michel-promo.com\/hr\/wp-json\/wp\/v2\/media\/395937"}],"wp:attachment":[{"href":"https:\/\/test2.michel-promo.com\/hr\/wp-json\/wp\/v2\/media?parent=381458"}],"wp:term":[{"taxonomy":"product_brand","embeddable":true,"href":"https:\/\/test2.michel-promo.com\/hr\/wp-json\/wp\/v2\/product_brand?post=381458"},{"taxonomy":"product_cat","embeddable":true,"href":"https:\/\/test2.michel-promo.com\/hr\/wp-json\/wp\/v2\/product_cat?post=381458"},{"taxonomy":"product_tag","embeddable":true,"href":"https:\/\/test2.michel-promo.com\/hr\/wp-json\/wp\/v2\/product_tag?post=381458"}],"curies":[{"name":"radni list","href":"https:\/\/api.w.org\/{rel}","templated":true}]}}