{"id":381463,"date":"2025-05-05T00:25:13","date_gmt":"2025-05-04T22:25:13","guid":{"rendered":"https:\/\/test2.michel-promo.com\/en\/product\/transporter-95\/"},"modified":"2025-08-14T14:51:30","modified_gmt":"2025-08-14T12:51:30","slug":"transporter-95","status":"publish","type":"product","link":"https:\/\/test2.michel-promo.com\/hr\/proizvod-2\/transporter-95\/","title":{"rendered":"Transporter 95"},"content":{"rendered":"<p>Ponesite i pohranite svu opremu u Transporter Duffel 95. Robusne, vremenske otporne tkanine \u0161tite od vremenskih uvjeta, a pojas za odlaganje se rasklapa za udobno no\u0161enje. Brzo pristupite manjim predmetima u d\u017eepovima s patentnim zatvara\u010dem. Izra\u0111ena od recikliranog glavnog dijela, dna i podloge poliestera 100% odobrenog od strane Bluesigna, \u010dvrste kop\u010de, preklapaju\u0107eg patentnog zatvara\u010da i DWR premaza izra\u0111enog bez PFAS-a koji \u0161titi va\u0161u opremu od vremenskih uvjeta.<\/p>","protected":false},"excerpt":{"rendered":"<p>Tisak na zahtjev. Mogu\u0107nost koli\u010dinskog popusta.<\/p>","protected":false},"featured_media":395940,"template":"","meta":{"_acf_changed":false},"product_brand":[],"product_cat":[80,238],"product_tag":[],"class_list":{"0":"post-381463","1":"product","2":"type-product","3":"status-publish","4":"has-post-thumbnail","6":"product_cat-bags-and-travel","7":"product_cat-kataloski","9":"first","10":"instock","11":"taxable","12":"shipping-taxable","13":"purchasable","14":"product-type-variable"},"acf":[],"_links":{"self":[{"href":"https:\/\/test2.michel-promo.com\/hr\/wp-json\/wp\/v2\/product\/381463","targetHints":{"allow":["GET"]}}],"collection":[{"href":"https:\/\/test2.michel-promo.com\/hr\/wp-json\/wp\/v2\/product"}],"about":[{"href":"https:\/\/test2.michel-promo.com\/hr\/wp-json\/wp\/v2\/types\/product"}],"version-history":[{"count":0,"href":"https:\/\/test2.michel-promo.com\/hr\/wp-json\/wp\/v2\/product\/381463\/revisions"}],"wp:featuredmedia":[{"embeddable":true,"href":"https:\/\/test2.michel-promo.com\/hr\/wp-json\/wp\/v2\/media\/395940"}],"wp:attachment":[{"href":"https:\/\/test2.michel-promo.com\/hr\/wp-json\/wp\/v2\/media?parent=381463"}],"wp:term":[{"taxonomy":"product_brand","embeddable":true,"href":"https:\/\/test2.michel-promo.com\/hr\/wp-json\/wp\/v2\/product_brand?post=381463"},{"taxonomy":"product_cat","embeddable":true,"href":"https:\/\/test2.michel-promo.com\/hr\/wp-json\/wp\/v2\/product_cat?post=381463"},{"taxonomy":"product_tag","embeddable":true,"href":"https:\/\/test2.michel-promo.com\/hr\/wp-json\/wp\/v2\/product_tag?post=381463"}],"curies":[{"name":"radni list","href":"https:\/\/api.w.org\/{rel}","templated":true}]}}