{"id":381512,"date":"2025-05-05T00:26:03","date_gmt":"2025-05-04T22:26:03","guid":{"rendered":"https:\/\/test2.michel-promo.com\/en\/product\/mens-downpour-pants\/"},"modified":"2025-08-14T14:53:03","modified_gmt":"2025-08-14T12:53:03","slug":"mens-downpour-pants","status":"publish","type":"product","link":"https:\/\/test2.michel-promo.com\/hr\/proizvod-2\/mens-downpour-pants\/","title":{"rendered":"Mu\u0161ke hla\u010de za pljusak"},"content":{"rendered":"<p>Osnovni proizvod za planinarenje i planinarenje, ove svestrane vodootporne hla\u010de izra\u0111ene su od 2,5 sloja Pertex Shielda, \u0161to ih \u010dini udobnima i mekanima na dodir. S patentnim zatvara\u010dem duljine 3\/4 lako se navla\u010de preko \u010dizama u slu\u010daju iznenadnog pljuska.<\/p>","protected":false},"excerpt":{"rendered":"<p>Tisak na zahtjev. Mogu\u0107nost koli\u010dinskog popusta.<\/p>","protected":false},"featured_media":395956,"template":"","meta":{"_acf_changed":false},"product_brand":[],"product_cat":[238,90],"product_tag":[],"class_list":{"0":"post-381512","1":"product","2":"type-product","3":"status-publish","4":"has-post-thumbnail","6":"product_cat-kataloski","7":"product_cat-textiles-and-fashion","9":"first","10":"instock","11":"taxable","12":"shipping-taxable","13":"purchasable","14":"product-type-variable"},"acf":[],"_links":{"self":[{"href":"https:\/\/test2.michel-promo.com\/hr\/wp-json\/wp\/v2\/product\/381512","targetHints":{"allow":["GET"]}}],"collection":[{"href":"https:\/\/test2.michel-promo.com\/hr\/wp-json\/wp\/v2\/product"}],"about":[{"href":"https:\/\/test2.michel-promo.com\/hr\/wp-json\/wp\/v2\/types\/product"}],"version-history":[{"count":0,"href":"https:\/\/test2.michel-promo.com\/hr\/wp-json\/wp\/v2\/product\/381512\/revisions"}],"wp:featuredmedia":[{"embeddable":true,"href":"https:\/\/test2.michel-promo.com\/hr\/wp-json\/wp\/v2\/media\/395956"}],"wp:attachment":[{"href":"https:\/\/test2.michel-promo.com\/hr\/wp-json\/wp\/v2\/media?parent=381512"}],"wp:term":[{"taxonomy":"product_brand","embeddable":true,"href":"https:\/\/test2.michel-promo.com\/hr\/wp-json\/wp\/v2\/product_brand?post=381512"},{"taxonomy":"product_cat","embeddable":true,"href":"https:\/\/test2.michel-promo.com\/hr\/wp-json\/wp\/v2\/product_cat?post=381512"},{"taxonomy":"product_tag","embeddable":true,"href":"https:\/\/test2.michel-promo.com\/hr\/wp-json\/wp\/v2\/product_tag?post=381512"}],"curies":[{"name":"radni list","href":"https:\/\/api.w.org\/{rel}","templated":true}]}}