{"id":381528,"date":"2025-05-05T00:26:17","date_gmt":"2025-05-04T22:26:17","guid":{"rendered":"https:\/\/test2.michel-promo.com\/en\/product\/mens-force-tee\/"},"modified":"2025-08-14T14:53:03","modified_gmt":"2025-08-14T12:53:03","slug":"mens-force-tee","status":"publish","type":"product","link":"https:\/\/test2.michel-promo.com\/hr\/proizvod-2\/mens-force-tee\/","title":{"rendered":"Mu\u0161ka majica Force"},"content":{"rendered":"<p>Jednostavna, lagana i brzosu\u0161e\u0107a majica kratkih rukava Force je uskog kroja i udobna. Savr\u0161ena za planinarenje, penjanje i tr\u010danje po planinama, Force majica je mekana na ko\u017ei i brzo upija vlagu, izra\u0111ena od Motiv tkanine. S zavr\u0161nom obradom koja kontrolira mirise, Force majica je idealna za vi\u0161ednevne avanture. Ima spu\u0161tene ramenske \u0161avove za udobnost s ruksakom i idealna je kao osnovni sloj ili za pokrivanje tijekom sun\u010danih dana uz liticu.<\/p>","protected":false},"excerpt":{"rendered":"<p>Tisak na zahtjev. Mogu\u0107nost koli\u010dinskog popusta.<\/p>","protected":false},"featured_media":395959,"template":"","meta":{"_acf_changed":false},"product_brand":[],"product_cat":[238,183,90],"product_tag":[],"class_list":{"0":"post-381528","1":"product","2":"type-product","3":"status-publish","4":"has-post-thumbnail","6":"product_cat-kataloski","7":"product_cat-t-shirts","8":"product_cat-textiles-and-fashion","10":"first","11":"instock","12":"taxable","13":"shipping-taxable","14":"purchasable","15":"product-type-variable"},"acf":[],"_links":{"self":[{"href":"https:\/\/test2.michel-promo.com\/hr\/wp-json\/wp\/v2\/product\/381528","targetHints":{"allow":["GET"]}}],"collection":[{"href":"https:\/\/test2.michel-promo.com\/hr\/wp-json\/wp\/v2\/product"}],"about":[{"href":"https:\/\/test2.michel-promo.com\/hr\/wp-json\/wp\/v2\/types\/product"}],"version-history":[{"count":0,"href":"https:\/\/test2.michel-promo.com\/hr\/wp-json\/wp\/v2\/product\/381528\/revisions"}],"wp:featuredmedia":[{"embeddable":true,"href":"https:\/\/test2.michel-promo.com\/hr\/wp-json\/wp\/v2\/media\/395959"}],"wp:attachment":[{"href":"https:\/\/test2.michel-promo.com\/hr\/wp-json\/wp\/v2\/media?parent=381528"}],"wp:term":[{"taxonomy":"product_brand","embeddable":true,"href":"https:\/\/test2.michel-promo.com\/hr\/wp-json\/wp\/v2\/product_brand?post=381528"},{"taxonomy":"product_cat","embeddable":true,"href":"https:\/\/test2.michel-promo.com\/hr\/wp-json\/wp\/v2\/product_cat?post=381528"},{"taxonomy":"product_tag","embeddable":true,"href":"https:\/\/test2.michel-promo.com\/hr\/wp-json\/wp\/v2\/product_tag?post=381528"}],"curies":[{"name":"radni list","href":"https:\/\/api.w.org\/{rel}","templated":true}]}}