{"id":381628,"date":"2025-05-05T00:28:58","date_gmt":"2025-05-04T22:28:58","guid":{"rendered":"https:\/\/test2.michel-promo.com\/en\/product\/mens-microlight-alpine-jacket\/"},"modified":"2025-08-14T14:55:59","modified_gmt":"2025-08-14T12:55:59","slug":"mens-microlight-alpine-jacket","status":"publish","type":"product","link":"https:\/\/test2.michel-promo.com\/hr\/proizvod-2\/mens-microlight-alpine-jacket\/","title":{"rendered":"Mu\u0161ka ultralagana alpska jakna"},"content":{"rendered":"<p>A\u017eurirano s recikliranim tkaninama od recikliranog paperja, mikro i nano pregradama s pro\u0161ivima. Na\u0161a klasi\u010dna perjana jakna s kapulja\u010dom lagana je, lako se pakira i pru\u017ea trenutnu toplinu kada temperatura padne u planinama.<\/p>","protected":false},"excerpt":{"rendered":"<p>Tisak na zahtjev. Mogu\u0107nost koli\u010dinskog popusta.<\/p>","protected":false},"featured_media":396003,"template":"","meta":{"_acf_changed":false},"product_brand":[],"product_cat":[175,238,90],"product_tag":[],"class_list":{"0":"post-381628","1":"product","2":"type-product","3":"status-publish","4":"has-post-thumbnail","6":"product_cat-jackets","7":"product_cat-kataloski","8":"product_cat-textiles-and-fashion","10":"first","11":"instock","12":"taxable","13":"shipping-taxable","14":"purchasable","15":"product-type-variable"},"acf":[],"_links":{"self":[{"href":"https:\/\/test2.michel-promo.com\/hr\/wp-json\/wp\/v2\/product\/381628","targetHints":{"allow":["GET"]}}],"collection":[{"href":"https:\/\/test2.michel-promo.com\/hr\/wp-json\/wp\/v2\/product"}],"about":[{"href":"https:\/\/test2.michel-promo.com\/hr\/wp-json\/wp\/v2\/types\/product"}],"version-history":[{"count":0,"href":"https:\/\/test2.michel-promo.com\/hr\/wp-json\/wp\/v2\/product\/381628\/revisions"}],"wp:featuredmedia":[{"embeddable":true,"href":"https:\/\/test2.michel-promo.com\/hr\/wp-json\/wp\/v2\/media\/396003"}],"wp:attachment":[{"href":"https:\/\/test2.michel-promo.com\/hr\/wp-json\/wp\/v2\/media?parent=381628"}],"wp:term":[{"taxonomy":"product_brand","embeddable":true,"href":"https:\/\/test2.michel-promo.com\/hr\/wp-json\/wp\/v2\/product_brand?post=381628"},{"taxonomy":"product_cat","embeddable":true,"href":"https:\/\/test2.michel-promo.com\/hr\/wp-json\/wp\/v2\/product_cat?post=381628"},{"taxonomy":"product_tag","embeddable":true,"href":"https:\/\/test2.michel-promo.com\/hr\/wp-json\/wp\/v2\/product_tag?post=381628"}],"curies":[{"name":"radni list","href":"https:\/\/api.w.org\/{rel}","templated":true}]}}