{"id":384667,"date":"2025-06-24T11:32:42","date_gmt":"2025-06-24T09:32:42","guid":{"rendered":"https:\/\/test2.michel-promo.com\/en\/product\/multifunctional-emergency-knife-primo\/"},"modified":"2025-08-12T22:23:02","modified_gmt":"2025-08-12T20:23:02","slug":"multifunctional-emergency-knife-primo","status":"publish","type":"product","link":"https:\/\/test2.michel-promo.com\/hr\/proizvod-2\/multifunctional-emergency-knife-primo\/","title":{"rendered":"Vi\u0161enamjenski no\u017e za hitne slu\u010dajeve Primo"},"content":{"rendered":"<p>Vi\u0161enamjenski sklopivi no\u017e dizajniran s obzirom na izdr\u017eljivost, sigurnost i svestranost, savr\u0161en za svakodnevnu upotrebu, kao i za hitne situacije. Njegova \u010dvrsta konstrukcija i ergonomski detalji \u010dine ga nezamjenjivim alatom za ljubitelje prirode, majstore i one koji cijene prakti\u010dne dodatke.<\/p>\n<p>\u2022 Djelomi\u010dno nazubljena o\u0161trica izra\u0111ena od izdr\u017eljivog nehr\u0111aju\u0107eg \u010delika, osigurava precizno rezanje i jednostavno rukovanje raznim materijalima.<br \/>\n\u2022 Sklopivi dizajn: Kompaktna veli\u010dina kada se sklopi, omogu\u0107uje jednostavno skladi\u0161tenje i prenosivost.<br \/>\n\u2022 Ergonomska ru\u010dka: \u010cvrsta ru\u010dka oblo\u017eena protukliznim ABS materijalom, pru\u017eaju\u0107i siguran hvat i sigurnost tijekom upotrebe.<br \/>\n\u2022 Ugra\u0111eni reza\u010d sigurnosnog pojasa, idealan za hitne slu\u010dajeve.<br \/>\n\u2022 Razbija\u010d stakla izra\u0111en od volframa \u2013 iznimno tvrdog i otpornog materijala, idealnog za razbijanje stakla u kriti\u010dnim situacijama.<br \/>\n\u2022 \u010cvrsti mehanizam zaklju\u010davanja: U\u010dvr\u0161\u0107uje o\u0161tricu u otvorenom polo\u017eaju, sprje\u010davaju\u0107i slu\u010dajno zatvaranje tijekom upotrebe.<br \/>\n\u2022 Kompaktan dizajn: Lako se nosi u d\u017eepu, ruksaku ili pretincu za rukavice u vozilu.<\/p>","protected":false},"excerpt":{"rendered":"<p>Tisak na zahtjev. Mogu\u0107nost koli\u010dinskog popusta.<\/p>","protected":false},"featured_media":384665,"template":"","meta":{"_acf_changed":false},"product_brand":[],"product_cat":[85,148,238],"product_tag":[],"class_list":{"0":"post-384667","1":"product","2":"type-product","3":"status-publish","4":"has-post-thumbnail","6":"product_cat-keys-tools-and-auto-accessories","7":"product_cat-knives-and-tools","8":"product_cat-kataloski","10":"first","11":"instock","12":"taxable","13":"shipping-taxable","14":"purchasable","15":"product-type-variable"},"acf":[],"yoast_head":"<!-- This site is optimized with the Yoast SEO plugin v27.5 - https:\/\/yoast.com\/product\/yoast-seo-wordpress\/ -->\n<title>Multifunctional Emergency Knife Primo &#8212; Michel Promo<\/title>\n<meta name=\"robots\" content=\"noindex, follow, max-snippet:-1, max-image-preview:large, max-video-preview:-1\" \/>\n<meta property=\"og:locale\" content=\"hr_HR\" \/>\n<meta property=\"og:type\" content=\"article\" \/>\n<meta property=\"og:title\" content=\"Multifunctional Emergency Knife Primo &#8212; Michel Promo\" \/>\n<meta property=\"og:description\" content=\"Print on request. Quantity discount available.\" \/>\n<meta property=\"og:url\" content=\"https:\/\/test2.michel-promo.com\/hr\/proizvod-2\/multifunctional-emergency-knife-primo\/\" \/>\n<meta property=\"og:site_name\" content=\"Michel Promo\" \/>\n<meta property=\"article:modified_time\" content=\"2025-08-12T20:23:02+00:00\" \/>\n<meta property=\"og:image\" content=\"http:\/\/test2.michel-promo.com\/wp-content\/uploads\/2025\/06\/mk01_11.png\" \/>\n\t<meta property=\"og:image:width\" content=\"3000\" \/>\n\t<meta property=\"og:image:height\" content=\"3000\" \/>\n\t<meta property=\"og:image:type\" content=\"image\/png\" \/>\n<meta name=\"twitter:card\" content=\"summary_large_image\" \/>\n<meta name=\"twitter:label1\" content=\"Procijenjeno vrijeme \u010ditanja\" \/>\n\t<meta name=\"twitter:data1\" content=\"1 minuta\" \/>\n<script type=\"application\/ld+json\" class=\"yoast-schema-graph\">{\"@context\":\"https:\\\/\\\/schema.org\",\"@graph\":[{\"@type\":\"WebPage\",\"@id\":\"https:\\\/\\\/test2.michel-promo.com\\\/en\\\/product\\\/multifunctional-emergency-knife-primo\\\/\",\"url\":\"https:\\\/\\\/test2.michel-promo.com\\\/en\\\/product\\\/multifunctional-emergency-knife-primo\\\/\",\"name\":\"Multifunctional Emergency Knife Primo &#8212; Michel Promo\",\"isPartOf\":{\"@id\":\"https:\\\/\\\/test2.michel-promo.com\\\/#website\"},\"primaryImageOfPage\":{\"@id\":\"https:\\\/\\\/test2.michel-promo.com\\\/en\\\/product\\\/multifunctional-emergency-knife-primo\\\/#primaryimage\"},\"image\":{\"@id\":\"https:\\\/\\\/test2.michel-promo.com\\\/en\\\/product\\\/multifunctional-emergency-knife-primo\\\/#primaryimage\"},\"thumbnailUrl\":\"https:\\\/\\\/test2.michel-promo.com\\\/wp-content\\\/uploads\\\/2025\\\/06\\\/mk01_11.png\",\"datePublished\":\"2025-06-24T09:32:42+00:00\",\"dateModified\":\"2025-08-12T20:23:02+00:00\",\"breadcrumb\":{\"@id\":\"https:\\\/\\\/test2.michel-promo.com\\\/en\\\/product\\\/multifunctional-emergency-knife-primo\\\/#breadcrumb\"},\"inLanguage\":\"hr\",\"potentialAction\":[{\"@type\":\"ReadAction\",\"target\":[\"https:\\\/\\\/test2.michel-promo.com\\\/en\\\/product\\\/multifunctional-emergency-knife-primo\\\/\"]}]},{\"@type\":\"ImageObject\",\"inLanguage\":\"hr\",\"@id\":\"https:\\\/\\\/test2.michel-promo.com\\\/en\\\/product\\\/multifunctional-emergency-knife-primo\\\/#primaryimage\",\"url\":\"https:\\\/\\\/test2.michel-promo.com\\\/wp-content\\\/uploads\\\/2025\\\/06\\\/mk01_11.png\",\"contentUrl\":\"https:\\\/\\\/test2.michel-promo.com\\\/wp-content\\\/uploads\\\/2025\\\/06\\\/mk01_11.png\",\"width\":3000,\"height\":3000},{\"@type\":\"BreadcrumbList\",\"@id\":\"https:\\\/\\\/test2.michel-promo.com\\\/en\\\/product\\\/multifunctional-emergency-knife-primo\\\/#breadcrumb\",\"itemListElement\":[{\"@type\":\"ListItem\",\"position\":1,\"name\":\"Po\u010detna stranica\",\"item\":\"https:\\\/\\\/test2.michel-promo.com\\\/\"},{\"@type\":\"ListItem\",\"position\":2,\"name\":\"Shop\",\"item\":\"https:\\\/\\\/test2.michel-promo.com\\\/en\\\/shop\\\/\"},{\"@type\":\"ListItem\",\"position\":3,\"name\":\"Multifunctional Emergency Knife Primo\"}]},{\"@type\":\"WebSite\",\"@id\":\"https:\\\/\\\/test2.michel-promo.com\\\/#website\",\"url\":\"https:\\\/\\\/test2.michel-promo.com\\\/\",\"name\":\"Michel Promo - Webshop promotivnih materijala\",\"description\":\"Poslovni pokloni i promo materijali\",\"publisher\":{\"@id\":\"https:\\\/\\\/test2.michel-promo.com\\\/#organization\"},\"alternateName\":\"Webshop promotivnih materijala\",\"potentialAction\":[{\"@type\":\"SearchAction\",\"target\":{\"@type\":\"EntryPoint\",\"urlTemplate\":\"https:\\\/\\\/test2.michel-promo.com\\\/?s={search_term_string}\"},\"query-input\":{\"@type\":\"PropertyValueSpecification\",\"valueRequired\":true,\"valueName\":\"search_term_string\"}}],\"inLanguage\":\"hr\"},{\"@type\":\"Organization\",\"@id\":\"https:\\\/\\\/test2.michel-promo.com\\\/#organization\",\"name\":\"Michel Promo\",\"alternateName\":\"Studio promotivnih materijala\",\"url\":\"https:\\\/\\\/test2.michel-promo.com\\\/\",\"logo\":{\"@type\":\"ImageObject\",\"inLanguage\":\"hr\",\"@id\":\"https:\\\/\\\/test2.michel-promo.com\\\/#\\\/schema\\\/logo\\\/image\\\/\",\"url\":\"http:\\\/\\\/test2.michel-promo.com\\\/wp-content\\\/uploads\\\/2024\\\/05\\\/cropped-Widget-logo.png\",\"contentUrl\":\"http:\\\/\\\/test2.michel-promo.com\\\/wp-content\\\/uploads\\\/2024\\\/05\\\/cropped-Widget-logo.png\",\"width\":512,\"height\":512,\"caption\":\"Michel Promo\"},\"image\":{\"@id\":\"https:\\\/\\\/test2.michel-promo.com\\\/#\\\/schema\\\/logo\\\/image\\\/\"},\"sameAs\":[\"https:\\\/\\\/www.instagram.com\\\/promo_michel\\\/\",\"https:\\\/\\\/www.linkedin.com\\\/company\\\/michel-promo\\\/\"]}]}<\/script>\n<!-- \/ Yoast SEO plugin. -->","yoast_head_json":{"title":"Vi\u0161enamjenski no\u017e za hitne slu\u010dajeve Primo \u2014 Michel Promo","robots":{"index":"noindex","follow":"follow","max-snippet":"max-snippet:-1","max-image-preview":"max-image-preview:large","max-video-preview":"max-video-preview:-1"},"og_locale":"hr_HR","og_type":"article","og_title":"Multifunctional Emergency Knife Primo &#8212; Michel Promo","og_description":"Print on request. Quantity discount available.","og_url":"https:\/\/test2.michel-promo.com\/hr\/proizvod-2\/multifunctional-emergency-knife-primo\/","og_site_name":"Michel Promo","article_modified_time":"2025-08-12T20:23:02+00:00","og_image":[{"width":3000,"height":3000,"url":"http:\/\/test2.michel-promo.com\/wp-content\/uploads\/2025\/06\/mk01_11.png","type":"image\/png"}],"twitter_card":"summary_large_image","twitter_misc":{"Procijenjeno vrijeme \u010ditanja":"1 minuta"},"schema":{"@context":"https:\/\/schema.org","@graph":[{"@type":"WebPage","@id":"https:\/\/test2.michel-promo.com\/en\/product\/multifunctional-emergency-knife-primo\/","url":"https:\/\/test2.michel-promo.com\/en\/product\/multifunctional-emergency-knife-primo\/","name":"Vi\u0161enamjenski no\u017e za hitne slu\u010dajeve Primo \u2014 Michel Promo","isPartOf":{"@id":"https:\/\/test2.michel-promo.com\/#website"},"primaryImageOfPage":{"@id":"https:\/\/test2.michel-promo.com\/en\/product\/multifunctional-emergency-knife-primo\/#primaryimage"},"image":{"@id":"https:\/\/test2.michel-promo.com\/en\/product\/multifunctional-emergency-knife-primo\/#primaryimage"},"thumbnailUrl":"https:\/\/test2.michel-promo.com\/wp-content\/uploads\/2025\/06\/mk01_11.png","datePublished":"2025-06-24T09:32:42+00:00","dateModified":"2025-08-12T20:23:02+00:00","breadcrumb":{"@id":"https:\/\/test2.michel-promo.com\/en\/product\/multifunctional-emergency-knife-primo\/#breadcrumb"},"inLanguage":"hr","potentialAction":[{"@type":"ReadAction","target":["https:\/\/test2.michel-promo.com\/en\/product\/multifunctional-emergency-knife-primo\/"]}]},{"@type":"ImageObject","inLanguage":"hr","@id":"https:\/\/test2.michel-promo.com\/en\/product\/multifunctional-emergency-knife-primo\/#primaryimage","url":"https:\/\/test2.michel-promo.com\/wp-content\/uploads\/2025\/06\/mk01_11.png","contentUrl":"https:\/\/test2.michel-promo.com\/wp-content\/uploads\/2025\/06\/mk01_11.png","width":3000,"height":3000},{"@type":"BreadcrumbList","@id":"https:\/\/test2.michel-promo.com\/en\/product\/multifunctional-emergency-knife-primo\/#breadcrumb","itemListElement":[{"@type":"ListItem","position":1,"name":"Po\u010detna stranica","item":"https:\/\/test2.michel-promo.com\/"},{"@type":"ListItem","position":2,"name":"Shop","item":"https:\/\/test2.michel-promo.com\/en\/shop\/"},{"@type":"ListItem","position":3,"name":"Multifunctional Emergency Knife Primo"}]},{"@type":"WebSite","@id":"https:\/\/test2.michel-promo.com\/#website","url":"https:\/\/test2.michel-promo.com\/","name":"Michel Promo - Webshop promotivnih materijala","description":"Poslovni pokloni i promo materijali","publisher":{"@id":"https:\/\/test2.michel-promo.com\/#organization"},"alternateName":"Webshop promotivnih materijala","potentialAction":[{"@type":"SearchAction","target":{"@type":"EntryPoint","urlTemplate":"https:\/\/test2.michel-promo.com\/?s={search_term_string}"},"query-input":{"@type":"PropertyValueSpecification","valueRequired":true,"valueName":"search_term_string"}}],"inLanguage":"hr"},{"@type":"Organization","@id":"https:\/\/test2.michel-promo.com\/#organization","name":"Michel Promo","alternateName":"Studio promotivnih materijala","url":"https:\/\/test2.michel-promo.com\/","logo":{"@type":"ImageObject","inLanguage":"hr","@id":"https:\/\/test2.michel-promo.com\/#\/schema\/logo\/image\/","url":"http:\/\/test2.michel-promo.com\/wp-content\/uploads\/2024\/05\/cropped-Widget-logo.png","contentUrl":"http:\/\/test2.michel-promo.com\/wp-content\/uploads\/2024\/05\/cropped-Widget-logo.png","width":512,"height":512,"caption":"Michel Promo"},"image":{"@id":"https:\/\/test2.michel-promo.com\/#\/schema\/logo\/image\/"},"sameAs":["https:\/\/www.instagram.com\/promo_michel\/","https:\/\/www.linkedin.com\/company\/michel-promo\/"]}]}},"_links":{"self":[{"href":"https:\/\/test2.michel-promo.com\/hr\/wp-json\/wp\/v2\/product\/384667","targetHints":{"allow":["GET"]}}],"collection":[{"href":"https:\/\/test2.michel-promo.com\/hr\/wp-json\/wp\/v2\/product"}],"about":[{"href":"https:\/\/test2.michel-promo.com\/hr\/wp-json\/wp\/v2\/types\/product"}],"version-history":[{"count":0,"href":"https:\/\/test2.michel-promo.com\/hr\/wp-json\/wp\/v2\/product\/384667\/revisions"}],"wp:featuredmedia":[{"embeddable":true,"href":"https:\/\/test2.michel-promo.com\/hr\/wp-json\/wp\/v2\/media\/384665"}],"wp:attachment":[{"href":"https:\/\/test2.michel-promo.com\/hr\/wp-json\/wp\/v2\/media?parent=384667"}],"wp:term":[{"taxonomy":"product_brand","embeddable":true,"href":"https:\/\/test2.michel-promo.com\/hr\/wp-json\/wp\/v2\/product_brand?post=384667"},{"taxonomy":"product_cat","embeddable":true,"href":"https:\/\/test2.michel-promo.com\/hr\/wp-json\/wp\/v2\/product_cat?post=384667"},{"taxonomy":"product_tag","embeddable":true,"href":"https:\/\/test2.michel-promo.com\/hr\/wp-json\/wp\/v2\/product_tag?post=384667"}],"curies":[{"name":"radni list","href":"https:\/\/api.w.org\/{rel}","templated":true}]}}