{"id":385685,"date":"2025-06-25T00:13:09","date_gmt":"2025-06-24T22:13:09","guid":{"rendered":"https:\/\/test2.michel-promo.com\/en\/product\/optima-large-flashlight\/"},"modified":"2025-08-12T22:32:24","modified_gmt":"2025-08-12T20:32:24","slug":"optima-large-flashlight","status":"publish","type":"product","link":"https:\/\/test2.michel-promo.com\/hr\/proizvod-2\/optima-large-flashlight\/","title":{"rendered":"Optima velika svjetiljka"},"content":{"rendered":"<p>Ova visokou\u010dinkovita svjetiljka kombinira izdr\u017eljivost, funkcionalnost i prakti\u010dnost, \u0161to je \u010dini idealnim izborom za razne aktivnosti, od avantura na otvorenom do svakodnevne upotrebe. Izra\u0111ena od robusnog ku\u0107i\u0161ta od aluminijske legure i stakla, svjetiljka je dizajnirana da izdr\u017ei udarce s visine do 1 metra i ima vodootpornu ocjenu IP64, \u0161to osigurava pouzdane performanse u zahtjevnim uvjetima. Ova svjetiljka pru\u017ea sna\u017ean maksimalni izlaz od 1100 lumena s vi\u0161e na\u010dina osvjetljenja: Visoko (1000LM), Srednje (250LM), Nisko (30LM), Stroboskop (1000LM), SOS (250LM).<br \/>\nFunkcija zumiranja se lako pode\u0161ava mehanizmom za guranje i povla\u010denje, omogu\u0107uju\u0107i \u0161iroki snop ili fokusirano svjetlo prema potrebi.<br \/>\nNapaja se litijevom baterijom 18650 (1800 mAh), koja je uklju\u010dena u pakiranje, te nudi dugotrajne performanse. Ugra\u0111eni priklju\u010dak za punjenje na tijelu svjetiljke osigurava prakti\u010dno punjenje. Kompaktna i lagana, svjetiljka se lako nosi i pohranjuje. Njezin elegantan crni dizajn dodaje da\u0161ak elegancije njezinoj robusnoj funkcionalnosti. Izdr\u017eljiva, pouzdana i svestrana, ova svjetiljka savr\u0161ena je za svaku situaciju koja zahtijeva pouzdano osvjetljenje.<\/p>\n<p>Tehni\u010dka specifikacija<br \/>\n\u2022 Materijal: Ku\u0107i\u0161te od aluminijske legure, staklo<br \/>\n\u2022 Vrsta LED diode: Kineska 5050 LED dioda<br \/>\n\u2022 Maksimalni izlaz: 1100 lumena<br \/>\n\u2022 Na\u010dini osvjetljenja: Visoko: 1000 lumena, Srednje: 250 lumena, Nisko: 30 lumena, Stroboskop: 1000 lumena, SOS: 250 lumena<br \/>\n\u2022 Funkcija zumiranja: Podesiva zraka s mehanizmom za guranje i povla\u010denje<br \/>\n\u2022 Vrsta baterije: 18650 litijeva baterija (1800 mAh, uklju\u010dena)<br \/>\n\u2022 Priklju\u010dak za punjenje: Ugra\u0111en na tijelu svjetiljke<br \/>\n\u2022 Otpornost na udarce: 1 metar<br \/>\n\u2022 Razina vodootpornosti: IP64<br \/>\n\u2022 Dimenzije: 36 mm x 153 mm<br \/>\n\u2022 Jamstvo: 2 godine<br \/>\n\u2022 ROHS certifikat<\/p>","protected":false},"excerpt":{"rendered":"<p>Tisak na zahtjev. Mogu\u0107nost koli\u010dinskog popusta.<\/p>","protected":false},"featured_media":385681,"template":"","meta":{"_acf_changed":false},"product_brand":[],"product_cat":[152,85,238],"product_tag":[],"class_list":{"0":"post-385685","1":"product","2":"type-product","3":"status-publish","4":"has-post-thumbnail","6":"product_cat-flashlights","7":"product_cat-keys-tools-and-auto-accessories","8":"product_cat-kataloski","10":"first","11":"instock","12":"taxable","13":"shipping-taxable","14":"purchasable","15":"product-type-variable"},"acf":[],"yoast_head":"<!-- This site is optimized with the Yoast SEO plugin v27.5 - https:\/\/yoast.com\/product\/yoast-seo-wordpress\/ -->\n<title>Optima Large Flashlight &#8212; Michel Promo<\/title>\n<meta name=\"robots\" content=\"noindex, follow, max-snippet:-1, max-image-preview:large, max-video-preview:-1\" \/>\n<meta property=\"og:locale\" content=\"hr_HR\" \/>\n<meta property=\"og:type\" content=\"article\" \/>\n<meta property=\"og:title\" content=\"Optima Large Flashlight &#8212; Michel Promo\" \/>\n<meta property=\"og:description\" content=\"Print on request. Quantity discount available.\" \/>\n<meta property=\"og:url\" content=\"https:\/\/test2.michel-promo.com\/hr\/proizvod-2\/optima-large-flashlight\/\" \/>\n<meta property=\"og:site_name\" content=\"Michel Promo\" \/>\n<meta property=\"article:modified_time\" content=\"2025-08-12T20:32:24+00:00\" \/>\n<meta property=\"og:image\" content=\"http:\/\/test2.michel-promo.com\/wp-content\/uploads\/2025\/06\/mt06-1024x1024.png\" \/>\n\t<meta property=\"og:image:width\" content=\"1024\" \/>\n\t<meta property=\"og:image:height\" content=\"1024\" \/>\n\t<meta property=\"og:image:type\" content=\"image\/png\" \/>\n<meta name=\"twitter:card\" content=\"summary_large_image\" \/>\n<meta name=\"twitter:label1\" content=\"Procijenjeno vrijeme \u010ditanja\" \/>\n\t<meta name=\"twitter:data1\" content=\"1 minuta\" \/>\n<script type=\"application\/ld+json\" class=\"yoast-schema-graph\">{\"@context\":\"https:\\\/\\\/schema.org\",\"@graph\":[{\"@type\":\"WebPage\",\"@id\":\"https:\\\/\\\/test2.michel-promo.com\\\/product\\\/optima-large-flashlight\\\/\",\"url\":\"https:\\\/\\\/test2.michel-promo.com\\\/product\\\/optima-large-flashlight\\\/\",\"name\":\"Optima Large Flashlight &#8212; Michel Promo\",\"isPartOf\":{\"@id\":\"https:\\\/\\\/test2.michel-promo.com\\\/#website\"},\"primaryImageOfPage\":{\"@id\":\"https:\\\/\\\/test2.michel-promo.com\\\/product\\\/optima-large-flashlight\\\/#primaryimage\"},\"image\":{\"@id\":\"https:\\\/\\\/test2.michel-promo.com\\\/product\\\/optima-large-flashlight\\\/#primaryimage\"},\"thumbnailUrl\":\"https:\\\/\\\/test2.michel-promo.com\\\/wp-content\\\/uploads\\\/2025\\\/06\\\/mt06.png\",\"datePublished\":\"2025-06-24T22:13:09+00:00\",\"dateModified\":\"2025-08-12T20:32:24+00:00\",\"breadcrumb\":{\"@id\":\"https:\\\/\\\/test2.michel-promo.com\\\/product\\\/optima-large-flashlight\\\/#breadcrumb\"},\"inLanguage\":\"hr\",\"potentialAction\":[{\"@type\":\"ReadAction\",\"target\":[\"https:\\\/\\\/test2.michel-promo.com\\\/product\\\/optima-large-flashlight\\\/\"]}]},{\"@type\":\"ImageObject\",\"inLanguage\":\"hr\",\"@id\":\"https:\\\/\\\/test2.michel-promo.com\\\/product\\\/optima-large-flashlight\\\/#primaryimage\",\"url\":\"https:\\\/\\\/test2.michel-promo.com\\\/wp-content\\\/uploads\\\/2025\\\/06\\\/mt06.png\",\"contentUrl\":\"https:\\\/\\\/test2.michel-promo.com\\\/wp-content\\\/uploads\\\/2025\\\/06\\\/mt06.png\",\"width\":3000,\"height\":3000},{\"@type\":\"BreadcrumbList\",\"@id\":\"https:\\\/\\\/test2.michel-promo.com\\\/product\\\/optima-large-flashlight\\\/#breadcrumb\",\"itemListElement\":[{\"@type\":\"ListItem\",\"position\":1,\"name\":\"Po\u010detna stranica\",\"item\":\"https:\\\/\\\/test2.michel-promo.com\\\/\"},{\"@type\":\"ListItem\",\"position\":2,\"name\":\"Shop\",\"item\":\"https:\\\/\\\/test2.michel-promo.com\\\/en\\\/shop\\\/\"},{\"@type\":\"ListItem\",\"position\":3,\"name\":\"Optima Large Flashlight\"}]},{\"@type\":\"WebSite\",\"@id\":\"https:\\\/\\\/test2.michel-promo.com\\\/#website\",\"url\":\"https:\\\/\\\/test2.michel-promo.com\\\/\",\"name\":\"Michel Promo - Webshop promotivnih materijala\",\"description\":\"Poslovni pokloni i promo materijali\",\"publisher\":{\"@id\":\"https:\\\/\\\/test2.michel-promo.com\\\/#organization\"},\"alternateName\":\"Webshop promotivnih materijala\",\"potentialAction\":[{\"@type\":\"SearchAction\",\"target\":{\"@type\":\"EntryPoint\",\"urlTemplate\":\"https:\\\/\\\/test2.michel-promo.com\\\/?s={search_term_string}\"},\"query-input\":{\"@type\":\"PropertyValueSpecification\",\"valueRequired\":true,\"valueName\":\"search_term_string\"}}],\"inLanguage\":\"hr\"},{\"@type\":\"Organization\",\"@id\":\"https:\\\/\\\/test2.michel-promo.com\\\/#organization\",\"name\":\"Michel Promo\",\"alternateName\":\"Studio promotivnih materijala\",\"url\":\"https:\\\/\\\/test2.michel-promo.com\\\/\",\"logo\":{\"@type\":\"ImageObject\",\"inLanguage\":\"hr\",\"@id\":\"https:\\\/\\\/test2.michel-promo.com\\\/#\\\/schema\\\/logo\\\/image\\\/\",\"url\":\"http:\\\/\\\/test2.michel-promo.com\\\/wp-content\\\/uploads\\\/2024\\\/05\\\/cropped-Widget-logo.png\",\"contentUrl\":\"http:\\\/\\\/test2.michel-promo.com\\\/wp-content\\\/uploads\\\/2024\\\/05\\\/cropped-Widget-logo.png\",\"width\":512,\"height\":512,\"caption\":\"Michel Promo\"},\"image\":{\"@id\":\"https:\\\/\\\/test2.michel-promo.com\\\/#\\\/schema\\\/logo\\\/image\\\/\"},\"sameAs\":[\"https:\\\/\\\/www.instagram.com\\\/promo_michel\\\/\",\"https:\\\/\\\/www.linkedin.com\\\/company\\\/michel-promo\\\/\"]}]}<\/script>\n<!-- \/ Yoast SEO plugin. -->","yoast_head_json":{"title":"Optima velika svjetiljka \u2014 Michel Promo","robots":{"index":"noindex","follow":"follow","max-snippet":"max-snippet:-1","max-image-preview":"max-image-preview:large","max-video-preview":"max-video-preview:-1"},"og_locale":"hr_HR","og_type":"article","og_title":"Optima Large Flashlight &#8212; Michel Promo","og_description":"Print on request. Quantity discount available.","og_url":"https:\/\/test2.michel-promo.com\/hr\/proizvod-2\/optima-large-flashlight\/","og_site_name":"Michel Promo","article_modified_time":"2025-08-12T20:32:24+00:00","og_image":[{"width":1024,"height":1024,"url":"http:\/\/test2.michel-promo.com\/wp-content\/uploads\/2025\/06\/mt06-1024x1024.png","type":"image\/png"}],"twitter_card":"summary_large_image","twitter_misc":{"Procijenjeno vrijeme \u010ditanja":"1 minuta"},"schema":{"@context":"https:\/\/schema.org","@graph":[{"@type":"WebPage","@id":"https:\/\/test2.michel-promo.com\/product\/optima-large-flashlight\/","url":"https:\/\/test2.michel-promo.com\/product\/optima-large-flashlight\/","name":"Optima velika svjetiljka \u2014 Michel Promo","isPartOf":{"@id":"https:\/\/test2.michel-promo.com\/#website"},"primaryImageOfPage":{"@id":"https:\/\/test2.michel-promo.com\/product\/optima-large-flashlight\/#primaryimage"},"image":{"@id":"https:\/\/test2.michel-promo.com\/product\/optima-large-flashlight\/#primaryimage"},"thumbnailUrl":"https:\/\/test2.michel-promo.com\/wp-content\/uploads\/2025\/06\/mt06.png","datePublished":"2025-06-24T22:13:09+00:00","dateModified":"2025-08-12T20:32:24+00:00","breadcrumb":{"@id":"https:\/\/test2.michel-promo.com\/product\/optima-large-flashlight\/#breadcrumb"},"inLanguage":"hr","potentialAction":[{"@type":"ReadAction","target":["https:\/\/test2.michel-promo.com\/product\/optima-large-flashlight\/"]}]},{"@type":"ImageObject","inLanguage":"hr","@id":"https:\/\/test2.michel-promo.com\/product\/optima-large-flashlight\/#primaryimage","url":"https:\/\/test2.michel-promo.com\/wp-content\/uploads\/2025\/06\/mt06.png","contentUrl":"https:\/\/test2.michel-promo.com\/wp-content\/uploads\/2025\/06\/mt06.png","width":3000,"height":3000},{"@type":"BreadcrumbList","@id":"https:\/\/test2.michel-promo.com\/product\/optima-large-flashlight\/#breadcrumb","itemListElement":[{"@type":"ListItem","position":1,"name":"Po\u010detna stranica","item":"https:\/\/test2.michel-promo.com\/"},{"@type":"ListItem","position":2,"name":"Shop","item":"https:\/\/test2.michel-promo.com\/en\/shop\/"},{"@type":"ListItem","position":3,"name":"Optima Large Flashlight"}]},{"@type":"WebSite","@id":"https:\/\/test2.michel-promo.com\/#website","url":"https:\/\/test2.michel-promo.com\/","name":"Michel Promo - Webshop promotivnih materijala","description":"Poslovni pokloni i promo materijali","publisher":{"@id":"https:\/\/test2.michel-promo.com\/#organization"},"alternateName":"Webshop promotivnih materijala","potentialAction":[{"@type":"SearchAction","target":{"@type":"EntryPoint","urlTemplate":"https:\/\/test2.michel-promo.com\/?s={search_term_string}"},"query-input":{"@type":"PropertyValueSpecification","valueRequired":true,"valueName":"search_term_string"}}],"inLanguage":"hr"},{"@type":"Organization","@id":"https:\/\/test2.michel-promo.com\/#organization","name":"Michel Promo","alternateName":"Studio promotivnih materijala","url":"https:\/\/test2.michel-promo.com\/","logo":{"@type":"ImageObject","inLanguage":"hr","@id":"https:\/\/test2.michel-promo.com\/#\/schema\/logo\/image\/","url":"http:\/\/test2.michel-promo.com\/wp-content\/uploads\/2024\/05\/cropped-Widget-logo.png","contentUrl":"http:\/\/test2.michel-promo.com\/wp-content\/uploads\/2024\/05\/cropped-Widget-logo.png","width":512,"height":512,"caption":"Michel Promo"},"image":{"@id":"https:\/\/test2.michel-promo.com\/#\/schema\/logo\/image\/"},"sameAs":["https:\/\/www.instagram.com\/promo_michel\/","https:\/\/www.linkedin.com\/company\/michel-promo\/"]}]}},"_links":{"self":[{"href":"https:\/\/test2.michel-promo.com\/hr\/wp-json\/wp\/v2\/product\/385685","targetHints":{"allow":["GET"]}}],"collection":[{"href":"https:\/\/test2.michel-promo.com\/hr\/wp-json\/wp\/v2\/product"}],"about":[{"href":"https:\/\/test2.michel-promo.com\/hr\/wp-json\/wp\/v2\/types\/product"}],"version-history":[{"count":0,"href":"https:\/\/test2.michel-promo.com\/hr\/wp-json\/wp\/v2\/product\/385685\/revisions"}],"wp:featuredmedia":[{"embeddable":true,"href":"https:\/\/test2.michel-promo.com\/hr\/wp-json\/wp\/v2\/media\/385681"}],"wp:attachment":[{"href":"https:\/\/test2.michel-promo.com\/hr\/wp-json\/wp\/v2\/media?parent=385685"}],"wp:term":[{"taxonomy":"product_brand","embeddable":true,"href":"https:\/\/test2.michel-promo.com\/hr\/wp-json\/wp\/v2\/product_brand?post=385685"},{"taxonomy":"product_cat","embeddable":true,"href":"https:\/\/test2.michel-promo.com\/hr\/wp-json\/wp\/v2\/product_cat?post=385685"},{"taxonomy":"product_tag","embeddable":true,"href":"https:\/\/test2.michel-promo.com\/hr\/wp-json\/wp\/v2\/product_tag?post=385685"}],"curies":[{"name":"radni list","href":"https:\/\/api.w.org\/{rel}","templated":true}]}}