{"id":38905,"date":"2024-04-19T15:18:32","date_gmt":"2024-04-19T13:18:32","guid":{"rendered":"https:\/\/test2.michel-promo.com\/product\/universal-laptop-backpack\/"},"modified":"2024-05-31T10:28:06","modified_gmt":"2024-05-31T08:28:06","slug":"universal-laptop-backpack","status":"publish","type":"product","link":"https:\/\/test2.michel-promo.com\/hr\/proizvod-2\/universal-laptop-backpack\/","title":{"rendered":"Univerzalni ruksak za laptop"},"content":{"rendered":"<p>Jedinstveni ruksak za laptop od 1680D poliestera sa dva glavna odjeljka. Jedan odjeljak sadr\u017ei univerzalni sustav za pohranu gotovo svih veli\u010dina prijenosnih ra\u010dunala. Drugi pretinac ima poseban d\u017eep za pohranu va\u0161eg tableta. Prednja strana ima dva d\u017eepa s patentnim zatvara\u010dem idealna za spremanje va\u0161ih manje vrijednih stvari, uklju\u010duju\u0107i kukicu na koju mo\u017eete objesiti klju\u010deve.<\/p>","protected":false},"excerpt":{"rendered":"<p>Jedinstveni ruksak za laptop od 1680D poliestera sa dva glavna odjeljka. Jedan odjeljak sadr\u017ei univerzalni sustav za pohranu gotovo svih<\/p>","protected":false},"featured_media":38908,"template":"","meta":{"_acf_changed":false},"product_brand":[],"product_cat":[94,80],"product_tag":[],"class_list":{"0":"post-38905","1":"product","2":"type-product","3":"status-publish","4":"has-post-thumbnail","6":"product_cat-backpacks-and-shoulder-bags","7":"product_cat-bags-and-travel","9":"first","10":"instock","11":"taxable","12":"shipping-taxable","13":"purchasable","14":"product-type-simple"},"acf":[],"yoast_head":"<!-- This site is optimized with the Yoast SEO plugin v27.5 - https:\/\/yoast.com\/product\/yoast-seo-wordpress\/ -->\n<title>Univerzalni ruksak za laptop &#8212; Michel Promo<\/title>\n<meta name=\"robots\" content=\"noindex, follow, max-snippet:-1, max-image-preview:large, max-video-preview:-1\" \/>\n<meta property=\"og:locale\" content=\"hr_HR\" \/>\n<meta property=\"og:type\" content=\"article\" \/>\n<meta property=\"og:title\" content=\"Univerzalni ruksak za laptop &#8212; Michel Promo\" \/>\n<meta property=\"og:description\" content=\"Jedinstveni ruksak za laptop od 1680D poliestera s dva glavna odjeljka. Jedan odjeljak sadr\u017ei univerzalni sustav za pohranu gotovo svih\" \/>\n<meta property=\"og:url\" content=\"https:\/\/test2.michel-promo.com\/hr\/proizvod-2\/universal-laptop-backpack\/\" \/>\n<meta property=\"og:site_name\" content=\"Michel Promo\" \/>\n<meta property=\"article:modified_time\" content=\"2024-05-31T08:28:06+00:00\" \/>\n<meta property=\"og:image\" content=\"http:\/\/test2.michel-promo.com\/wp-content\/uploads\/2024\/04\/p732.051__b_1__3f0551ad13f74de88e127cdabab27203.jpg\" \/>\n\t<meta property=\"og:image:width\" content=\"1024\" \/>\n\t<meta property=\"og:image:height\" content=\"1024\" \/>\n\t<meta property=\"og:image:type\" content=\"image\/jpeg\" \/>\n<meta name=\"twitter:card\" content=\"summary_large_image\" \/>\n<script type=\"application\/ld+json\" class=\"yoast-schema-graph\">{\"@context\":\"https:\\\/\\\/schema.org\",\"@graph\":[{\"@type\":\"WebPage\",\"@id\":\"https:\\\/\\\/test2.michel-promo.com\\\/product\\\/universal-laptop-backpack\\\/\",\"url\":\"https:\\\/\\\/test2.michel-promo.com\\\/product\\\/universal-laptop-backpack\\\/\",\"name\":\"Univerzalni ruksak za laptop &#8212; Michel Promo\",\"isPartOf\":{\"@id\":\"https:\\\/\\\/test2.michel-promo.com\\\/#website\"},\"primaryImageOfPage\":{\"@id\":\"https:\\\/\\\/test2.michel-promo.com\\\/product\\\/universal-laptop-backpack\\\/#primaryimage\"},\"image\":{\"@id\":\"https:\\\/\\\/test2.michel-promo.com\\\/product\\\/universal-laptop-backpack\\\/#primaryimage\"},\"thumbnailUrl\":\"https:\\\/\\\/test2.michel-promo.com\\\/wp-content\\\/uploads\\\/2024\\\/04\\\/p732.051__b_1__3f0551ad13f74de88e127cdabab27203.jpg\",\"datePublished\":\"2024-04-19T13:18:32+00:00\",\"dateModified\":\"2024-05-31T08:28:06+00:00\",\"breadcrumb\":{\"@id\":\"https:\\\/\\\/test2.michel-promo.com\\\/product\\\/universal-laptop-backpack\\\/#breadcrumb\"},\"inLanguage\":\"hr\",\"potentialAction\":[{\"@type\":\"ReadAction\",\"target\":[\"https:\\\/\\\/test2.michel-promo.com\\\/product\\\/universal-laptop-backpack\\\/\"]}]},{\"@type\":\"ImageObject\",\"inLanguage\":\"hr\",\"@id\":\"https:\\\/\\\/test2.michel-promo.com\\\/product\\\/universal-laptop-backpack\\\/#primaryimage\",\"url\":\"https:\\\/\\\/test2.michel-promo.com\\\/wp-content\\\/uploads\\\/2024\\\/04\\\/p732.051__b_1__3f0551ad13f74de88e127cdabab27203.jpg\",\"contentUrl\":\"https:\\\/\\\/test2.michel-promo.com\\\/wp-content\\\/uploads\\\/2024\\\/04\\\/p732.051__b_1__3f0551ad13f74de88e127cdabab27203.jpg\",\"width\":1024,\"height\":1024},{\"@type\":\"BreadcrumbList\",\"@id\":\"https:\\\/\\\/test2.michel-promo.com\\\/product\\\/universal-laptop-backpack\\\/#breadcrumb\",\"itemListElement\":[{\"@type\":\"ListItem\",\"position\":1,\"name\":\"Po\u010detna stranica\",\"item\":\"https:\\\/\\\/test2.michel-promo.com\\\/\"},{\"@type\":\"ListItem\",\"position\":2,\"name\":\"Shop\",\"item\":\"https:\\\/\\\/test2.michel-promo.com\\\/en\\\/shop\\\/\"},{\"@type\":\"ListItem\",\"position\":3,\"name\":\"Univerzalni ruksak za laptop\"}]},{\"@type\":\"WebSite\",\"@id\":\"https:\\\/\\\/test2.michel-promo.com\\\/#website\",\"url\":\"https:\\\/\\\/test2.michel-promo.com\\\/\",\"name\":\"Michel Promo - Webshop promotivnih materijala\",\"description\":\"Poslovni pokloni i promo materijali\",\"publisher\":{\"@id\":\"https:\\\/\\\/test2.michel-promo.com\\\/#organization\"},\"alternateName\":\"Webshop promotivnih materijala\",\"potentialAction\":[{\"@type\":\"SearchAction\",\"target\":{\"@type\":\"EntryPoint\",\"urlTemplate\":\"https:\\\/\\\/test2.michel-promo.com\\\/?s={search_term_string}\"},\"query-input\":{\"@type\":\"PropertyValueSpecification\",\"valueRequired\":true,\"valueName\":\"search_term_string\"}}],\"inLanguage\":\"hr\"},{\"@type\":\"Organization\",\"@id\":\"https:\\\/\\\/test2.michel-promo.com\\\/#organization\",\"name\":\"Michel Promo\",\"alternateName\":\"Studio promotivnih materijala\",\"url\":\"https:\\\/\\\/test2.michel-promo.com\\\/\",\"logo\":{\"@type\":\"ImageObject\",\"inLanguage\":\"hr\",\"@id\":\"https:\\\/\\\/test2.michel-promo.com\\\/#\\\/schema\\\/logo\\\/image\\\/\",\"url\":\"http:\\\/\\\/test2.michel-promo.com\\\/wp-content\\\/uploads\\\/2024\\\/05\\\/cropped-Widget-logo.png\",\"contentUrl\":\"http:\\\/\\\/test2.michel-promo.com\\\/wp-content\\\/uploads\\\/2024\\\/05\\\/cropped-Widget-logo.png\",\"width\":512,\"height\":512,\"caption\":\"Michel Promo\"},\"image\":{\"@id\":\"https:\\\/\\\/test2.michel-promo.com\\\/#\\\/schema\\\/logo\\\/image\\\/\"},\"sameAs\":[\"https:\\\/\\\/www.instagram.com\\\/promo_michel\\\/\",\"https:\\\/\\\/www.linkedin.com\\\/company\\\/michel-promo\\\/\"]}]}<\/script>\n<!-- \/ Yoast SEO plugin. -->","yoast_head_json":{"title":"Univerzalni ruksak za laptop \u2014 Michel Promo","robots":{"index":"noindex","follow":"follow","max-snippet":"max-snippet:-1","max-image-preview":"max-image-preview:large","max-video-preview":"max-video-preview:-1"},"og_locale":"hr_HR","og_type":"article","og_title":"Univerzalni ruksak za laptop &#8212; Michel Promo","og_description":"Jedinstveni ruksak za laptop od 1680D poliestera s dva glavna odjeljka. Jedan odjeljak sadr\u017ei univerzalni sustav za pohranu gotovo svih","og_url":"https:\/\/test2.michel-promo.com\/hr\/proizvod-2\/universal-laptop-backpack\/","og_site_name":"Michel Promo","article_modified_time":"2024-05-31T08:28:06+00:00","og_image":[{"width":1024,"height":1024,"url":"http:\/\/test2.michel-promo.com\/wp-content\/uploads\/2024\/04\/p732.051__b_1__3f0551ad13f74de88e127cdabab27203.jpg","type":"image\/jpeg"}],"twitter_card":"summary_large_image","schema":{"@context":"https:\/\/schema.org","@graph":[{"@type":"WebPage","@id":"https:\/\/test2.michel-promo.com\/product\/universal-laptop-backpack\/","url":"https:\/\/test2.michel-promo.com\/product\/universal-laptop-backpack\/","name":"Univerzalni ruksak za laptop \u2014 Michel Promo","isPartOf":{"@id":"https:\/\/test2.michel-promo.com\/#website"},"primaryImageOfPage":{"@id":"https:\/\/test2.michel-promo.com\/product\/universal-laptop-backpack\/#primaryimage"},"image":{"@id":"https:\/\/test2.michel-promo.com\/product\/universal-laptop-backpack\/#primaryimage"},"thumbnailUrl":"https:\/\/test2.michel-promo.com\/wp-content\/uploads\/2024\/04\/p732.051__b_1__3f0551ad13f74de88e127cdabab27203.jpg","datePublished":"2024-04-19T13:18:32+00:00","dateModified":"2024-05-31T08:28:06+00:00","breadcrumb":{"@id":"https:\/\/test2.michel-promo.com\/product\/universal-laptop-backpack\/#breadcrumb"},"inLanguage":"hr","potentialAction":[{"@type":"ReadAction","target":["https:\/\/test2.michel-promo.com\/product\/universal-laptop-backpack\/"]}]},{"@type":"ImageObject","inLanguage":"hr","@id":"https:\/\/test2.michel-promo.com\/product\/universal-laptop-backpack\/#primaryimage","url":"https:\/\/test2.michel-promo.com\/wp-content\/uploads\/2024\/04\/p732.051__b_1__3f0551ad13f74de88e127cdabab27203.jpg","contentUrl":"https:\/\/test2.michel-promo.com\/wp-content\/uploads\/2024\/04\/p732.051__b_1__3f0551ad13f74de88e127cdabab27203.jpg","width":1024,"height":1024},{"@type":"BreadcrumbList","@id":"https:\/\/test2.michel-promo.com\/product\/universal-laptop-backpack\/#breadcrumb","itemListElement":[{"@type":"ListItem","position":1,"name":"Po\u010detna stranica","item":"https:\/\/test2.michel-promo.com\/"},{"@type":"ListItem","position":2,"name":"Shop","item":"https:\/\/test2.michel-promo.com\/en\/shop\/"},{"@type":"ListItem","position":3,"name":"Univerzalni ruksak za laptop"}]},{"@type":"WebSite","@id":"https:\/\/test2.michel-promo.com\/#website","url":"https:\/\/test2.michel-promo.com\/","name":"Michel Promo - Webshop promotivnih materijala","description":"Poslovni pokloni i promo materijali","publisher":{"@id":"https:\/\/test2.michel-promo.com\/#organization"},"alternateName":"Webshop promotivnih materijala","potentialAction":[{"@type":"SearchAction","target":{"@type":"EntryPoint","urlTemplate":"https:\/\/test2.michel-promo.com\/?s={search_term_string}"},"query-input":{"@type":"PropertyValueSpecification","valueRequired":true,"valueName":"search_term_string"}}],"inLanguage":"hr"},{"@type":"Organization","@id":"https:\/\/test2.michel-promo.com\/#organization","name":"Michel Promo","alternateName":"Studio promotivnih materijala","url":"https:\/\/test2.michel-promo.com\/","logo":{"@type":"ImageObject","inLanguage":"hr","@id":"https:\/\/test2.michel-promo.com\/#\/schema\/logo\/image\/","url":"http:\/\/test2.michel-promo.com\/wp-content\/uploads\/2024\/05\/cropped-Widget-logo.png","contentUrl":"http:\/\/test2.michel-promo.com\/wp-content\/uploads\/2024\/05\/cropped-Widget-logo.png","width":512,"height":512,"caption":"Michel Promo"},"image":{"@id":"https:\/\/test2.michel-promo.com\/#\/schema\/logo\/image\/"},"sameAs":["https:\/\/www.instagram.com\/promo_michel\/","https:\/\/www.linkedin.com\/company\/michel-promo\/"]}]}},"_links":{"self":[{"href":"https:\/\/test2.michel-promo.com\/hr\/wp-json\/wp\/v2\/product\/38905","targetHints":{"allow":["GET"]}}],"collection":[{"href":"https:\/\/test2.michel-promo.com\/hr\/wp-json\/wp\/v2\/product"}],"about":[{"href":"https:\/\/test2.michel-promo.com\/hr\/wp-json\/wp\/v2\/types\/product"}],"version-history":[{"count":0,"href":"https:\/\/test2.michel-promo.com\/hr\/wp-json\/wp\/v2\/product\/38905\/revisions"}],"wp:featuredmedia":[{"embeddable":true,"href":"https:\/\/test2.michel-promo.com\/hr\/wp-json\/wp\/v2\/media\/38908"}],"wp:attachment":[{"href":"https:\/\/test2.michel-promo.com\/hr\/wp-json\/wp\/v2\/media?parent=38905"}],"wp:term":[{"taxonomy":"product_brand","embeddable":true,"href":"https:\/\/test2.michel-promo.com\/hr\/wp-json\/wp\/v2\/product_brand?post=38905"},{"taxonomy":"product_cat","embeddable":true,"href":"https:\/\/test2.michel-promo.com\/hr\/wp-json\/wp\/v2\/product_cat?post=38905"},{"taxonomy":"product_tag","embeddable":true,"href":"https:\/\/test2.michel-promo.com\/hr\/wp-json\/wp\/v2\/product_tag?post=38905"}],"curies":[{"name":"radni list","href":"https:\/\/api.w.org\/{rel}","templated":true}]}}