{"id":391377,"date":"2025-08-13T13:59:54","date_gmt":"2025-08-13T11:59:54","guid":{"rendered":"https:\/\/test2.michel-promo.com\/en\/product\/express-mini-bag-7g-fruit-jelly-basic-bears-2\/"},"modified":"2025-08-14T13:50:50","modified_gmt":"2025-08-14T11:50:50","slug":"express-mini-bag-7g-fruit-jelly-basic-bears-2","status":"publish","type":"product","link":"https:\/\/test2.michel-promo.com\/hr\/proizvod-2\/express-mini-bag-7g-fruit-jelly-basic-bears-2\/","title":{"rendered":"Ekspresna mini vre\u0107ica 7g, vo\u0107ni \u017eele osnovni medvjedi\u0107i"},"content":{"rendered":"<p>\u017dele medvjedi\u0107i u vre\u0107ici od prozirne folije, pojedina\u010dno otisnuti. Sadr\u017eaj: Osnovni \u017eele medvjedi\u0107i, \u0161arena mje\u0161avina, 7 g.<\/p>","protected":false},"excerpt":{"rendered":"<ul class=\"keywords-jung\">\n<li>\u017eele medvjedi\u0107i<\/li>\n<li>vo\u0107ne \u017eele gume za \u017evakanje<\/li>\n<li>mini torba<\/li>\n<li>promotivna torba<\/li>\n<li>izraziti<\/li>\n<\/ul>\n<p><strong>Tisak na zahtjev. Mogu\u0107nost koli\u010dinskog popusta.<\/strong><\/p>","protected":false},"featured_media":394480,"template":"","meta":{"_acf_changed":false},"product_brand":[],"product_cat":[81,238,109],"product_tag":[],"class_list":{"0":"post-391377","1":"product","2":"type-product","3":"status-publish","4":"has-post-thumbnail","6":"product_cat-food-and-drink","7":"product_cat-kataloski","8":"product_cat-sweets","10":"first","11":"instock","12":"taxable","13":"shipping-taxable","14":"purchasable","15":"product-type-variable"},"acf":[],"_links":{"self":[{"href":"https:\/\/test2.michel-promo.com\/hr\/wp-json\/wp\/v2\/product\/391377","targetHints":{"allow":["GET"]}}],"collection":[{"href":"https:\/\/test2.michel-promo.com\/hr\/wp-json\/wp\/v2\/product"}],"about":[{"href":"https:\/\/test2.michel-promo.com\/hr\/wp-json\/wp\/v2\/types\/product"}],"version-history":[{"count":0,"href":"https:\/\/test2.michel-promo.com\/hr\/wp-json\/wp\/v2\/product\/391377\/revisions"}],"wp:featuredmedia":[{"embeddable":true,"href":"https:\/\/test2.michel-promo.com\/hr\/wp-json\/wp\/v2\/media\/394480"}],"wp:attachment":[{"href":"https:\/\/test2.michel-promo.com\/hr\/wp-json\/wp\/v2\/media?parent=391377"}],"wp:term":[{"taxonomy":"product_brand","embeddable":true,"href":"https:\/\/test2.michel-promo.com\/hr\/wp-json\/wp\/v2\/product_brand?post=391377"},{"taxonomy":"product_cat","embeddable":true,"href":"https:\/\/test2.michel-promo.com\/hr\/wp-json\/wp\/v2\/product_cat?post=391377"},{"taxonomy":"product_tag","embeddable":true,"href":"https:\/\/test2.michel-promo.com\/hr\/wp-json\/wp\/v2\/product_tag?post=391377"}],"curies":[{"name":"radni list","href":"https:\/\/api.w.org\/{rel}","templated":true}]}}