{"id":391379,"date":"2025-08-13T13:59:55","date_gmt":"2025-08-13T11:59:55","guid":{"rendered":"https:\/\/test2.michel-promo.com\/en\/product\/express-chocolate-with-promotional-sleeve\/"},"modified":"2025-08-14T13:50:50","modified_gmt":"2025-08-14T11:50:50","slug":"express-chocolate-with-promotional-sleeve","status":"publish","type":"product","link":"https:\/\/test2.michel-promo.com\/hr\/proizvod-2\/express-chocolate-with-promotional-sleeve\/","title":{"rendered":"Ekspresna \u010dokolada s promotivnim omotom"},"content":{"rendered":"<p>Ritter SPORT mini \u010dokolada s papirnatim banderolama, pojedina\u010dno otisnuta. Sadr\u017eaj: 1 Ritter SPORT mini \u010dokoladna varijanta fine mlije\u010dne \u010dokolade, 16,5 g.<\/p>","protected":false},"excerpt":{"rendered":"<ul class=\"keywords-jung\">\n<li>\u010dokolada<\/li>\n<li>\u010dokoladice<\/li>\n<li>izraziti<\/li>\n<\/ul>\n<p><strong>Tisak na zahtjev. Mogu\u0107nost koli\u010dinskog popusta.<\/strong><\/p>","protected":false},"featured_media":394238,"template":"","meta":{"_acf_changed":false},"product_brand":[],"product_cat":[81,238,109],"product_tag":[],"class_list":{"0":"post-391379","1":"product","2":"type-product","3":"status-publish","4":"has-post-thumbnail","6":"product_cat-food-and-drink","7":"product_cat-kataloski","8":"product_cat-sweets","10":"first","11":"instock","12":"taxable","13":"shipping-taxable","14":"purchasable","15":"product-type-variable"},"acf":[],"_links":{"self":[{"href":"https:\/\/test2.michel-promo.com\/hr\/wp-json\/wp\/v2\/product\/391379","targetHints":{"allow":["GET"]}}],"collection":[{"href":"https:\/\/test2.michel-promo.com\/hr\/wp-json\/wp\/v2\/product"}],"about":[{"href":"https:\/\/test2.michel-promo.com\/hr\/wp-json\/wp\/v2\/types\/product"}],"version-history":[{"count":0,"href":"https:\/\/test2.michel-promo.com\/hr\/wp-json\/wp\/v2\/product\/391379\/revisions"}],"wp:featuredmedia":[{"embeddable":true,"href":"https:\/\/test2.michel-promo.com\/hr\/wp-json\/wp\/v2\/media\/394238"}],"wp:attachment":[{"href":"https:\/\/test2.michel-promo.com\/hr\/wp-json\/wp\/v2\/media?parent=391379"}],"wp:term":[{"taxonomy":"product_brand","embeddable":true,"href":"https:\/\/test2.michel-promo.com\/hr\/wp-json\/wp\/v2\/product_brand?post=391379"},{"taxonomy":"product_cat","embeddable":true,"href":"https:\/\/test2.michel-promo.com\/hr\/wp-json\/wp\/v2\/product_cat?post=391379"},{"taxonomy":"product_tag","embeddable":true,"href":"https:\/\/test2.michel-promo.com\/hr\/wp-json\/wp\/v2\/product_tag?post=391379"}],"curies":[{"name":"radni list","href":"https:\/\/api.w.org\/{rel}","templated":true}]}}