{"id":391405,"date":"2025-08-13T14:00:22","date_gmt":"2025-08-13T12:00:22","guid":{"rendered":"https:\/\/test2.michel-promo.com\/en\/product\/quick-box-metal-spring-cover-white-chewing-gum\/"},"modified":"2025-08-14T13:51:02","modified_gmt":"2025-08-14T11:51:02","slug":"quick-box-metal-spring-cover-white-chewing-gum","status":"publish","type":"product","link":"https:\/\/test2.michel-promo.com\/hr\/proizvod-2\/quick-box-metal-spring-cover-white-chewing-gum\/","title":{"rendered":"Metalni opru\u017eni poklopac za Quick box, bijeli, \u017evaka\u0107a guma"},"content":{"rendered":"<p>Okrugla limenka s poklopcem s oprugom, bijela, izra\u0111ena od metala, s originalnim zatvara\u010dem i perforacijom koja se otkida. Bijeli lim 98% se mo\u017ee reciklirati, pojedina\u010dno otisnut. Sadr\u017eaj: KoRo \u017evaka\u0107a guma s mentolom bez \u0161e\u0107era, 21 g.<\/p>","protected":false},"excerpt":{"rendered":"<ul class=\"keywords-jung\">\n<li>metalni lim<\/li>\n<li>kositar<\/li>\n<li>dati<\/li>\n<li>paprena metvica<\/li>\n<li>metvica<\/li>\n<li>mentol<\/li>\n<\/ul>\n<p><strong>Tisak na zahtjev. Mogu\u0107nost koli\u010dinskog popusta.<\/strong><\/p>","protected":false},"featured_media":394647,"template":"","meta":{"_acf_changed":false},"product_brand":[],"product_cat":[81,238,109],"product_tag":[],"class_list":{"0":"post-391405","1":"product","2":"type-product","3":"status-publish","4":"has-post-thumbnail","6":"product_cat-food-and-drink","7":"product_cat-kataloski","8":"product_cat-sweets","10":"first","11":"instock","12":"taxable","13":"shipping-taxable","14":"purchasable","15":"product-type-variable"},"acf":[],"_links":{"self":[{"href":"https:\/\/test2.michel-promo.com\/hr\/wp-json\/wp\/v2\/product\/391405","targetHints":{"allow":["GET"]}}],"collection":[{"href":"https:\/\/test2.michel-promo.com\/hr\/wp-json\/wp\/v2\/product"}],"about":[{"href":"https:\/\/test2.michel-promo.com\/hr\/wp-json\/wp\/v2\/types\/product"}],"version-history":[{"count":0,"href":"https:\/\/test2.michel-promo.com\/hr\/wp-json\/wp\/v2\/product\/391405\/revisions"}],"wp:featuredmedia":[{"embeddable":true,"href":"https:\/\/test2.michel-promo.com\/hr\/wp-json\/wp\/v2\/media\/394647"}],"wp:attachment":[{"href":"https:\/\/test2.michel-promo.com\/hr\/wp-json\/wp\/v2\/media?parent=391405"}],"wp:term":[{"taxonomy":"product_brand","embeddable":true,"href":"https:\/\/test2.michel-promo.com\/hr\/wp-json\/wp\/v2\/product_brand?post=391405"},{"taxonomy":"product_cat","embeddable":true,"href":"https:\/\/test2.michel-promo.com\/hr\/wp-json\/wp\/v2\/product_cat?post=391405"},{"taxonomy":"product_tag","embeddable":true,"href":"https:\/\/test2.michel-promo.com\/hr\/wp-json\/wp\/v2\/product_tag?post=391405"}],"curies":[{"name":"radni list","href":"https:\/\/api.w.org\/{rel}","templated":true}]}}