{"id":391419,"date":"2025-08-13T14:00:45","date_gmt":"2025-08-13T12:00:45","guid":{"rendered":"https:\/\/test2.michel-promo.com\/en\/product\/quick-box-metal-spring-cover-blank-mini-sweets-japanese-mint\/"},"modified":"2025-08-14T13:51:12","modified_gmt":"2025-08-14T11:51:12","slug":"quick-box-metal-spring-cover-blank-mini-sweets-japanese-mint","status":"publish","type":"product","link":"https:\/\/test2.michel-promo.com\/hr\/proizvod-2\/quick-box-metal-spring-cover-blank-mini-sweets-japanese-mint\/","title":{"rendered":"Metalni opru\u017eni poklopac za brzu kutiju, prazan, mini slatki\u0161i japanske mente"},"content":{"rendered":"<p>Okrugla limena kutija s poklopcem s oprugom, prazna, izra\u0111ena od metala, s originalnim zatvara\u010dem i perforacijom koja se otkida. Bijeli lim 98% se mo\u017ee reciklirati, pojedina\u010dno otisnut. Sadr\u017eaj: Cavendish &amp; Harvey mini bomboni japanske mente, 20 g. <\/p>\n<p>Uz nadoplatu: motivi s bijelom pozadinom<\/p>","protected":false},"excerpt":{"rendered":"<ul class=\"keywords-jung\">\n<li>metalni lim<\/li>\n<li>kositar<\/li>\n<li>dati<\/li>\n<li>vo\u0107ni slatki\u0161i<\/li>\n<li>metvica<\/li>\n<li>energija<\/li>\n<\/ul>\n<p><strong>Tisak na zahtjev. Mogu\u0107nost koli\u010dinskog popusta.<\/strong><\/p>","protected":false},"featured_media":394647,"template":"","meta":{"_acf_changed":false},"product_brand":[],"product_cat":[81,238,109],"product_tag":[],"class_list":{"0":"post-391419","1":"product","2":"type-product","3":"status-publish","4":"has-post-thumbnail","6":"product_cat-food-and-drink","7":"product_cat-kataloski","8":"product_cat-sweets","10":"first","11":"instock","12":"taxable","13":"shipping-taxable","14":"purchasable","15":"product-type-variable"},"acf":[],"_links":{"self":[{"href":"https:\/\/test2.michel-promo.com\/hr\/wp-json\/wp\/v2\/product\/391419","targetHints":{"allow":["GET"]}}],"collection":[{"href":"https:\/\/test2.michel-promo.com\/hr\/wp-json\/wp\/v2\/product"}],"about":[{"href":"https:\/\/test2.michel-promo.com\/hr\/wp-json\/wp\/v2\/types\/product"}],"version-history":[{"count":0,"href":"https:\/\/test2.michel-promo.com\/hr\/wp-json\/wp\/v2\/product\/391419\/revisions"}],"wp:featuredmedia":[{"embeddable":true,"href":"https:\/\/test2.michel-promo.com\/hr\/wp-json\/wp\/v2\/media\/394647"}],"wp:attachment":[{"href":"https:\/\/test2.michel-promo.com\/hr\/wp-json\/wp\/v2\/media?parent=391419"}],"wp:term":[{"taxonomy":"product_brand","embeddable":true,"href":"https:\/\/test2.michel-promo.com\/hr\/wp-json\/wp\/v2\/product_brand?post=391419"},{"taxonomy":"product_cat","embeddable":true,"href":"https:\/\/test2.michel-promo.com\/hr\/wp-json\/wp\/v2\/product_cat?post=391419"},{"taxonomy":"product_tag","embeddable":true,"href":"https:\/\/test2.michel-promo.com\/hr\/wp-json\/wp\/v2\/product_tag?post=391419"}],"curies":[{"name":"radni list","href":"https:\/\/api.w.org\/{rel}","templated":true}]}}