{"id":391421,"date":"2025-08-13T14:00:47","date_gmt":"2025-08-13T12:00:47","guid":{"rendered":"https:\/\/test2.michel-promo.com\/en\/product\/hinged-tin-white-mentos-chewy-candy-fruit\/"},"modified":"2025-08-14T13:51:12","modified_gmt":"2025-08-14T11:51:12","slug":"hinged-tin-white-mentos-chewy-candy-fruit","status":"publish","type":"product","link":"https:\/\/test2.michel-promo.com\/hr\/proizvod-2\/hinged-tin-white-mentos-chewy-candy-fruit\/","title":{"rendered":"Limenka na \u0161arke, bijela, Mentos \u017evaka\u0107i bomboni s vo\u0107em"},"content":{"rendered":"<p>Hinged tin with a vaulted hinged lid, white, made of metal, individually printed. With an original fastener and tear-off perforation. Tinplate 98% recyclable. Content: Mentos chewy candy fruit (strawberry, orange, lemon &#8211; mixed), 23 g.<\/p>","protected":false},"excerpt":{"rendered":"<ul class=\"keywords-jung\">\n<li>metalni lim<\/li>\n<li>kositar<\/li>\n<li>dati<\/li>\n<li>vo\u0107ni \u017evaka\u0107i bomboni<\/li>\n<li>\u017evaka\u0107e vo\u0107ne bombone<\/li>\n<\/ul>\n<p><strong>Tisak na zahtjev. Mogu\u0107nost koli\u010dinskog popusta.<\/strong><\/p>","protected":false},"featured_media":394331,"template":"","meta":{"_acf_changed":false},"product_brand":[],"product_cat":[81,238,109],"product_tag":[],"class_list":{"0":"post-391421","1":"product","2":"type-product","3":"status-publish","4":"has-post-thumbnail","6":"product_cat-food-and-drink","7":"product_cat-kataloski","8":"product_cat-sweets","10":"first","11":"instock","12":"taxable","13":"shipping-taxable","14":"purchasable","15":"product-type-variable"},"acf":[],"_links":{"self":[{"href":"https:\/\/test2.michel-promo.com\/hr\/wp-json\/wp\/v2\/product\/391421","targetHints":{"allow":["GET"]}}],"collection":[{"href":"https:\/\/test2.michel-promo.com\/hr\/wp-json\/wp\/v2\/product"}],"about":[{"href":"https:\/\/test2.michel-promo.com\/hr\/wp-json\/wp\/v2\/types\/product"}],"version-history":[{"count":0,"href":"https:\/\/test2.michel-promo.com\/hr\/wp-json\/wp\/v2\/product\/391421\/revisions"}],"wp:featuredmedia":[{"embeddable":true,"href":"https:\/\/test2.michel-promo.com\/hr\/wp-json\/wp\/v2\/media\/394331"}],"wp:attachment":[{"href":"https:\/\/test2.michel-promo.com\/hr\/wp-json\/wp\/v2\/media?parent=391421"}],"wp:term":[{"taxonomy":"product_brand","embeddable":true,"href":"https:\/\/test2.michel-promo.com\/hr\/wp-json\/wp\/v2\/product_brand?post=391421"},{"taxonomy":"product_cat","embeddable":true,"href":"https:\/\/test2.michel-promo.com\/hr\/wp-json\/wp\/v2\/product_cat?post=391421"},{"taxonomy":"product_tag","embeddable":true,"href":"https:\/\/test2.michel-promo.com\/hr\/wp-json\/wp\/v2\/product_tag?post=391421"}],"curies":[{"name":"radni list","href":"https:\/\/api.w.org\/{rel}","templated":true}]}}