{"id":391439,"date":"2025-08-13T14:01:14","date_gmt":"2025-08-13T12:01:14","guid":{"rendered":"https:\/\/test2.michel-promo.com\/en\/product\/hinged-tin-matt-silver-mentos-chewy-candy-mint\/"},"modified":"2025-08-14T13:51:21","modified_gmt":"2025-08-14T11:51:21","slug":"hinged-tin-matt-silver-mentos-chewy-candy-mint","status":"publish","type":"product","link":"https:\/\/test2.michel-promo.com\/hr\/proizvod-2\/hinged-tin-matt-silver-mentos-chewy-candy-mint\/","title":{"rendered":"Kutija na \u0161arke, mat srebrna, Mentos \u017evaka\u0107i bomboni boje mente"},"content":{"rendered":"<p>Hinged tin with a vaulted hinged lid, matt silver, made of meta, individually printed. With an original fastener and tear-off perforation. Tinplate 98% recyclable. Content: Mentos chewy candy Mint, 23 g. <\/p>\n<p>Uz nadoplatu: motivi s bijelom pozadinom<\/p>","protected":false},"excerpt":{"rendered":"<ul class=\"keywords-jung\">\n<li>metalni lim<\/li>\n<li>kositar<\/li>\n<li>dati<\/li>\n<li>\u017evaka\u0107i bomboni s okusom mente<\/li>\n<li>metvica<\/li>\n<li>\u017evaka\u0107i bombon<\/li>\n<\/ul>\n<p><strong>Tisak na zahtjev. Mogu\u0107nost koli\u010dinskog popusta.<\/strong><\/p>","protected":false},"featured_media":394331,"template":"","meta":{"_acf_changed":false},"product_brand":[],"product_cat":[81,238,109],"product_tag":[],"class_list":{"0":"post-391439","1":"product","2":"type-product","3":"status-publish","4":"has-post-thumbnail","6":"product_cat-food-and-drink","7":"product_cat-kataloski","8":"product_cat-sweets","10":"first","11":"instock","12":"taxable","13":"shipping-taxable","14":"purchasable","15":"product-type-variable"},"acf":[],"_links":{"self":[{"href":"https:\/\/test2.michel-promo.com\/hr\/wp-json\/wp\/v2\/product\/391439","targetHints":{"allow":["GET"]}}],"collection":[{"href":"https:\/\/test2.michel-promo.com\/hr\/wp-json\/wp\/v2\/product"}],"about":[{"href":"https:\/\/test2.michel-promo.com\/hr\/wp-json\/wp\/v2\/types\/product"}],"version-history":[{"count":0,"href":"https:\/\/test2.michel-promo.com\/hr\/wp-json\/wp\/v2\/product\/391439\/revisions"}],"wp:featuredmedia":[{"embeddable":true,"href":"https:\/\/test2.michel-promo.com\/hr\/wp-json\/wp\/v2\/media\/394331"}],"wp:attachment":[{"href":"https:\/\/test2.michel-promo.com\/hr\/wp-json\/wp\/v2\/media?parent=391439"}],"wp:term":[{"taxonomy":"product_brand","embeddable":true,"href":"https:\/\/test2.michel-promo.com\/hr\/wp-json\/wp\/v2\/product_brand?post=391439"},{"taxonomy":"product_cat","embeddable":true,"href":"https:\/\/test2.michel-promo.com\/hr\/wp-json\/wp\/v2\/product_cat?post=391439"},{"taxonomy":"product_tag","embeddable":true,"href":"https:\/\/test2.michel-promo.com\/hr\/wp-json\/wp\/v2\/product_tag?post=391439"}],"curies":[{"name":"radni list","href":"https:\/\/api.w.org\/{rel}","templated":true}]}}