{"id":391451,"date":"2025-08-13T14:01:16","date_gmt":"2025-08-13T12:01:16","guid":{"rendered":"https:\/\/test2.michel-promo.com\/en\/product\/hinged-tin-white-koro-menthol-chewing-gum\/"},"modified":"2025-08-14T13:51:22","modified_gmt":"2025-08-14T11:51:22","slug":"hinged-tin-white-koro-menthol-chewing-gum","status":"publish","type":"product","link":"https:\/\/test2.michel-promo.com\/hr\/proizvod-2\/hinged-tin-white-koro-menthol-chewing-gum\/","title":{"rendered":"Limenka na \u0161arkama, bijela, KoRo mentol \u017evaka\u0107a guma"},"content":{"rendered":"<p>Limena kutija s poklopcem na \u0161arke, izra\u0111ena od bijelog metala, pojedina\u010dno tiskana. S originalnom kop\u010dom i perforacijom koja se mo\u017ee kidati. Bijeli lim 98% se mo\u017ee reciklirati. Sadr\u017eaj: KoRo \u017evaka\u0107a guma s mentolom bez \u0161e\u0107era, 20 g.<\/p>","protected":false},"excerpt":{"rendered":"<ul class=\"keywords-jung\">\n<li>kositar<\/li>\n<li>metal<\/li>\n<li>metvica<\/li>\n<li>\u017evaka\u0107a guma<\/li>\n<li>mentol<\/li>\n<li>mali dar<\/li>\n<li>poklon<\/li>\n<\/ul>\n<p><strong>Tisak na zahtjev. Mogu\u0107nost koli\u010dinskog popusta.<\/strong><\/p>","protected":false},"featured_media":394331,"template":"","meta":{"_acf_changed":false},"product_brand":[],"product_cat":[81,238,109],"product_tag":[],"class_list":{"0":"post-391451","1":"product","2":"type-product","3":"status-publish","4":"has-post-thumbnail","6":"product_cat-food-and-drink","7":"product_cat-kataloski","8":"product_cat-sweets","10":"first","11":"instock","12":"taxable","13":"shipping-taxable","14":"purchasable","15":"product-type-variable"},"acf":[],"_links":{"self":[{"href":"https:\/\/test2.michel-promo.com\/hr\/wp-json\/wp\/v2\/product\/391451","targetHints":{"allow":["GET"]}}],"collection":[{"href":"https:\/\/test2.michel-promo.com\/hr\/wp-json\/wp\/v2\/product"}],"about":[{"href":"https:\/\/test2.michel-promo.com\/hr\/wp-json\/wp\/v2\/types\/product"}],"version-history":[{"count":0,"href":"https:\/\/test2.michel-promo.com\/hr\/wp-json\/wp\/v2\/product\/391451\/revisions"}],"wp:featuredmedia":[{"embeddable":true,"href":"https:\/\/test2.michel-promo.com\/hr\/wp-json\/wp\/v2\/media\/394331"}],"wp:attachment":[{"href":"https:\/\/test2.michel-promo.com\/hr\/wp-json\/wp\/v2\/media?parent=391451"}],"wp:term":[{"taxonomy":"product_brand","embeddable":true,"href":"https:\/\/test2.michel-promo.com\/hr\/wp-json\/wp\/v2\/product_brand?post=391451"},{"taxonomy":"product_cat","embeddable":true,"href":"https:\/\/test2.michel-promo.com\/hr\/wp-json\/wp\/v2\/product_cat?post=391451"},{"taxonomy":"product_tag","embeddable":true,"href":"https:\/\/test2.michel-promo.com\/hr\/wp-json\/wp\/v2\/product_tag?post=391451"}],"curies":[{"name":"radni list","href":"https:\/\/api.w.org\/{rel}","templated":true}]}}