{"id":391461,"date":"2025-08-13T14:01:26","date_gmt":"2025-08-13T12:01:26","guid":{"rendered":"https:\/\/test2.michel-promo.com\/en\/product\/hinged-tin-blank-mini-sweets-candy-japanese-mint\/"},"modified":"2025-08-14T13:51:32","modified_gmt":"2025-08-14T11:51:32","slug":"hinged-tin-blank-mini-sweets-candy-japanese-mint","status":"publish","type":"product","link":"https:\/\/test2.michel-promo.com\/hr\/proizvod-2\/hinged-tin-blank-mini-sweets-candy-japanese-mint\/","title":{"rendered":"Kutija na \u0161arke, prazna, Mini slatki\u0161i, bomboni japanske mente"},"content":{"rendered":"<p>Limena kutija s poklopcem na \u0161arke, prazna, izra\u0111ena od metala, pojedina\u010dno otisnuta. S originalnom kop\u010dom i perforacijom koja se mo\u017ee otkidati. Bijeli lim 98% se mo\u017ee reciklirati. Sadr\u017eaj: Cavendish &amp; Harvey mini bomboni japanske mente, 19 g. <\/p>\n<p>Uz nadoplatu: motivi s bijelom pozadinom<\/p>","protected":false},"excerpt":{"rendered":"<ul class=\"keywords-jung\">\n<li>metalni lim<\/li>\n<li>kositar<\/li>\n<li>dati<\/li>\n<li>slatki\u0161i<\/li>\n<li>bombon<\/li>\n<li>metvica<\/li>\n<\/ul>\n<p><strong>Tisak na zahtjev. Mogu\u0107nost koli\u010dinskog popusta.<\/strong><\/p>","protected":false},"featured_media":394331,"template":"","meta":{"_acf_changed":false},"product_brand":[],"product_cat":[81,238,109],"product_tag":[],"class_list":{"0":"post-391461","1":"product","2":"type-product","3":"status-publish","4":"has-post-thumbnail","6":"product_cat-food-and-drink","7":"product_cat-kataloski","8":"product_cat-sweets","10":"first","11":"instock","12":"taxable","13":"shipping-taxable","14":"purchasable","15":"product-type-variable"},"acf":[],"_links":{"self":[{"href":"https:\/\/test2.michel-promo.com\/hr\/wp-json\/wp\/v2\/product\/391461","targetHints":{"allow":["GET"]}}],"collection":[{"href":"https:\/\/test2.michel-promo.com\/hr\/wp-json\/wp\/v2\/product"}],"about":[{"href":"https:\/\/test2.michel-promo.com\/hr\/wp-json\/wp\/v2\/types\/product"}],"version-history":[{"count":0,"href":"https:\/\/test2.michel-promo.com\/hr\/wp-json\/wp\/v2\/product\/391461\/revisions"}],"wp:featuredmedia":[{"embeddable":true,"href":"https:\/\/test2.michel-promo.com\/hr\/wp-json\/wp\/v2\/media\/394331"}],"wp:attachment":[{"href":"https:\/\/test2.michel-promo.com\/hr\/wp-json\/wp\/v2\/media?parent=391461"}],"wp:term":[{"taxonomy":"product_brand","embeddable":true,"href":"https:\/\/test2.michel-promo.com\/hr\/wp-json\/wp\/v2\/product_brand?post=391461"},{"taxonomy":"product_cat","embeddable":true,"href":"https:\/\/test2.michel-promo.com\/hr\/wp-json\/wp\/v2\/product_cat?post=391461"},{"taxonomy":"product_tag","embeddable":true,"href":"https:\/\/test2.michel-promo.com\/hr\/wp-json\/wp\/v2\/product_tag?post=391461"}],"curies":[{"name":"radni list","href":"https:\/\/api.w.org\/{rel}","templated":true}]}}