{"id":396356,"date":"2025-06-24T10:34:13","date_gmt":"2025-06-24T08:34:13","guid":{"rendered":"https:\/\/test2.michel-promo.com\/en\/product\/metal-set-pen-and-ballpoint-pen\/"},"modified":"2025-11-18T13:45:13","modified_gmt":"2025-11-18T11:45:13","slug":"metal-set-pen-and-ballpoint-pen","status":"publish","type":"product","link":"https:\/\/test2.michel-promo.com\/hr\/proizvod\/metal-set-pen-and-ballpoint-pen\/","title":{"rendered":"METALNI SET: PERKOVA I KEMIJSKA OLOVKA"},"content":{"rendered":"<p>Metalni set za pisanje, koji uklju\u010duje metalnu olovku i kemijsku olovku. Masivni pribor za pisanje izra\u0111en od metala, sa sjajnom lakiranom povr\u0161inom i \u0161irokim kop\u010dama. Proizvodi su idealni za nano\u0161enje logotipa kupca. Uvijeni mehanizam zatvaranja i otvaranja u olovci. Tinta njema\u010dke kvalitete, dovoljna za mnogo metara pisanja.<br \/>\nPatrone: metalne, zamjenjive, plava tinta<br \/>\nVisokokvalitetni proizvodi, pakirani u elegantnu crnu kutiju.<\/p>","protected":false},"excerpt":{"rendered":"<p>Tisak na zahtjev. Mogu\u0107nost koli\u010dinskog popusta.<\/p>","protected":false},"featured_media":389402,"template":"","meta":{"_acf_changed":false},"product_brand":[],"product_cat":[10733,10734,10661],"product_tag":[],"class_list":{"0":"post-396356","1":"product","2":"type-product","3":"status-publish","4":"has-post-thumbnail","6":"product_cat-office-and-desk-supplies-products","7":"product_cat-pens-and-pen-sets-office-and-desk-supplies-products","8":"product_cat-products","10":"first","11":"instock","12":"taxable","13":"shipping-taxable","14":"purchasable","15":"product-type-variable"},"acf":[],"yoast_head":"<!-- This site is optimized with the Yoast SEO plugin v26.4 - https:\/\/yoast.com\/wordpress\/plugins\/seo\/ -->\n<title>METAL SET: PEN AND BALLPOINT PEN &#8212; Michel Promo<\/title>\n<meta name=\"robots\" content=\"noindex, follow, max-snippet:-1, max-image-preview:large, max-video-preview:-1\" \/>\n<meta property=\"og:locale\" content=\"hr_HR\" \/>\n<meta property=\"og:type\" content=\"article\" \/>\n<meta property=\"og:title\" content=\"METAL SET: PEN AND BALLPOINT PEN &#8212; Michel Promo\" \/>\n<meta property=\"og:description\" content=\"Print on request. Quantity discount available.\" \/>\n<meta property=\"og:url\" content=\"https:\/\/test2.michel-promo.com\/hr\/proizvod\/metal-set-pen-and-ballpoint-pen\/\" \/>\n<meta property=\"og:site_name\" content=\"Michel Promo\" \/>\n<meta property=\"article:modified_time\" content=\"2025-11-18T11:45:13+00:00\" \/>\n<meta property=\"og:image\" content=\"https:\/\/test2.michel-promo.com\/wp-content\/uploads\/2025\/05\/pd10_pk10_bu_photoroom_2.webp\" \/>\n\t<meta property=\"og:image:width\" content=\"1512\" \/>\n\t<meta property=\"og:image:height\" content=\"1512\" \/>\n\t<meta property=\"og:image:type\" content=\"image\/webp\" \/>\n<meta name=\"twitter:card\" content=\"summary_large_image\" \/>\n<script type=\"application\/ld+json\" class=\"yoast-schema-graph\">{\"@context\":\"https:\/\/schema.org\",\"@graph\":[{\"@type\":\"WebPage\",\"@id\":\"https:\/\/test2.michel-promo.com\/en\/product\/metal-set-pen-and-ballpoint-pen\/\",\"url\":\"https:\/\/test2.michel-promo.com\/en\/product\/metal-set-pen-and-ballpoint-pen\/\",\"name\":\"METAL SET: PEN AND BALLPOINT PEN &#8212; Michel Promo\",\"isPartOf\":{\"@id\":\"https:\/\/test2.michel-promo.com\/hr\/#website\"},\"primaryImageOfPage\":{\"@id\":\"https:\/\/test2.michel-promo.com\/en\/product\/metal-set-pen-and-ballpoint-pen\/#primaryimage\"},\"image\":{\"@id\":\"https:\/\/test2.michel-promo.com\/en\/product\/metal-set-pen-and-ballpoint-pen\/#primaryimage\"},\"thumbnailUrl\":\"https:\/\/test2.michel-promo.com\/wp-content\/uploads\/2025\/05\/pd10_pk10_bu_photoroom_2.webp\",\"datePublished\":\"2025-06-24T08:34:13+00:00\",\"dateModified\":\"2025-11-18T11:45:13+00:00\",\"breadcrumb\":{\"@id\":\"https:\/\/test2.michel-promo.com\/en\/product\/metal-set-pen-and-ballpoint-pen\/#breadcrumb\"},\"inLanguage\":\"hr\",\"potentialAction\":[{\"@type\":\"ReadAction\",\"target\":[\"https:\/\/test2.michel-promo.com\/en\/product\/metal-set-pen-and-ballpoint-pen\/\"]}]},{\"@type\":\"ImageObject\",\"inLanguage\":\"hr\",\"@id\":\"https:\/\/test2.michel-promo.com\/en\/product\/metal-set-pen-and-ballpoint-pen\/#primaryimage\",\"url\":\"https:\/\/test2.michel-promo.com\/wp-content\/uploads\/2025\/05\/pd10_pk10_bu_photoroom_2.webp\",\"contentUrl\":\"https:\/\/test2.michel-promo.com\/wp-content\/uploads\/2025\/05\/pd10_pk10_bu_photoroom_2.webp\",\"width\":1512,\"height\":1512},{\"@type\":\"BreadcrumbList\",\"@id\":\"https:\/\/test2.michel-promo.com\/en\/product\/metal-set-pen-and-ballpoint-pen\/#breadcrumb\",\"itemListElement\":[{\"@type\":\"ListItem\",\"position\":1,\"name\":\"Po\u010detna stranica\",\"item\":\"https:\/\/test2.michel-promo.com\/hr\/\"},{\"@type\":\"ListItem\",\"position\":2,\"name\":\"Shop\",\"item\":\"https:\/\/test2.michel-promo.com\/shop\/\"},{\"@type\":\"ListItem\",\"position\":3,\"name\":\"METAL SET: PEN AND BALLPOINT PEN\"}]},{\"@type\":\"WebSite\",\"@id\":\"https:\/\/test2.michel-promo.com\/hr\/#website\",\"url\":\"https:\/\/test2.michel-promo.com\/hr\/\",\"name\":\"Michel Promo\",\"description\":\"Promotional Products with Personality\",\"publisher\":{\"@id\":\"https:\/\/test2.michel-promo.com\/hr\/#organization\"},\"potentialAction\":[{\"@type\":\"SearchAction\",\"target\":{\"@type\":\"EntryPoint\",\"urlTemplate\":\"https:\/\/test2.michel-promo.com\/hr\/?s={search_term_string}\"},\"query-input\":{\"@type\":\"PropertyValueSpecification\",\"valueRequired\":true,\"valueName\":\"search_term_string\"}}],\"inLanguage\":\"hr\"},{\"@type\":\"Organization\",\"@id\":\"https:\/\/test2.michel-promo.com\/hr\/#organization\",\"name\":\"Michel Promo\",\"url\":\"https:\/\/test2.michel-promo.com\/hr\/\",\"logo\":{\"@type\":\"ImageObject\",\"inLanguage\":\"hr\",\"@id\":\"https:\/\/test2.michel-promo.com\/hr\/#\/schema\/logo\/image\/\",\"url\":\"https:\/\/test2.michel-promo.com\/wp-content\/uploads\/2024\/05\/cropped-Widget-logo.png\",\"contentUrl\":\"https:\/\/test2.michel-promo.com\/wp-content\/uploads\/2024\/05\/cropped-Widget-logo.png\",\"width\":512,\"height\":512,\"caption\":\"Michel Promo\"},\"image\":{\"@id\":\"https:\/\/test2.michel-promo.com\/hr\/#\/schema\/logo\/image\/\"},\"sameAs\":[\"https:\/\/www.instagram.com\/promo_michel\/\",\"https:\/\/www.linkedin.com\/company\/michel-promo\/\"]}]}<\/script>\n<!-- \/ Yoast SEO plugin. -->","yoast_head_json":{"title":"METALNI SET: PERO I KEMIJSKA OLOVKA \u2014 Michel Promo","robots":{"index":"noindex","follow":"follow","max-snippet":"max-snippet:-1","max-image-preview":"max-image-preview:large","max-video-preview":"max-video-preview:-1"},"og_locale":"hr_HR","og_type":"article","og_title":"METAL SET: PEN AND BALLPOINT PEN &#8212; Michel Promo","og_description":"Print on request. Quantity discount available.","og_url":"https:\/\/test2.michel-promo.com\/hr\/proizvod\/metal-set-pen-and-ballpoint-pen\/","og_site_name":"Michel Promo","article_modified_time":"2025-11-18T11:45:13+00:00","og_image":[{"width":1512,"height":1512,"url":"https:\/\/test2.michel-promo.com\/wp-content\/uploads\/2025\/05\/pd10_pk10_bu_photoroom_2.webp","type":"image\/webp"}],"twitter_card":"summary_large_image","schema":{"@context":"https:\/\/schema.org","@graph":[{"@type":"WebPage","@id":"https:\/\/test2.michel-promo.com\/en\/product\/metal-set-pen-and-ballpoint-pen\/","url":"https:\/\/test2.michel-promo.com\/en\/product\/metal-set-pen-and-ballpoint-pen\/","name":"METALNI SET: PERO I KEMIJSKA OLOVKA \u2014 Michel Promo","isPartOf":{"@id":"https:\/\/test2.michel-promo.com\/hr\/#website"},"primaryImageOfPage":{"@id":"https:\/\/test2.michel-promo.com\/en\/product\/metal-set-pen-and-ballpoint-pen\/#primaryimage"},"image":{"@id":"https:\/\/test2.michel-promo.com\/en\/product\/metal-set-pen-and-ballpoint-pen\/#primaryimage"},"thumbnailUrl":"https:\/\/test2.michel-promo.com\/wp-content\/uploads\/2025\/05\/pd10_pk10_bu_photoroom_2.webp","datePublished":"2025-06-24T08:34:13+00:00","dateModified":"2025-11-18T11:45:13+00:00","breadcrumb":{"@id":"https:\/\/test2.michel-promo.com\/en\/product\/metal-set-pen-and-ballpoint-pen\/#breadcrumb"},"inLanguage":"hr","potentialAction":[{"@type":"ReadAction","target":["https:\/\/test2.michel-promo.com\/en\/product\/metal-set-pen-and-ballpoint-pen\/"]}]},{"@type":"ImageObject","inLanguage":"hr","@id":"https:\/\/test2.michel-promo.com\/en\/product\/metal-set-pen-and-ballpoint-pen\/#primaryimage","url":"https:\/\/test2.michel-promo.com\/wp-content\/uploads\/2025\/05\/pd10_pk10_bu_photoroom_2.webp","contentUrl":"https:\/\/test2.michel-promo.com\/wp-content\/uploads\/2025\/05\/pd10_pk10_bu_photoroom_2.webp","width":1512,"height":1512},{"@type":"BreadcrumbList","@id":"https:\/\/test2.michel-promo.com\/en\/product\/metal-set-pen-and-ballpoint-pen\/#breadcrumb","itemListElement":[{"@type":"ListItem","position":1,"name":"Po\u010detna stranica","item":"https:\/\/test2.michel-promo.com\/hr\/"},{"@type":"ListItem","position":2,"name":"Shop","item":"https:\/\/test2.michel-promo.com\/shop\/"},{"@type":"ListItem","position":3,"name":"METAL SET: PEN AND BALLPOINT PEN"}]},{"@type":"WebSite","@id":"https:\/\/test2.michel-promo.com\/hr\/#website","url":"https:\/\/test2.michel-promo.com\/hr\/","name":"Michel Promo","description":"Studio promotivnih proizvoda s karakterom","publisher":{"@id":"https:\/\/test2.michel-promo.com\/hr\/#organization"},"potentialAction":[{"@type":"SearchAction","target":{"@type":"EntryPoint","urlTemplate":"https:\/\/test2.michel-promo.com\/hr\/?s={search_term_string}"},"query-input":{"@type":"PropertyValueSpecification","valueRequired":true,"valueName":"search_term_string"}}],"inLanguage":"hr"},{"@type":"Organization","@id":"https:\/\/test2.michel-promo.com\/hr\/#organization","name":"Michel Promo","url":"https:\/\/test2.michel-promo.com\/hr\/","logo":{"@type":"ImageObject","inLanguage":"hr","@id":"https:\/\/test2.michel-promo.com\/hr\/#\/schema\/logo\/image\/","url":"https:\/\/test2.michel-promo.com\/wp-content\/uploads\/2024\/05\/cropped-Widget-logo.png","contentUrl":"https:\/\/test2.michel-promo.com\/wp-content\/uploads\/2024\/05\/cropped-Widget-logo.png","width":512,"height":512,"caption":"Michel Promo"},"image":{"@id":"https:\/\/test2.michel-promo.com\/hr\/#\/schema\/logo\/image\/"},"sameAs":["https:\/\/www.instagram.com\/promo_michel\/","https:\/\/www.linkedin.com\/company\/michel-promo\/"]}]}},"_links":{"self":[{"href":"https:\/\/test2.michel-promo.com\/hr\/wp-json\/wp\/v2\/product\/396356","targetHints":{"allow":["GET"]}}],"collection":[{"href":"https:\/\/test2.michel-promo.com\/hr\/wp-json\/wp\/v2\/product"}],"about":[{"href":"https:\/\/test2.michel-promo.com\/hr\/wp-json\/wp\/v2\/types\/product"}],"version-history":[{"count":1,"href":"https:\/\/test2.michel-promo.com\/hr\/wp-json\/wp\/v2\/product\/396356\/revisions"}],"predecessor-version":[{"id":399284,"href":"https:\/\/test2.michel-promo.com\/hr\/wp-json\/wp\/v2\/product\/396356\/revisions\/399284"}],"wp:featuredmedia":[{"embeddable":true,"href":"https:\/\/test2.michel-promo.com\/hr\/wp-json\/wp\/v2\/media\/389402"}],"wp:attachment":[{"href":"https:\/\/test2.michel-promo.com\/hr\/wp-json\/wp\/v2\/media?parent=396356"}],"wp:term":[{"taxonomy":"product_brand","embeddable":true,"href":"https:\/\/test2.michel-promo.com\/hr\/wp-json\/wp\/v2\/product_brand?post=396356"},{"taxonomy":"product_cat","embeddable":true,"href":"https:\/\/test2.michel-promo.com\/hr\/wp-json\/wp\/v2\/product_cat?post=396356"},{"taxonomy":"product_tag","embeddable":true,"href":"https:\/\/test2.michel-promo.com\/hr\/wp-json\/wp\/v2\/product_tag?post=396356"}],"curies":[{"name":"radni list","href":"https:\/\/api.w.org\/{rel}","templated":true}]}}