{"id":396542,"date":"2025-06-24T10:51:12","date_gmt":"2025-06-24T08:51:12","guid":{"rendered":"https:\/\/test2.michel-promo.com\/en\/product\/scandic-stainless-vacuum-flask-700ml\/"},"modified":"2025-11-18T13:45:12","modified_gmt":"2025-11-18T11:45:12","slug":"scandic-stainless-vacuum-flask-700ml","status":"publish","type":"product","link":"https:\/\/test2.michel-promo.com\/hr\/proizvod\/scandic-stainless-vacuum-flask-700ml\/","title":{"rendered":"SCANDIC VAKUUMSKA TERMOSA OD NEHR\u0110AJU\u0106EG \u010cELJA, 700 ML"},"content":{"rendered":"<p>Elegantna termosica od nehr\u0111aju\u0107eg \u010delika dizajnirana za prakti\u010dnost i stil. Izra\u0111ena od visokokvalitetnog nehr\u0111aju\u0107eg \u010delika POSCO 18\/8, osigurava trajnost i izvrsnu izolaciju. Vakuumska izolacija odr\u017eava napitke na \u017eeljenoj temperaturi satima. Inovativni 2-u-1 \u010dep slu\u017ei i kao prakti\u010dna \u0161alica, \u0161to ga \u010dini idealnim izborom za putovanja, \u0161etnje ili posao.<\/p>","protected":false},"excerpt":{"rendered":"<p>Tisak na zahtjev. Mogu\u0107nost koli\u010dinskog popusta.<\/p>","protected":false},"featured_media":391017,"template":"","meta":{"_acf_changed":false},"product_brand":[],"product_cat":[10673,10672,10661],"product_tag":[],"class_list":{"0":"post-396542","1":"product","2":"type-product","3":"status-publish","4":"has-post-thumbnail","6":"product_cat-bottles-and-drink-accessories-food-and-drink-products","7":"product_cat-food-and-drink-products","8":"product_cat-products","10":"first","11":"instock","12":"taxable","13":"shipping-taxable","14":"purchasable","15":"product-type-variable"},"acf":[],"yoast_head":"<!-- This site is optimized with the Yoast SEO plugin v26.4 - https:\/\/yoast.com\/wordpress\/plugins\/seo\/ -->\n<title>SCANDIC STAINLESS VACUUM FLASK, 700ML &#8212; Michel Promo<\/title>\n<meta name=\"robots\" content=\"noindex, follow, max-snippet:-1, max-image-preview:large, max-video-preview:-1\" \/>\n<meta property=\"og:locale\" content=\"hr_HR\" \/>\n<meta property=\"og:type\" content=\"article\" \/>\n<meta property=\"og:title\" content=\"SCANDIC STAINLESS VACUUM FLASK, 700ML &#8212; Michel Promo\" \/>\n<meta property=\"og:description\" content=\"Print on request. Quantity discount available.\" \/>\n<meta property=\"og:url\" content=\"https:\/\/test2.michel-promo.com\/hr\/proizvod\/scandic-stainless-vacuum-flask-700ml\/\" \/>\n<meta property=\"og:site_name\" content=\"Michel Promo\" \/>\n<meta property=\"article:modified_time\" content=\"2025-11-18T11:45:12+00:00\" \/>\n<meta property=\"og:image\" content=\"https:\/\/test2.michel-promo.com\/wp-content\/uploads\/2025\/05\/288-scaled.webp\" \/>\n\t<meta property=\"og:image:width\" content=\"2560\" \/>\n\t<meta property=\"og:image:height\" content=\"2560\" \/>\n\t<meta property=\"og:image:type\" content=\"image\/webp\" \/>\n<meta name=\"twitter:card\" content=\"summary_large_image\" \/>\n<script type=\"application\/ld+json\" class=\"yoast-schema-graph\">{\"@context\":\"https:\/\/schema.org\",\"@graph\":[{\"@type\":\"WebPage\",\"@id\":\"https:\/\/test2.michel-promo.com\/en\/product\/scandic-stainless-vacuum-flask-700ml\/\",\"url\":\"https:\/\/test2.michel-promo.com\/en\/product\/scandic-stainless-vacuum-flask-700ml\/\",\"name\":\"SCANDIC STAINLESS VACUUM FLASK, 700ML &#8212; Michel Promo\",\"isPartOf\":{\"@id\":\"https:\/\/test2.michel-promo.com\/hr\/#website\"},\"primaryImageOfPage\":{\"@id\":\"https:\/\/test2.michel-promo.com\/en\/product\/scandic-stainless-vacuum-flask-700ml\/#primaryimage\"},\"image\":{\"@id\":\"https:\/\/test2.michel-promo.com\/en\/product\/scandic-stainless-vacuum-flask-700ml\/#primaryimage\"},\"thumbnailUrl\":\"https:\/\/test2.michel-promo.com\/wp-content\/uploads\/2025\/05\/288-scaled.webp\",\"datePublished\":\"2025-06-24T08:51:12+00:00\",\"dateModified\":\"2025-11-18T11:45:12+00:00\",\"breadcrumb\":{\"@id\":\"https:\/\/test2.michel-promo.com\/en\/product\/scandic-stainless-vacuum-flask-700ml\/#breadcrumb\"},\"inLanguage\":\"hr\",\"potentialAction\":[{\"@type\":\"ReadAction\",\"target\":[\"https:\/\/test2.michel-promo.com\/en\/product\/scandic-stainless-vacuum-flask-700ml\/\"]}]},{\"@type\":\"ImageObject\",\"inLanguage\":\"hr\",\"@id\":\"https:\/\/test2.michel-promo.com\/en\/product\/scandic-stainless-vacuum-flask-700ml\/#primaryimage\",\"url\":\"https:\/\/test2.michel-promo.com\/wp-content\/uploads\/2025\/05\/288-scaled.webp\",\"contentUrl\":\"https:\/\/test2.michel-promo.com\/wp-content\/uploads\/2025\/05\/288-scaled.webp\",\"width\":2560,\"height\":2560},{\"@type\":\"BreadcrumbList\",\"@id\":\"https:\/\/test2.michel-promo.com\/en\/product\/scandic-stainless-vacuum-flask-700ml\/#breadcrumb\",\"itemListElement\":[{\"@type\":\"ListItem\",\"position\":1,\"name\":\"Po\u010detna stranica\",\"item\":\"https:\/\/test2.michel-promo.com\/hr\/\"},{\"@type\":\"ListItem\",\"position\":2,\"name\":\"Shop\",\"item\":\"https:\/\/test2.michel-promo.com\/shop\/\"},{\"@type\":\"ListItem\",\"position\":3,\"name\":\"SCANDIC STAINLESS VACUUM FLASK, 700ML\"}]},{\"@type\":\"WebSite\",\"@id\":\"https:\/\/test2.michel-promo.com\/hr\/#website\",\"url\":\"https:\/\/test2.michel-promo.com\/hr\/\",\"name\":\"Michel Promo\",\"description\":\"Promotional Products with Personality\",\"publisher\":{\"@id\":\"https:\/\/test2.michel-promo.com\/hr\/#organization\"},\"potentialAction\":[{\"@type\":\"SearchAction\",\"target\":{\"@type\":\"EntryPoint\",\"urlTemplate\":\"https:\/\/test2.michel-promo.com\/hr\/?s={search_term_string}\"},\"query-input\":{\"@type\":\"PropertyValueSpecification\",\"valueRequired\":true,\"valueName\":\"search_term_string\"}}],\"inLanguage\":\"hr\"},{\"@type\":\"Organization\",\"@id\":\"https:\/\/test2.michel-promo.com\/hr\/#organization\",\"name\":\"Michel Promo\",\"url\":\"https:\/\/test2.michel-promo.com\/hr\/\",\"logo\":{\"@type\":\"ImageObject\",\"inLanguage\":\"hr\",\"@id\":\"https:\/\/test2.michel-promo.com\/hr\/#\/schema\/logo\/image\/\",\"url\":\"https:\/\/test2.michel-promo.com\/wp-content\/uploads\/2024\/05\/cropped-Widget-logo.png\",\"contentUrl\":\"https:\/\/test2.michel-promo.com\/wp-content\/uploads\/2024\/05\/cropped-Widget-logo.png\",\"width\":512,\"height\":512,\"caption\":\"Michel Promo\"},\"image\":{\"@id\":\"https:\/\/test2.michel-promo.com\/hr\/#\/schema\/logo\/image\/\"},\"sameAs\":[\"https:\/\/www.instagram.com\/promo_michel\/\",\"https:\/\/www.linkedin.com\/company\/michel-promo\/\"]}]}<\/script>\n<!-- \/ Yoast SEO plugin. -->","yoast_head_json":{"title":"SCANDIC VAKUUMSKA TERMOSICA OD NEHR\u0110AJU\u0106EG \u010cELJA, 700 ML \u2014 Michel Promo","robots":{"index":"noindex","follow":"follow","max-snippet":"max-snippet:-1","max-image-preview":"max-image-preview:large","max-video-preview":"max-video-preview:-1"},"og_locale":"hr_HR","og_type":"article","og_title":"SCANDIC STAINLESS VACUUM FLASK, 700ML &#8212; Michel Promo","og_description":"Print on request. Quantity discount available.","og_url":"https:\/\/test2.michel-promo.com\/hr\/proizvod\/scandic-stainless-vacuum-flask-700ml\/","og_site_name":"Michel Promo","article_modified_time":"2025-11-18T11:45:12+00:00","og_image":[{"width":2560,"height":2560,"url":"https:\/\/test2.michel-promo.com\/wp-content\/uploads\/2025\/05\/288-scaled.webp","type":"image\/webp"}],"twitter_card":"summary_large_image","schema":{"@context":"https:\/\/schema.org","@graph":[{"@type":"WebPage","@id":"https:\/\/test2.michel-promo.com\/en\/product\/scandic-stainless-vacuum-flask-700ml\/","url":"https:\/\/test2.michel-promo.com\/en\/product\/scandic-stainless-vacuum-flask-700ml\/","name":"SCANDIC VAKUUMSKA TERMOSICA OD NEHR\u0110AJU\u0106EG \u010cELJA, 700 ML \u2014 Michel Promo","isPartOf":{"@id":"https:\/\/test2.michel-promo.com\/hr\/#website"},"primaryImageOfPage":{"@id":"https:\/\/test2.michel-promo.com\/en\/product\/scandic-stainless-vacuum-flask-700ml\/#primaryimage"},"image":{"@id":"https:\/\/test2.michel-promo.com\/en\/product\/scandic-stainless-vacuum-flask-700ml\/#primaryimage"},"thumbnailUrl":"https:\/\/test2.michel-promo.com\/wp-content\/uploads\/2025\/05\/288-scaled.webp","datePublished":"2025-06-24T08:51:12+00:00","dateModified":"2025-11-18T11:45:12+00:00","breadcrumb":{"@id":"https:\/\/test2.michel-promo.com\/en\/product\/scandic-stainless-vacuum-flask-700ml\/#breadcrumb"},"inLanguage":"hr","potentialAction":[{"@type":"ReadAction","target":["https:\/\/test2.michel-promo.com\/en\/product\/scandic-stainless-vacuum-flask-700ml\/"]}]},{"@type":"ImageObject","inLanguage":"hr","@id":"https:\/\/test2.michel-promo.com\/en\/product\/scandic-stainless-vacuum-flask-700ml\/#primaryimage","url":"https:\/\/test2.michel-promo.com\/wp-content\/uploads\/2025\/05\/288-scaled.webp","contentUrl":"https:\/\/test2.michel-promo.com\/wp-content\/uploads\/2025\/05\/288-scaled.webp","width":2560,"height":2560},{"@type":"BreadcrumbList","@id":"https:\/\/test2.michel-promo.com\/en\/product\/scandic-stainless-vacuum-flask-700ml\/#breadcrumb","itemListElement":[{"@type":"ListItem","position":1,"name":"Po\u010detna stranica","item":"https:\/\/test2.michel-promo.com\/hr\/"},{"@type":"ListItem","position":2,"name":"Shop","item":"https:\/\/test2.michel-promo.com\/shop\/"},{"@type":"ListItem","position":3,"name":"SCANDIC STAINLESS VACUUM FLASK, 700ML"}]},{"@type":"WebSite","@id":"https:\/\/test2.michel-promo.com\/hr\/#website","url":"https:\/\/test2.michel-promo.com\/hr\/","name":"Michel Promo","description":"Studio promotivnih proizvoda s karakterom","publisher":{"@id":"https:\/\/test2.michel-promo.com\/hr\/#organization"},"potentialAction":[{"@type":"SearchAction","target":{"@type":"EntryPoint","urlTemplate":"https:\/\/test2.michel-promo.com\/hr\/?s={search_term_string}"},"query-input":{"@type":"PropertyValueSpecification","valueRequired":true,"valueName":"search_term_string"}}],"inLanguage":"hr"},{"@type":"Organization","@id":"https:\/\/test2.michel-promo.com\/hr\/#organization","name":"Michel Promo","url":"https:\/\/test2.michel-promo.com\/hr\/","logo":{"@type":"ImageObject","inLanguage":"hr","@id":"https:\/\/test2.michel-promo.com\/hr\/#\/schema\/logo\/image\/","url":"https:\/\/test2.michel-promo.com\/wp-content\/uploads\/2024\/05\/cropped-Widget-logo.png","contentUrl":"https:\/\/test2.michel-promo.com\/wp-content\/uploads\/2024\/05\/cropped-Widget-logo.png","width":512,"height":512,"caption":"Michel Promo"},"image":{"@id":"https:\/\/test2.michel-promo.com\/hr\/#\/schema\/logo\/image\/"},"sameAs":["https:\/\/www.instagram.com\/promo_michel\/","https:\/\/www.linkedin.com\/company\/michel-promo\/"]}]}},"_links":{"self":[{"href":"https:\/\/test2.michel-promo.com\/hr\/wp-json\/wp\/v2\/product\/396542","targetHints":{"allow":["GET"]}}],"collection":[{"href":"https:\/\/test2.michel-promo.com\/hr\/wp-json\/wp\/v2\/product"}],"about":[{"href":"https:\/\/test2.michel-promo.com\/hr\/wp-json\/wp\/v2\/types\/product"}],"version-history":[{"count":1,"href":"https:\/\/test2.michel-promo.com\/hr\/wp-json\/wp\/v2\/product\/396542\/revisions"}],"predecessor-version":[{"id":399308,"href":"https:\/\/test2.michel-promo.com\/hr\/wp-json\/wp\/v2\/product\/396542\/revisions\/399308"}],"wp:featuredmedia":[{"embeddable":true,"href":"https:\/\/test2.michel-promo.com\/hr\/wp-json\/wp\/v2\/media\/391017"}],"wp:attachment":[{"href":"https:\/\/test2.michel-promo.com\/hr\/wp-json\/wp\/v2\/media?parent=396542"}],"wp:term":[{"taxonomy":"product_brand","embeddable":true,"href":"https:\/\/test2.michel-promo.com\/hr\/wp-json\/wp\/v2\/product_brand?post=396542"},{"taxonomy":"product_cat","embeddable":true,"href":"https:\/\/test2.michel-promo.com\/hr\/wp-json\/wp\/v2\/product_cat?post=396542"},{"taxonomy":"product_tag","embeddable":true,"href":"https:\/\/test2.michel-promo.com\/hr\/wp-json\/wp\/v2\/product_tag?post=396542"}],"curies":[{"name":"radni list","href":"https:\/\/api.w.org\/{rel}","templated":true}]}}