{"id":398903,"date":"2025-08-12T16:07:25","date_gmt":"2025-08-12T14:07:25","guid":{"rendered":"https:\/\/test2.michel-promo.com\/en\/product\/mini-bar-advent-calendar-lindt-mini-chocolate-bars\/"},"modified":"2025-11-18T13:44:43","modified_gmt":"2025-11-18T11:44:43","slug":"mini-bar-advent-calendar-lindt-mini-chocolate-bars","status":"publish","type":"product","link":"https:\/\/test2.michel-promo.com\/hr\/proizvod\/mini-bar-advent-calendar-lindt-mini-chocolate-bars\/","title":{"rendered":"Adventski kalendar mini bara, Lindt mini \u010dokoladice"},"content":{"rendered":"<p>Adventski kalendar u \u010dvrstom kartonskom omotu s kompostabilnim umetkom, pojedina\u010dno tiskan. S pole\u0111inom s integriranim stalkom i vje\u0161alicom. Sadr\u017eaj: 24 Lindt mini \u010dokoladice izra\u0111ene od najfinije mlije\u010dne \u010dokolade u tri sve\u010dane boje, mije\u0161ane boje, 124 g.<br \/>\nSezonski \u010dlanak \u2013 dok traju zalihe! <\/p>\n<p>Na zahtjev i uz dodatnu naknadu: Pakirano u pojedina\u010dnu kartonsku kutiju prikladnu za slanje<\/p>","protected":false},"excerpt":{"rendered":"<ul class=\"keywords-jung\">\n<li>mala vrata<\/li>\n<li>dolazak<\/li>\n<li>Bo\u017ei\u0107<\/li>\n<li>Bo\u017ei\u0107<\/li>\n<li>dar<\/li>\n<li>papir<\/li>\n<li>\u010dokolada<\/li>\n<li>\u010dokoladice<\/li>\n<\/ul>\n<p><strong>Tisak na zahtjev. Mogu\u0107nost koli\u010dinskog popusta.<\/strong><\/p>","protected":false},"featured_media":397520,"template":"","meta":{"_acf_changed":false},"product_brand":[],"product_cat":[10672,10661],"product_tag":[],"class_list":{"0":"post-398903","1":"product","2":"type-product","3":"status-publish","4":"has-post-thumbnail","6":"product_cat-food-and-drink-products","7":"product_cat-products","9":"first","10":"instock","11":"taxable","12":"shipping-taxable","13":"purchasable","14":"product-type-variable"},"acf":[],"yoast_head":"<!-- This site is optimized with the Yoast SEO plugin v26.4 - https:\/\/yoast.com\/wordpress\/plugins\/seo\/ -->\n<title>Mini bar advent calendar, Lindt mini chocolate bars &#8212; Michel Promo<\/title>\n<meta name=\"robots\" content=\"noindex, follow, max-snippet:-1, max-image-preview:large, max-video-preview:-1\" \/>\n<meta property=\"og:locale\" content=\"hr_HR\" \/>\n<meta property=\"og:type\" content=\"article\" \/>\n<meta property=\"og:title\" content=\"Mini bar advent calendar, Lindt mini chocolate bars &#8212; Michel Promo\" \/>\n<meta property=\"og:description\" content=\"little doorsadventchristmasx-masgiftpaperchocolatechocolate barsPrint on request. Quantity discount available.\" \/>\n<meta property=\"og:url\" content=\"https:\/\/test2.michel-promo.com\/hr\/proizvod\/mini-bar-advent-calendar-lindt-mini-chocolate-bars\/\" \/>\n<meta property=\"og:site_name\" content=\"Michel Promo\" \/>\n<meta property=\"article:modified_time\" content=\"2025-11-18T11:44:43+00:00\" \/>\n<meta name=\"twitter:card\" content=\"summary_large_image\" \/>\n<script type=\"application\/ld+json\" class=\"yoast-schema-graph\">{\"@context\":\"https:\/\/schema.org\",\"@graph\":[{\"@type\":\"WebPage\",\"@id\":\"https:\/\/test2.michel-promo.com\/en\/product\/mini-bar-advent-calendar-lindt-mini-chocolate-bars\/\",\"url\":\"https:\/\/test2.michel-promo.com\/en\/product\/mini-bar-advent-calendar-lindt-mini-chocolate-bars\/\",\"name\":\"Mini bar advent calendar, Lindt mini chocolate bars &#8212; Michel Promo\",\"isPartOf\":{\"@id\":\"https:\/\/test2.michel-promo.com\/hr\/#website\"},\"primaryImageOfPage\":{\"@id\":\"https:\/\/test2.michel-promo.com\/en\/product\/mini-bar-advent-calendar-lindt-mini-chocolate-bars\/#primaryimage\"},\"image\":{\"@id\":\"https:\/\/test2.michel-promo.com\/en\/product\/mini-bar-advent-calendar-lindt-mini-chocolate-bars\/#primaryimage\"},\"thumbnailUrl\":\"https:\/\/test2.michel-promo.com\/wp-content\/uploads\/2025\/08\/taefelchen_adventskalender.jpg\",\"datePublished\":\"2025-08-12T14:07:25+00:00\",\"dateModified\":\"2025-11-18T11:44:43+00:00\",\"breadcrumb\":{\"@id\":\"https:\/\/test2.michel-promo.com\/en\/product\/mini-bar-advent-calendar-lindt-mini-chocolate-bars\/#breadcrumb\"},\"inLanguage\":\"hr\",\"potentialAction\":[{\"@type\":\"ReadAction\",\"target\":[\"https:\/\/test2.michel-promo.com\/en\/product\/mini-bar-advent-calendar-lindt-mini-chocolate-bars\/\"]}]},{\"@type\":\"ImageObject\",\"inLanguage\":\"hr\",\"@id\":\"https:\/\/test2.michel-promo.com\/en\/product\/mini-bar-advent-calendar-lindt-mini-chocolate-bars\/#primaryimage\",\"url\":\"https:\/\/test2.michel-promo.com\/wp-content\/uploads\/2025\/08\/taefelchen_adventskalender.jpg\",\"contentUrl\":\"https:\/\/test2.michel-promo.com\/wp-content\/uploads\/2025\/08\/taefelchen_adventskalender.jpg\",\"width\":800,\"height\":800},{\"@type\":\"BreadcrumbList\",\"@id\":\"https:\/\/test2.michel-promo.com\/en\/product\/mini-bar-advent-calendar-lindt-mini-chocolate-bars\/#breadcrumb\",\"itemListElement\":[{\"@type\":\"ListItem\",\"position\":1,\"name\":\"Po\u010detna stranica\",\"item\":\"https:\/\/test2.michel-promo.com\/hr\/\"},{\"@type\":\"ListItem\",\"position\":2,\"name\":\"Shop\",\"item\":\"https:\/\/test2.michel-promo.com\/shop\/\"},{\"@type\":\"ListItem\",\"position\":3,\"name\":\"Mini bar advent calendar, Lindt mini chocolate bars\"}]},{\"@type\":\"WebSite\",\"@id\":\"https:\/\/test2.michel-promo.com\/hr\/#website\",\"url\":\"https:\/\/test2.michel-promo.com\/hr\/\",\"name\":\"Michel Promo\",\"description\":\"Promotional Products with Personality\",\"publisher\":{\"@id\":\"https:\/\/test2.michel-promo.com\/hr\/#organization\"},\"potentialAction\":[{\"@type\":\"SearchAction\",\"target\":{\"@type\":\"EntryPoint\",\"urlTemplate\":\"https:\/\/test2.michel-promo.com\/hr\/?s={search_term_string}\"},\"query-input\":{\"@type\":\"PropertyValueSpecification\",\"valueRequired\":true,\"valueName\":\"search_term_string\"}}],\"inLanguage\":\"hr\"},{\"@type\":\"Organization\",\"@id\":\"https:\/\/test2.michel-promo.com\/hr\/#organization\",\"name\":\"Michel Promo\",\"url\":\"https:\/\/test2.michel-promo.com\/hr\/\",\"logo\":{\"@type\":\"ImageObject\",\"inLanguage\":\"hr\",\"@id\":\"https:\/\/test2.michel-promo.com\/hr\/#\/schema\/logo\/image\/\",\"url\":\"https:\/\/test2.michel-promo.com\/wp-content\/uploads\/2024\/05\/cropped-Widget-logo.png\",\"contentUrl\":\"https:\/\/test2.michel-promo.com\/wp-content\/uploads\/2024\/05\/cropped-Widget-logo.png\",\"width\":512,\"height\":512,\"caption\":\"Michel Promo\"},\"image\":{\"@id\":\"https:\/\/test2.michel-promo.com\/hr\/#\/schema\/logo\/image\/\"},\"sameAs\":[\"https:\/\/www.instagram.com\/promo_michel\/\",\"https:\/\/www.linkedin.com\/company\/michel-promo\/\"]}]}<\/script>\n<!-- \/ Yoast SEO plugin. -->","yoast_head_json":{"title":"Adventski kalendar za mini barove, Lindt mini \u010dokoladice \u2014 Michel Promo","robots":{"index":"noindex","follow":"follow","max-snippet":"max-snippet:-1","max-image-preview":"max-image-preview:large","max-video-preview":"max-video-preview:-1"},"og_locale":"hr_HR","og_type":"article","og_title":"Mini bar advent calendar, Lindt mini chocolate bars &#8212; Michel Promo","og_description":"little doorsadventchristmasx-masgiftpaperchocolatechocolate barsPrint on request. Quantity discount available.","og_url":"https:\/\/test2.michel-promo.com\/hr\/proizvod\/mini-bar-advent-calendar-lindt-mini-chocolate-bars\/","og_site_name":"Michel Promo","article_modified_time":"2025-11-18T11:44:43+00:00","twitter_card":"summary_large_image","schema":{"@context":"https:\/\/schema.org","@graph":[{"@type":"WebPage","@id":"https:\/\/test2.michel-promo.com\/en\/product\/mini-bar-advent-calendar-lindt-mini-chocolate-bars\/","url":"https:\/\/test2.michel-promo.com\/en\/product\/mini-bar-advent-calendar-lindt-mini-chocolate-bars\/","name":"Adventski kalendar za mini barove, Lindt mini \u010dokoladice \u2014 Michel Promo","isPartOf":{"@id":"https:\/\/test2.michel-promo.com\/hr\/#website"},"primaryImageOfPage":{"@id":"https:\/\/test2.michel-promo.com\/en\/product\/mini-bar-advent-calendar-lindt-mini-chocolate-bars\/#primaryimage"},"image":{"@id":"https:\/\/test2.michel-promo.com\/en\/product\/mini-bar-advent-calendar-lindt-mini-chocolate-bars\/#primaryimage"},"thumbnailUrl":"https:\/\/test2.michel-promo.com\/wp-content\/uploads\/2025\/08\/taefelchen_adventskalender.jpg","datePublished":"2025-08-12T14:07:25+00:00","dateModified":"2025-11-18T11:44:43+00:00","breadcrumb":{"@id":"https:\/\/test2.michel-promo.com\/en\/product\/mini-bar-advent-calendar-lindt-mini-chocolate-bars\/#breadcrumb"},"inLanguage":"hr","potentialAction":[{"@type":"ReadAction","target":["https:\/\/test2.michel-promo.com\/en\/product\/mini-bar-advent-calendar-lindt-mini-chocolate-bars\/"]}]},{"@type":"ImageObject","inLanguage":"hr","@id":"https:\/\/test2.michel-promo.com\/en\/product\/mini-bar-advent-calendar-lindt-mini-chocolate-bars\/#primaryimage","url":"https:\/\/test2.michel-promo.com\/wp-content\/uploads\/2025\/08\/taefelchen_adventskalender.jpg","contentUrl":"https:\/\/test2.michel-promo.com\/wp-content\/uploads\/2025\/08\/taefelchen_adventskalender.jpg","width":800,"height":800},{"@type":"BreadcrumbList","@id":"https:\/\/test2.michel-promo.com\/en\/product\/mini-bar-advent-calendar-lindt-mini-chocolate-bars\/#breadcrumb","itemListElement":[{"@type":"ListItem","position":1,"name":"Po\u010detna stranica","item":"https:\/\/test2.michel-promo.com\/hr\/"},{"@type":"ListItem","position":2,"name":"Shop","item":"https:\/\/test2.michel-promo.com\/shop\/"},{"@type":"ListItem","position":3,"name":"Mini bar advent calendar, Lindt mini chocolate bars"}]},{"@type":"WebSite","@id":"https:\/\/test2.michel-promo.com\/hr\/#website","url":"https:\/\/test2.michel-promo.com\/hr\/","name":"Michel Promo","description":"Studio promotivnih proizvoda s karakterom","publisher":{"@id":"https:\/\/test2.michel-promo.com\/hr\/#organization"},"potentialAction":[{"@type":"SearchAction","target":{"@type":"EntryPoint","urlTemplate":"https:\/\/test2.michel-promo.com\/hr\/?s={search_term_string}"},"query-input":{"@type":"PropertyValueSpecification","valueRequired":true,"valueName":"search_term_string"}}],"inLanguage":"hr"},{"@type":"Organization","@id":"https:\/\/test2.michel-promo.com\/hr\/#organization","name":"Michel Promo","url":"https:\/\/test2.michel-promo.com\/hr\/","logo":{"@type":"ImageObject","inLanguage":"hr","@id":"https:\/\/test2.michel-promo.com\/hr\/#\/schema\/logo\/image\/","url":"https:\/\/test2.michel-promo.com\/wp-content\/uploads\/2024\/05\/cropped-Widget-logo.png","contentUrl":"https:\/\/test2.michel-promo.com\/wp-content\/uploads\/2024\/05\/cropped-Widget-logo.png","width":512,"height":512,"caption":"Michel Promo"},"image":{"@id":"https:\/\/test2.michel-promo.com\/hr\/#\/schema\/logo\/image\/"},"sameAs":["https:\/\/www.instagram.com\/promo_michel\/","https:\/\/www.linkedin.com\/company\/michel-promo\/"]}]}},"_links":{"self":[{"href":"https:\/\/test2.michel-promo.com\/hr\/wp-json\/wp\/v2\/product\/398903","targetHints":{"allow":["GET"]}}],"collection":[{"href":"https:\/\/test2.michel-promo.com\/hr\/wp-json\/wp\/v2\/product"}],"about":[{"href":"https:\/\/test2.michel-promo.com\/hr\/wp-json\/wp\/v2\/types\/product"}],"version-history":[{"count":0,"href":"https:\/\/test2.michel-promo.com\/hr\/wp-json\/wp\/v2\/product\/398903\/revisions"}],"wp:featuredmedia":[{"embeddable":true,"href":"https:\/\/test2.michel-promo.com\/hr\/wp-json\/wp\/v2\/media\/397520"}],"wp:attachment":[{"href":"https:\/\/test2.michel-promo.com\/hr\/wp-json\/wp\/v2\/media?parent=398903"}],"wp:term":[{"taxonomy":"product_brand","embeddable":true,"href":"https:\/\/test2.michel-promo.com\/hr\/wp-json\/wp\/v2\/product_brand?post=398903"},{"taxonomy":"product_cat","embeddable":true,"href":"https:\/\/test2.michel-promo.com\/hr\/wp-json\/wp\/v2\/product_cat?post=398903"},{"taxonomy":"product_tag","embeddable":true,"href":"https:\/\/test2.michel-promo.com\/hr\/wp-json\/wp\/v2\/product_tag?post=398903"}],"curies":[{"name":"radni list","href":"https:\/\/api.w.org\/{rel}","templated":true}]}}