{"id":40356,"date":"2024-04-19T15:31:54","date_gmt":"2024-04-19T13:31:54","guid":{"rendered":"https:\/\/test2.michel-promo.com\/product\/impact-aware-rpet-water-resistant-15-6-laptop-backpack\/"},"modified":"2025-03-24T02:24:38","modified_gmt":"2025-03-24T00:24:38","slug":"impact-aware-rpet-water-resistant-15-6-laptop-backpack","status":"publish","type":"product","link":"https:\/\/test2.michel-promo.com\/hr\/proizvod\/impact-aware-rpet-water-resistant-15-6-laptop-backpack\/","title":{"rendered":"Impact AWARE\u2122 RPET vodootporan ruksak za prijenosno ra\u010dunalo od 15,6 in\u010da"},"content":{"rendered":"<p>Ovaj vodootporni ruksak za prijenosno ra\u010dunalo Impact AWARE\u2122 300D od 15,6 in\u010da idealan je ruksak za studente i putnike. Ovaj super prakti\u010dan dnevni ruksak jam\u010di brz pristup i \u0161titi va\u0161e predmete od ki\u0161e. Unutarnji d\u017eep s pretincem za prijenosno ra\u010dunalo sigurno i sigurno sprema prijenosna ra\u010dunala kada vas uhvati ki\u0161a. Torba ima podstavljeni stra\u017enji dio za dodatnu udobnost tijekom va\u0161eg putovanja na posao. Vanjski i unutarnji dio izra\u0111eni su od 100% recikliranog poliestera. S AWARE\u2122 traga\u010dem koji potvr\u0111uje istinsku upotrebu recikliranih materijala. Svaka torba ima 18 ponovno kori\u0161tenih PET boca od 0,5L. 2% prihoda od svakog prodanog proizvoda Impact bit \u0107e donirano Water.org-u. Bez PVC-a.<\/p>","protected":false},"excerpt":{"rendered":"<p>This Impact AWARE\u2122 300D waterresistant 15.6&#8243; laptop backpack is the ideal backpack for students and commuters alike. This super practical<\/p>","protected":false},"featured_media":294220,"template":"","meta":{"_acf_changed":false},"product_brand":[],"product_cat":[94,80,167],"product_tag":[],"class_list":{"0":"post-40356","1":"product","2":"type-product","3":"status-publish","4":"has-post-thumbnail","6":"product_cat-backpacks-and-shoulder-bags","7":"product_cat-bags-and-travel","8":"product_cat-eco-friendly","10":"first","11":"instock","12":"taxable","13":"shipping-taxable","14":"purchasable","15":"product-type-variable","16":"has-default-attributes"},"acf":[],"yoast_head":"<!-- This site is optimized with the Yoast SEO plugin v26.4 - https:\/\/yoast.com\/wordpress\/plugins\/seo\/ -->\n<title>Impact AWARE\u2122 RPET water resistant 15.6&quot; laptop backpack &#8212; Michel Promo<\/title>\n<meta name=\"robots\" content=\"noindex, follow, max-snippet:-1, max-image-preview:large, max-video-preview:-1\" \/>\n<meta property=\"og:locale\" content=\"hr_HR\" \/>\n<meta property=\"og:type\" content=\"article\" \/>\n<meta property=\"og:title\" content=\"Impact AWARE\u2122 RPET water resistant 15.6&quot; laptop backpack &#8212; Michel Promo\" \/>\n<meta property=\"og:description\" content=\"This Impact AWARE\u2122 300D waterresistant 15.6&#8243; laptop backpack is the ideal backpack for students and commuters alike. This super practical\" \/>\n<meta property=\"og:url\" content=\"https:\/\/test2.michel-promo.com\/hr\/proizvod\/impact-aware-rpet-water-resistant-15-6-laptop-backpack\/\" \/>\n<meta property=\"og:site_name\" content=\"Michel Promo\" \/>\n<meta property=\"article:modified_time\" content=\"2025-03-24T00:24:38+00:00\" \/>\n<meta property=\"og:image\" content=\"https:\/\/test2.michel-promo.com\/wp-content\/uploads\/2024\/04\/x00p762-90-p762-905-1.jpg\" \/>\n\t<meta property=\"og:image:width\" content=\"1024\" \/>\n\t<meta property=\"og:image:height\" content=\"1024\" \/>\n\t<meta property=\"og:image:type\" content=\"image\/jpeg\" \/>\n<meta name=\"twitter:card\" content=\"summary_large_image\" \/>\n<meta name=\"twitter:label1\" content=\"Procijenjeno vrijeme \u010ditanja\" \/>\n\t<meta name=\"twitter:data1\" content=\"1 minuta\" \/>\n<script type=\"application\/ld+json\" class=\"yoast-schema-graph\">{\"@context\":\"https:\/\/schema.org\",\"@graph\":[{\"@type\":\"WebPage\",\"@id\":\"https:\/\/test2.michel-promo.com\/product\/impact-aware-rpet-water-resistant-15-6-laptop-backpack\/\",\"url\":\"https:\/\/test2.michel-promo.com\/product\/impact-aware-rpet-water-resistant-15-6-laptop-backpack\/\",\"name\":\"Impact AWARE\u2122 RPET water resistant 15.6\\\" laptop backpack &#8212; Michel Promo\",\"isPartOf\":{\"@id\":\"https:\/\/test2.michel-promo.com\/hr\/#website\"},\"primaryImageOfPage\":{\"@id\":\"https:\/\/test2.michel-promo.com\/product\/impact-aware-rpet-water-resistant-15-6-laptop-backpack\/#primaryimage\"},\"image\":{\"@id\":\"https:\/\/test2.michel-promo.com\/product\/impact-aware-rpet-water-resistant-15-6-laptop-backpack\/#primaryimage\"},\"thumbnailUrl\":\"https:\/\/test2.michel-promo.com\/wp-content\/uploads\/2024\/04\/x00p762-90-p762-905-1.jpg\",\"datePublished\":\"2024-04-19T13:31:54+00:00\",\"dateModified\":\"2025-03-24T00:24:38+00:00\",\"breadcrumb\":{\"@id\":\"https:\/\/test2.michel-promo.com\/product\/impact-aware-rpet-water-resistant-15-6-laptop-backpack\/#breadcrumb\"},\"inLanguage\":\"hr\",\"potentialAction\":[{\"@type\":\"ReadAction\",\"target\":[\"https:\/\/test2.michel-promo.com\/product\/impact-aware-rpet-water-resistant-15-6-laptop-backpack\/\"]}]},{\"@type\":\"ImageObject\",\"inLanguage\":\"hr\",\"@id\":\"https:\/\/test2.michel-promo.com\/product\/impact-aware-rpet-water-resistant-15-6-laptop-backpack\/#primaryimage\",\"url\":\"https:\/\/test2.michel-promo.com\/wp-content\/uploads\/2024\/04\/x00p762-90-p762-905-1.jpg\",\"contentUrl\":\"https:\/\/test2.michel-promo.com\/wp-content\/uploads\/2024\/04\/x00p762-90-p762-905-1.jpg\",\"width\":1024,\"height\":1024},{\"@type\":\"BreadcrumbList\",\"@id\":\"https:\/\/test2.michel-promo.com\/product\/impact-aware-rpet-water-resistant-15-6-laptop-backpack\/#breadcrumb\",\"itemListElement\":[{\"@type\":\"ListItem\",\"position\":1,\"name\":\"Po\u010detna stranica\",\"item\":\"https:\/\/test2.michel-promo.com\/hr\/\"},{\"@type\":\"ListItem\",\"position\":2,\"name\":\"Shop\",\"item\":\"https:\/\/test2.michel-promo.com\/shop\/\"},{\"@type\":\"ListItem\",\"position\":3,\"name\":\"Impact AWARE\u2122 RPET water resistant 15.6&#8243; laptop backpack\"}]},{\"@type\":\"WebSite\",\"@id\":\"https:\/\/test2.michel-promo.com\/hr\/#website\",\"url\":\"https:\/\/test2.michel-promo.com\/hr\/\",\"name\":\"Michel Promo\",\"description\":\"Promotional Products with Personality\",\"publisher\":{\"@id\":\"https:\/\/test2.michel-promo.com\/hr\/#organization\"},\"potentialAction\":[{\"@type\":\"SearchAction\",\"target\":{\"@type\":\"EntryPoint\",\"urlTemplate\":\"https:\/\/test2.michel-promo.com\/hr\/?s={search_term_string}\"},\"query-input\":{\"@type\":\"PropertyValueSpecification\",\"valueRequired\":true,\"valueName\":\"search_term_string\"}}],\"inLanguage\":\"hr\"},{\"@type\":\"Organization\",\"@id\":\"https:\/\/test2.michel-promo.com\/hr\/#organization\",\"name\":\"Michel Promo\",\"url\":\"https:\/\/test2.michel-promo.com\/hr\/\",\"logo\":{\"@type\":\"ImageObject\",\"inLanguage\":\"hr\",\"@id\":\"https:\/\/test2.michel-promo.com\/hr\/#\/schema\/logo\/image\/\",\"url\":\"https:\/\/test2.michel-promo.com\/wp-content\/uploads\/2024\/05\/cropped-Widget-logo.png\",\"contentUrl\":\"https:\/\/test2.michel-promo.com\/wp-content\/uploads\/2024\/05\/cropped-Widget-logo.png\",\"width\":512,\"height\":512,\"caption\":\"Michel Promo\"},\"image\":{\"@id\":\"https:\/\/test2.michel-promo.com\/hr\/#\/schema\/logo\/image\/\"},\"sameAs\":[\"https:\/\/www.instagram.com\/promo_michel\/\",\"https:\/\/www.linkedin.com\/company\/michel-promo\/\"]}]}<\/script>\n<!-- \/ Yoast SEO plugin. -->","yoast_head_json":{"title":"Impact AWARE\u2122 RPET vodootporan ruksak za prijenosno ra\u010dunalo od 15,6&quot; \u2014 Michel Promo","robots":{"index":"noindex","follow":"follow","max-snippet":"max-snippet:-1","max-image-preview":"max-image-preview:large","max-video-preview":"max-video-preview:-1"},"og_locale":"hr_HR","og_type":"article","og_title":"Impact AWARE\u2122 RPET water resistant 15.6\" laptop backpack &#8212; Michel Promo","og_description":"This Impact AWARE\u2122 300D waterresistant 15.6&#8243; laptop backpack is the ideal backpack for students and commuters alike. This super practical","og_url":"https:\/\/test2.michel-promo.com\/hr\/proizvod\/impact-aware-rpet-water-resistant-15-6-laptop-backpack\/","og_site_name":"Michel Promo","article_modified_time":"2025-03-24T00:24:38+00:00","og_image":[{"width":1024,"height":1024,"url":"https:\/\/test2.michel-promo.com\/wp-content\/uploads\/2024\/04\/x00p762-90-p762-905-1.jpg","type":"image\/jpeg"}],"twitter_card":"summary_large_image","twitter_misc":{"Procijenjeno vrijeme \u010ditanja":"1 minuta"},"schema":{"@context":"https:\/\/schema.org","@graph":[{"@type":"WebPage","@id":"https:\/\/test2.michel-promo.com\/product\/impact-aware-rpet-water-resistant-15-6-laptop-backpack\/","url":"https:\/\/test2.michel-promo.com\/product\/impact-aware-rpet-water-resistant-15-6-laptop-backpack\/","name":"Impact AWARE\u2122 RPET vodootporan ruksak za prijenosno ra\u010dunalo od 15,6&quot; \u2014 Michel Promo","isPartOf":{"@id":"https:\/\/test2.michel-promo.com\/hr\/#website"},"primaryImageOfPage":{"@id":"https:\/\/test2.michel-promo.com\/product\/impact-aware-rpet-water-resistant-15-6-laptop-backpack\/#primaryimage"},"image":{"@id":"https:\/\/test2.michel-promo.com\/product\/impact-aware-rpet-water-resistant-15-6-laptop-backpack\/#primaryimage"},"thumbnailUrl":"https:\/\/test2.michel-promo.com\/wp-content\/uploads\/2024\/04\/x00p762-90-p762-905-1.jpg","datePublished":"2024-04-19T13:31:54+00:00","dateModified":"2025-03-24T00:24:38+00:00","breadcrumb":{"@id":"https:\/\/test2.michel-promo.com\/product\/impact-aware-rpet-water-resistant-15-6-laptop-backpack\/#breadcrumb"},"inLanguage":"hr","potentialAction":[{"@type":"ReadAction","target":["https:\/\/test2.michel-promo.com\/product\/impact-aware-rpet-water-resistant-15-6-laptop-backpack\/"]}]},{"@type":"ImageObject","inLanguage":"hr","@id":"https:\/\/test2.michel-promo.com\/product\/impact-aware-rpet-water-resistant-15-6-laptop-backpack\/#primaryimage","url":"https:\/\/test2.michel-promo.com\/wp-content\/uploads\/2024\/04\/x00p762-90-p762-905-1.jpg","contentUrl":"https:\/\/test2.michel-promo.com\/wp-content\/uploads\/2024\/04\/x00p762-90-p762-905-1.jpg","width":1024,"height":1024},{"@type":"BreadcrumbList","@id":"https:\/\/test2.michel-promo.com\/product\/impact-aware-rpet-water-resistant-15-6-laptop-backpack\/#breadcrumb","itemListElement":[{"@type":"ListItem","position":1,"name":"Po\u010detna stranica","item":"https:\/\/test2.michel-promo.com\/hr\/"},{"@type":"ListItem","position":2,"name":"Shop","item":"https:\/\/test2.michel-promo.com\/shop\/"},{"@type":"ListItem","position":3,"name":"Impact AWARE\u2122 RPET water resistant 15.6&#8243; laptop backpack"}]},{"@type":"WebSite","@id":"https:\/\/test2.michel-promo.com\/hr\/#website","url":"https:\/\/test2.michel-promo.com\/hr\/","name":"Michel Promo","description":"Studio promotivnih proizvoda s karakterom","publisher":{"@id":"https:\/\/test2.michel-promo.com\/hr\/#organization"},"potentialAction":[{"@type":"SearchAction","target":{"@type":"EntryPoint","urlTemplate":"https:\/\/test2.michel-promo.com\/hr\/?s={search_term_string}"},"query-input":{"@type":"PropertyValueSpecification","valueRequired":true,"valueName":"search_term_string"}}],"inLanguage":"hr"},{"@type":"Organization","@id":"https:\/\/test2.michel-promo.com\/hr\/#organization","name":"Michel Promo","url":"https:\/\/test2.michel-promo.com\/hr\/","logo":{"@type":"ImageObject","inLanguage":"hr","@id":"https:\/\/test2.michel-promo.com\/hr\/#\/schema\/logo\/image\/","url":"https:\/\/test2.michel-promo.com\/wp-content\/uploads\/2024\/05\/cropped-Widget-logo.png","contentUrl":"https:\/\/test2.michel-promo.com\/wp-content\/uploads\/2024\/05\/cropped-Widget-logo.png","width":512,"height":512,"caption":"Michel Promo"},"image":{"@id":"https:\/\/test2.michel-promo.com\/hr\/#\/schema\/logo\/image\/"},"sameAs":["https:\/\/www.instagram.com\/promo_michel\/","https:\/\/www.linkedin.com\/company\/michel-promo\/"]}]}},"_links":{"self":[{"href":"https:\/\/test2.michel-promo.com\/hr\/wp-json\/wp\/v2\/product\/40356","targetHints":{"allow":["GET"]}}],"collection":[{"href":"https:\/\/test2.michel-promo.com\/hr\/wp-json\/wp\/v2\/product"}],"about":[{"href":"https:\/\/test2.michel-promo.com\/hr\/wp-json\/wp\/v2\/types\/product"}],"version-history":[{"count":0,"href":"https:\/\/test2.michel-promo.com\/hr\/wp-json\/wp\/v2\/product\/40356\/revisions"}],"wp:featuredmedia":[{"embeddable":true,"href":"https:\/\/test2.michel-promo.com\/hr\/wp-json\/wp\/v2\/media\/294220"}],"wp:attachment":[{"href":"https:\/\/test2.michel-promo.com\/hr\/wp-json\/wp\/v2\/media?parent=40356"}],"wp:term":[{"taxonomy":"product_brand","embeddable":true,"href":"https:\/\/test2.michel-promo.com\/hr\/wp-json\/wp\/v2\/product_brand?post=40356"},{"taxonomy":"product_cat","embeddable":true,"href":"https:\/\/test2.michel-promo.com\/hr\/wp-json\/wp\/v2\/product_cat?post=40356"},{"taxonomy":"product_tag","embeddable":true,"href":"https:\/\/test2.michel-promo.com\/hr\/wp-json\/wp\/v2\/product_tag?post=40356"}],"curies":[{"name":"radni list","href":"https:\/\/api.w.org\/{rel}","templated":true}]}}