{"id":404493,"date":"2026-04-07T12:05:31","date_gmt":"2026-04-07T10:05:31","guid":{"rendered":"https:\/\/test2.michel-promo.com\/en\/product\/zorr-tempo-piezo-upaljac\/"},"modified":"2026-04-07T12:42:16","modified_gmt":"2026-04-07T10:42:16","slug":"zorr-tempo-piezo-upaljac","status":"publish","type":"product","link":"https:\/\/test2.michel-promo.com\/hr\/proizvod\/zorr-tempo-piezo-upaljac\/","title":{"rendered":"ZORR Tempo Piezo upalja\u010d"},"content":{"rendered":"<p>Visokokvalitetni metalni upalja\u010d marke ZORR. Upalja\u010d se mo\u017ee puniti, dolazi pojedina\u010dno pakiran i ima piezo paljenje.<\/p>\n<p class=\"sp-printing-notice\" style=\"margin-top:0.5rem; font-size:18px; font-weight: 600;\">Popust na koli\u010dinu. Po\u0161aljite upit za dostavu i otisak na proizvod.<\/p>","protected":false},"excerpt":{"rendered":"<p>Visokokvalitetni metalni upalja\u010d marke ZORR. Upalja\u010d se mo\u017ee puniti, dolazi pojedina\u010dno pakiran i ima piezo paljenje. Popust na koli\u010dinu. Po\u0161aljite<\/p>","protected":false},"featured_media":404688,"template":"","meta":{"_acf_changed":false},"product_brand":[],"product_cat":[85,153,238],"product_tag":[],"class_list":{"0":"post-404493","1":"product","2":"type-product","3":"status-publish","4":"has-post-thumbnail","6":"product_cat-keys-tools-and-auto-accessories","7":"product_cat-lighters","8":"product_cat-kataloski","10":"first","11":"instock","12":"taxable","13":"shipping-taxable","14":"purchasable","15":"product-type-simple"},"acf":[],"yoast_head":"<!-- This site is optimized with the Yoast SEO plugin v26.4 - https:\/\/yoast.com\/wordpress\/plugins\/seo\/ -->\n<title>ZORR Tempo Piezo upalja\u010d &#8212; Michel Promo<\/title>\n<meta name=\"robots\" content=\"noindex, follow, max-snippet:-1, max-image-preview:large, max-video-preview:-1\" \/>\n<meta property=\"og:locale\" content=\"hr_HR\" \/>\n<meta property=\"og:type\" content=\"article\" \/>\n<meta property=\"og:title\" content=\"ZORR Tempo Piezo upalja\u010d &#8212; Michel Promo\" \/>\n<meta property=\"og:description\" content=\"Visokokvalitetni metalni upalja\u010d marke ZORR. Upalja\u010d se mo\u017ee puniti, dolazi pojedina\u010dno pakiran i ima piezo paljenje. Popust na koli\u010dinu. Po\u0161aljite\" \/>\n<meta property=\"og:url\" content=\"https:\/\/test2.michel-promo.com\/hr\/proizvod\/zorr-tempo-piezo-upaljac\/\" \/>\n<meta property=\"og:site_name\" content=\"Michel Promo\" \/>\n<meta property=\"article:modified_time\" content=\"2026-04-07T10:42:16+00:00\" \/>\n<meta name=\"twitter:card\" content=\"summary_large_image\" \/>\n<script type=\"application\/ld+json\" class=\"yoast-schema-graph\">{\"@context\":\"https:\/\/schema.org\",\"@graph\":[{\"@type\":\"WebPage\",\"@id\":\"https:\/\/test2.michel-promo.com\/en\/product\/zorr-tempo-piezo-upaljac\/\",\"url\":\"https:\/\/test2.michel-promo.com\/en\/product\/zorr-tempo-piezo-upaljac\/\",\"name\":\"ZORR Tempo Piezo upalja\u010d &#8212; Michel Promo\",\"isPartOf\":{\"@id\":\"https:\/\/test2.michel-promo.com\/hr\/#website\"},\"primaryImageOfPage\":{\"@id\":\"https:\/\/test2.michel-promo.com\/en\/product\/zorr-tempo-piezo-upaljac\/#primaryimage\"},\"image\":{\"@id\":\"https:\/\/test2.michel-promo.com\/en\/product\/zorr-tempo-piezo-upaljac\/#primaryimage\"},\"thumbnailUrl\":\"https:\/\/test2.michel-promo.com\/wp-content\/uploads\/2026\/04\/70951A.jpg\",\"datePublished\":\"2026-04-07T10:05:31+00:00\",\"dateModified\":\"2026-04-07T10:42:16+00:00\",\"breadcrumb\":{\"@id\":\"https:\/\/test2.michel-promo.com\/en\/product\/zorr-tempo-piezo-upaljac\/#breadcrumb\"},\"inLanguage\":\"hr\",\"potentialAction\":[{\"@type\":\"ReadAction\",\"target\":[\"https:\/\/test2.michel-promo.com\/en\/product\/zorr-tempo-piezo-upaljac\/\"]}]},{\"@type\":\"ImageObject\",\"inLanguage\":\"hr\",\"@id\":\"https:\/\/test2.michel-promo.com\/en\/product\/zorr-tempo-piezo-upaljac\/#primaryimage\",\"url\":\"https:\/\/test2.michel-promo.com\/wp-content\/uploads\/2026\/04\/70951A.jpg\",\"contentUrl\":\"https:\/\/test2.michel-promo.com\/wp-content\/uploads\/2026\/04\/70951A.jpg\",\"width\":1024,\"height\":1024},{\"@type\":\"BreadcrumbList\",\"@id\":\"https:\/\/test2.michel-promo.com\/en\/product\/zorr-tempo-piezo-upaljac\/#breadcrumb\",\"itemListElement\":[{\"@type\":\"ListItem\",\"position\":1,\"name\":\"Po\u010detna stranica\",\"item\":\"https:\/\/test2.michel-promo.com\/hr\/\"},{\"@type\":\"ListItem\",\"position\":2,\"name\":\"Shop\",\"item\":\"https:\/\/test2.michel-promo.com\/shop\/\"},{\"@type\":\"ListItem\",\"position\":3,\"name\":\"ZORR Tempo Piezo upalja\u010d\"}]},{\"@type\":\"WebSite\",\"@id\":\"https:\/\/test2.michel-promo.com\/hr\/#website\",\"url\":\"https:\/\/test2.michel-promo.com\/hr\/\",\"name\":\"Michel Promo\",\"description\":\"Promotional Products with Personality\",\"publisher\":{\"@id\":\"https:\/\/test2.michel-promo.com\/hr\/#organization\"},\"potentialAction\":[{\"@type\":\"SearchAction\",\"target\":{\"@type\":\"EntryPoint\",\"urlTemplate\":\"https:\/\/test2.michel-promo.com\/hr\/?s={search_term_string}\"},\"query-input\":{\"@type\":\"PropertyValueSpecification\",\"valueRequired\":true,\"valueName\":\"search_term_string\"}}],\"inLanguage\":\"hr\"},{\"@type\":\"Organization\",\"@id\":\"https:\/\/test2.michel-promo.com\/hr\/#organization\",\"name\":\"Michel Promo\",\"url\":\"https:\/\/test2.michel-promo.com\/hr\/\",\"logo\":{\"@type\":\"ImageObject\",\"inLanguage\":\"hr\",\"@id\":\"https:\/\/test2.michel-promo.com\/hr\/#\/schema\/logo\/image\/\",\"url\":\"https:\/\/test2.michel-promo.com\/wp-content\/uploads\/2024\/05\/cropped-Widget-logo.png\",\"contentUrl\":\"https:\/\/test2.michel-promo.com\/wp-content\/uploads\/2024\/05\/cropped-Widget-logo.png\",\"width\":512,\"height\":512,\"caption\":\"Michel Promo\"},\"image\":{\"@id\":\"https:\/\/test2.michel-promo.com\/hr\/#\/schema\/logo\/image\/\"},\"sameAs\":[\"https:\/\/www.instagram.com\/promo_michel\/\",\"https:\/\/www.linkedin.com\/company\/michel-promo\/\"]}]}<\/script>\n<!-- \/ Yoast SEO plugin. -->","yoast_head_json":{"title":"ZORR Tempo Piezo upalja\u010d &#8212; Michel Promo","robots":{"index":"noindex","follow":"follow","max-snippet":"max-snippet:-1","max-image-preview":"max-image-preview:large","max-video-preview":"max-video-preview:-1"},"og_locale":"hr_HR","og_type":"article","og_title":"ZORR Tempo Piezo upalja\u010d &#8212; Michel Promo","og_description":"Visokokvalitetni metalni upalja\u010d marke ZORR. Upalja\u010d se mo\u017ee puniti, dolazi pojedina\u010dno pakiran i ima piezo paljenje. Popust na koli\u010dinu. Po\u0161aljite","og_url":"https:\/\/test2.michel-promo.com\/hr\/proizvod\/zorr-tempo-piezo-upaljac\/","og_site_name":"Michel Promo","article_modified_time":"2026-04-07T10:42:16+00:00","twitter_card":"summary_large_image","schema":{"@context":"https:\/\/schema.org","@graph":[{"@type":"WebPage","@id":"https:\/\/test2.michel-promo.com\/en\/product\/zorr-tempo-piezo-upaljac\/","url":"https:\/\/test2.michel-promo.com\/en\/product\/zorr-tempo-piezo-upaljac\/","name":"ZORR Tempo Piezo upalja\u010d &#8212; Michel Promo","isPartOf":{"@id":"https:\/\/test2.michel-promo.com\/hr\/#website"},"primaryImageOfPage":{"@id":"https:\/\/test2.michel-promo.com\/en\/product\/zorr-tempo-piezo-upaljac\/#primaryimage"},"image":{"@id":"https:\/\/test2.michel-promo.com\/en\/product\/zorr-tempo-piezo-upaljac\/#primaryimage"},"thumbnailUrl":"https:\/\/test2.michel-promo.com\/wp-content\/uploads\/2026\/04\/70951A.jpg","datePublished":"2026-04-07T10:05:31+00:00","dateModified":"2026-04-07T10:42:16+00:00","breadcrumb":{"@id":"https:\/\/test2.michel-promo.com\/en\/product\/zorr-tempo-piezo-upaljac\/#breadcrumb"},"inLanguage":"hr","potentialAction":[{"@type":"ReadAction","target":["https:\/\/test2.michel-promo.com\/en\/product\/zorr-tempo-piezo-upaljac\/"]}]},{"@type":"ImageObject","inLanguage":"hr","@id":"https:\/\/test2.michel-promo.com\/en\/product\/zorr-tempo-piezo-upaljac\/#primaryimage","url":"https:\/\/test2.michel-promo.com\/wp-content\/uploads\/2026\/04\/70951A.jpg","contentUrl":"https:\/\/test2.michel-promo.com\/wp-content\/uploads\/2026\/04\/70951A.jpg","width":1024,"height":1024},{"@type":"BreadcrumbList","@id":"https:\/\/test2.michel-promo.com\/en\/product\/zorr-tempo-piezo-upaljac\/#breadcrumb","itemListElement":[{"@type":"ListItem","position":1,"name":"Po\u010detna stranica","item":"https:\/\/test2.michel-promo.com\/hr\/"},{"@type":"ListItem","position":2,"name":"Shop","item":"https:\/\/test2.michel-promo.com\/shop\/"},{"@type":"ListItem","position":3,"name":"ZORR Tempo Piezo upalja\u010d"}]},{"@type":"WebSite","@id":"https:\/\/test2.michel-promo.com\/hr\/#website","url":"https:\/\/test2.michel-promo.com\/hr\/","name":"Michel Promo","description":"Studio promotivnih proizvoda s karakterom","publisher":{"@id":"https:\/\/test2.michel-promo.com\/hr\/#organization"},"potentialAction":[{"@type":"SearchAction","target":{"@type":"EntryPoint","urlTemplate":"https:\/\/test2.michel-promo.com\/hr\/?s={search_term_string}"},"query-input":{"@type":"PropertyValueSpecification","valueRequired":true,"valueName":"search_term_string"}}],"inLanguage":"hr"},{"@type":"Organization","@id":"https:\/\/test2.michel-promo.com\/hr\/#organization","name":"Michel Promo","url":"https:\/\/test2.michel-promo.com\/hr\/","logo":{"@type":"ImageObject","inLanguage":"hr","@id":"https:\/\/test2.michel-promo.com\/hr\/#\/schema\/logo\/image\/","url":"https:\/\/test2.michel-promo.com\/wp-content\/uploads\/2024\/05\/cropped-Widget-logo.png","contentUrl":"https:\/\/test2.michel-promo.com\/wp-content\/uploads\/2024\/05\/cropped-Widget-logo.png","width":512,"height":512,"caption":"Michel Promo"},"image":{"@id":"https:\/\/test2.michel-promo.com\/hr\/#\/schema\/logo\/image\/"},"sameAs":["https:\/\/www.instagram.com\/promo_michel\/","https:\/\/www.linkedin.com\/company\/michel-promo\/"]}]}},"_links":{"self":[{"href":"https:\/\/test2.michel-promo.com\/hr\/wp-json\/wp\/v2\/product\/404493","targetHints":{"allow":["GET"]}}],"collection":[{"href":"https:\/\/test2.michel-promo.com\/hr\/wp-json\/wp\/v2\/product"}],"about":[{"href":"https:\/\/test2.michel-promo.com\/hr\/wp-json\/wp\/v2\/types\/product"}],"version-history":[{"count":0,"href":"https:\/\/test2.michel-promo.com\/hr\/wp-json\/wp\/v2\/product\/404493\/revisions"}],"wp:featuredmedia":[{"embeddable":true,"href":"https:\/\/test2.michel-promo.com\/hr\/wp-json\/wp\/v2\/media\/404688"}],"wp:attachment":[{"href":"https:\/\/test2.michel-promo.com\/hr\/wp-json\/wp\/v2\/media?parent=404493"}],"wp:term":[{"taxonomy":"product_brand","embeddable":true,"href":"https:\/\/test2.michel-promo.com\/hr\/wp-json\/wp\/v2\/product_brand?post=404493"},{"taxonomy":"product_cat","embeddable":true,"href":"https:\/\/test2.michel-promo.com\/hr\/wp-json\/wp\/v2\/product_cat?post=404493"},{"taxonomy":"product_tag","embeddable":true,"href":"https:\/\/test2.michel-promo.com\/hr\/wp-json\/wp\/v2\/product_tag?post=404493"}],"curies":[{"name":"radni list","href":"https:\/\/api.w.org\/{rel}","templated":true}]}}