{"id":40667,"date":"2024-04-19T15:34:31","date_gmt":"2024-04-19T13:34:31","guid":{"rendered":"https:\/\/test2.michel-promo.com\/product\/swiss-peak-aware-rfid-anti-theft-15-laptop-backpack\/"},"modified":"2025-03-24T02:25:14","modified_gmt":"2025-03-24T00:25:14","slug":"swiss-peak-aware-rfid-anti-theft-15-laptop-backpack","status":"publish","type":"product","link":"https:\/\/test2.michel-promo.com\/hr\/proizvod\/swiss-peak-aware-rfid-anti-theft-15-laptop-backpack\/","title":{"rendered":"Swiss Peak AWARE\u2122 RFID ruksak za prijenosno ra\u010dunalo od 15,6 in\u010da protiv kra\u0111e"},"content":{"rendered":"<p>Ovaj ruksak za prijenosno ra\u010dunalo Swiss Peak AWARE\u2122 od 15,6 in\u010da s otvorom na stra\u017enjoj strani protiv kra\u0111e olak\u0161ava no\u0161enje va\u0161ih tehni\u010dkih naprava i osobnih predmeta. Unutra\u0161njost sadr\u017ei pretinac za prijenosno ra\u010dunalo i tablet. RFID sigurni d\u017eepovi za va\u0161 nov\u010danik i putovnicu. Lako pove\u017eite svoj Power Bank s integriranim USB Type-C priklju\u010dkom za punjenje i punite svoj telefon ili tablet dok ste u pokretu. Skriveni stra\u017enji d\u017eep za jednostavan pristup. S AWARE\u2122 traga\u010dem koji potvr\u0111uje istinsku upotrebu recikliranih materijala. Svaka torba ima ponovno kori\u0161teno 20,8 PET boca. 2% prihoda od svakog prodanog Aware\u2122 proizvoda bit \u0107e donirano Water.org-u.<\/p>","protected":false},"excerpt":{"rendered":"<p>This Swiss Peak AWARE\u2122 15.6&#8243; laptop backpack with anti-theft back opening makes it easy to carry your tech gadgets and<\/p>","protected":false},"featured_media":294700,"template":"","meta":{"_acf_changed":false},"product_brand":[],"product_cat":[94,80,167],"product_tag":[],"class_list":{"0":"post-40667","1":"product","2":"type-product","3":"status-publish","4":"has-post-thumbnail","6":"product_cat-backpacks-and-shoulder-bags","7":"product_cat-bags-and-travel","8":"product_cat-eco-friendly","10":"first","11":"instock","12":"taxable","13":"shipping-taxable","14":"purchasable","15":"product-type-variable","16":"has-default-attributes"},"acf":[],"yoast_head":"<!-- This site is optimized with the Yoast SEO plugin v26.4 - https:\/\/yoast.com\/wordpress\/plugins\/seo\/ -->\n<title>Swiss Peak AWARE\u2122 RFID anti-theft 15.6&#039;&#039; laptop backpack &#8212; Michel Promo<\/title>\n<meta name=\"robots\" content=\"noindex, follow, max-snippet:-1, max-image-preview:large, max-video-preview:-1\" \/>\n<meta property=\"og:locale\" content=\"hr_HR\" \/>\n<meta property=\"og:type\" content=\"article\" \/>\n<meta property=\"og:title\" content=\"Swiss Peak AWARE\u2122 RFID anti-theft 15.6&#039;&#039; laptop backpack &#8212; Michel Promo\" \/>\n<meta property=\"og:description\" content=\"This Swiss Peak AWARE\u2122 15.6&#8243; laptop backpack with anti-theft back opening makes it easy to carry your tech gadgets and\" \/>\n<meta property=\"og:url\" content=\"https:\/\/test2.michel-promo.com\/hr\/proizvod\/swiss-peak-aware-rfid-anti-theft-15-laptop-backpack\/\" \/>\n<meta property=\"og:site_name\" content=\"Michel Promo\" \/>\n<meta property=\"article:modified_time\" content=\"2025-03-24T00:25:14+00:00\" \/>\n<meta property=\"og:image\" content=\"https:\/\/test2.michel-promo.com\/wp-content\/uploads\/2024\/04\/x00p763-13-p763-132-1.jpg\" \/>\n\t<meta property=\"og:image:width\" content=\"1024\" \/>\n\t<meta property=\"og:image:height\" content=\"1024\" \/>\n\t<meta property=\"og:image:type\" content=\"image\/jpeg\" \/>\n<meta name=\"twitter:card\" content=\"summary_large_image\" \/>\n<script type=\"application\/ld+json\" class=\"yoast-schema-graph\">{\"@context\":\"https:\/\/schema.org\",\"@graph\":[{\"@type\":\"WebPage\",\"@id\":\"https:\/\/test2.michel-promo.com\/product\/swiss-peak-aware-rfid-anti-theft-15-laptop-backpack\/\",\"url\":\"https:\/\/test2.michel-promo.com\/product\/swiss-peak-aware-rfid-anti-theft-15-laptop-backpack\/\",\"name\":\"Swiss Peak AWARE\u2122 RFID anti-theft 15.6'' laptop backpack &#8212; Michel Promo\",\"isPartOf\":{\"@id\":\"https:\/\/test2.michel-promo.com\/hr\/#website\"},\"primaryImageOfPage\":{\"@id\":\"https:\/\/test2.michel-promo.com\/product\/swiss-peak-aware-rfid-anti-theft-15-laptop-backpack\/#primaryimage\"},\"image\":{\"@id\":\"https:\/\/test2.michel-promo.com\/product\/swiss-peak-aware-rfid-anti-theft-15-laptop-backpack\/#primaryimage\"},\"thumbnailUrl\":\"https:\/\/test2.michel-promo.com\/wp-content\/uploads\/2024\/04\/x00p763-13-p763-132-1.jpg\",\"datePublished\":\"2024-04-19T13:34:31+00:00\",\"dateModified\":\"2025-03-24T00:25:14+00:00\",\"breadcrumb\":{\"@id\":\"https:\/\/test2.michel-promo.com\/product\/swiss-peak-aware-rfid-anti-theft-15-laptop-backpack\/#breadcrumb\"},\"inLanguage\":\"hr\",\"potentialAction\":[{\"@type\":\"ReadAction\",\"target\":[\"https:\/\/test2.michel-promo.com\/product\/swiss-peak-aware-rfid-anti-theft-15-laptop-backpack\/\"]}]},{\"@type\":\"ImageObject\",\"inLanguage\":\"hr\",\"@id\":\"https:\/\/test2.michel-promo.com\/product\/swiss-peak-aware-rfid-anti-theft-15-laptop-backpack\/#primaryimage\",\"url\":\"https:\/\/test2.michel-promo.com\/wp-content\/uploads\/2024\/04\/x00p763-13-p763-132-1.jpg\",\"contentUrl\":\"https:\/\/test2.michel-promo.com\/wp-content\/uploads\/2024\/04\/x00p763-13-p763-132-1.jpg\",\"width\":1024,\"height\":1024},{\"@type\":\"BreadcrumbList\",\"@id\":\"https:\/\/test2.michel-promo.com\/product\/swiss-peak-aware-rfid-anti-theft-15-laptop-backpack\/#breadcrumb\",\"itemListElement\":[{\"@type\":\"ListItem\",\"position\":1,\"name\":\"Po\u010detna stranica\",\"item\":\"https:\/\/test2.michel-promo.com\/hr\/\"},{\"@type\":\"ListItem\",\"position\":2,\"name\":\"Shop\",\"item\":\"https:\/\/test2.michel-promo.com\/shop\/\"},{\"@type\":\"ListItem\",\"position\":3,\"name\":\"Swiss Peak AWARE\u2122 RFID anti-theft 15.6&#8221; laptop backpack\"}]},{\"@type\":\"WebSite\",\"@id\":\"https:\/\/test2.michel-promo.com\/hr\/#website\",\"url\":\"https:\/\/test2.michel-promo.com\/hr\/\",\"name\":\"Michel Promo\",\"description\":\"Promotional Products with Personality\",\"publisher\":{\"@id\":\"https:\/\/test2.michel-promo.com\/hr\/#organization\"},\"potentialAction\":[{\"@type\":\"SearchAction\",\"target\":{\"@type\":\"EntryPoint\",\"urlTemplate\":\"https:\/\/test2.michel-promo.com\/hr\/?s={search_term_string}\"},\"query-input\":{\"@type\":\"PropertyValueSpecification\",\"valueRequired\":true,\"valueName\":\"search_term_string\"}}],\"inLanguage\":\"hr\"},{\"@type\":\"Organization\",\"@id\":\"https:\/\/test2.michel-promo.com\/hr\/#organization\",\"name\":\"Michel Promo\",\"url\":\"https:\/\/test2.michel-promo.com\/hr\/\",\"logo\":{\"@type\":\"ImageObject\",\"inLanguage\":\"hr\",\"@id\":\"https:\/\/test2.michel-promo.com\/hr\/#\/schema\/logo\/image\/\",\"url\":\"https:\/\/test2.michel-promo.com\/wp-content\/uploads\/2024\/05\/cropped-Widget-logo.png\",\"contentUrl\":\"https:\/\/test2.michel-promo.com\/wp-content\/uploads\/2024\/05\/cropped-Widget-logo.png\",\"width\":512,\"height\":512,\"caption\":\"Michel Promo\"},\"image\":{\"@id\":\"https:\/\/test2.michel-promo.com\/hr\/#\/schema\/logo\/image\/\"},\"sameAs\":[\"https:\/\/www.instagram.com\/promo_michel\/\",\"https:\/\/www.linkedin.com\/company\/michel-promo\/\"]}]}<\/script>\n<!-- \/ Yoast SEO plugin. -->","yoast_head_json":{"title":"Swiss Peak AWARE\u2122 RFID ruksak za prijenosno ra\u010dunalo od 15,6 in\u010da protiv kra\u0111e \u2014 Michel Promo","robots":{"index":"noindex","follow":"follow","max-snippet":"max-snippet:-1","max-image-preview":"max-image-preview:large","max-video-preview":"max-video-preview:-1"},"og_locale":"hr_HR","og_type":"article","og_title":"Swiss Peak AWARE\u2122 RFID anti-theft 15.6'' laptop backpack &#8212; Michel Promo","og_description":"This Swiss Peak AWARE\u2122 15.6&#8243; laptop backpack with anti-theft back opening makes it easy to carry your tech gadgets and","og_url":"https:\/\/test2.michel-promo.com\/hr\/proizvod\/swiss-peak-aware-rfid-anti-theft-15-laptop-backpack\/","og_site_name":"Michel Promo","article_modified_time":"2025-03-24T00:25:14+00:00","og_image":[{"width":1024,"height":1024,"url":"https:\/\/test2.michel-promo.com\/wp-content\/uploads\/2024\/04\/x00p763-13-p763-132-1.jpg","type":"image\/jpeg"}],"twitter_card":"summary_large_image","schema":{"@context":"https:\/\/schema.org","@graph":[{"@type":"WebPage","@id":"https:\/\/test2.michel-promo.com\/product\/swiss-peak-aware-rfid-anti-theft-15-laptop-backpack\/","url":"https:\/\/test2.michel-promo.com\/product\/swiss-peak-aware-rfid-anti-theft-15-laptop-backpack\/","name":"Swiss Peak AWARE\u2122 RFID ruksak za prijenosno ra\u010dunalo od 15,6 in\u010da protiv kra\u0111e \u2014 Michel Promo","isPartOf":{"@id":"https:\/\/test2.michel-promo.com\/hr\/#website"},"primaryImageOfPage":{"@id":"https:\/\/test2.michel-promo.com\/product\/swiss-peak-aware-rfid-anti-theft-15-laptop-backpack\/#primaryimage"},"image":{"@id":"https:\/\/test2.michel-promo.com\/product\/swiss-peak-aware-rfid-anti-theft-15-laptop-backpack\/#primaryimage"},"thumbnailUrl":"https:\/\/test2.michel-promo.com\/wp-content\/uploads\/2024\/04\/x00p763-13-p763-132-1.jpg","datePublished":"2024-04-19T13:34:31+00:00","dateModified":"2025-03-24T00:25:14+00:00","breadcrumb":{"@id":"https:\/\/test2.michel-promo.com\/product\/swiss-peak-aware-rfid-anti-theft-15-laptop-backpack\/#breadcrumb"},"inLanguage":"hr","potentialAction":[{"@type":"ReadAction","target":["https:\/\/test2.michel-promo.com\/product\/swiss-peak-aware-rfid-anti-theft-15-laptop-backpack\/"]}]},{"@type":"ImageObject","inLanguage":"hr","@id":"https:\/\/test2.michel-promo.com\/product\/swiss-peak-aware-rfid-anti-theft-15-laptop-backpack\/#primaryimage","url":"https:\/\/test2.michel-promo.com\/wp-content\/uploads\/2024\/04\/x00p763-13-p763-132-1.jpg","contentUrl":"https:\/\/test2.michel-promo.com\/wp-content\/uploads\/2024\/04\/x00p763-13-p763-132-1.jpg","width":1024,"height":1024},{"@type":"BreadcrumbList","@id":"https:\/\/test2.michel-promo.com\/product\/swiss-peak-aware-rfid-anti-theft-15-laptop-backpack\/#breadcrumb","itemListElement":[{"@type":"ListItem","position":1,"name":"Po\u010detna stranica","item":"https:\/\/test2.michel-promo.com\/hr\/"},{"@type":"ListItem","position":2,"name":"Shop","item":"https:\/\/test2.michel-promo.com\/shop\/"},{"@type":"ListItem","position":3,"name":"Swiss Peak AWARE\u2122 RFID anti-theft 15.6&#8221; laptop backpack"}]},{"@type":"WebSite","@id":"https:\/\/test2.michel-promo.com\/hr\/#website","url":"https:\/\/test2.michel-promo.com\/hr\/","name":"Michel Promo","description":"Studio promotivnih proizvoda s karakterom","publisher":{"@id":"https:\/\/test2.michel-promo.com\/hr\/#organization"},"potentialAction":[{"@type":"SearchAction","target":{"@type":"EntryPoint","urlTemplate":"https:\/\/test2.michel-promo.com\/hr\/?s={search_term_string}"},"query-input":{"@type":"PropertyValueSpecification","valueRequired":true,"valueName":"search_term_string"}}],"inLanguage":"hr"},{"@type":"Organization","@id":"https:\/\/test2.michel-promo.com\/hr\/#organization","name":"Michel Promo","url":"https:\/\/test2.michel-promo.com\/hr\/","logo":{"@type":"ImageObject","inLanguage":"hr","@id":"https:\/\/test2.michel-promo.com\/hr\/#\/schema\/logo\/image\/","url":"https:\/\/test2.michel-promo.com\/wp-content\/uploads\/2024\/05\/cropped-Widget-logo.png","contentUrl":"https:\/\/test2.michel-promo.com\/wp-content\/uploads\/2024\/05\/cropped-Widget-logo.png","width":512,"height":512,"caption":"Michel Promo"},"image":{"@id":"https:\/\/test2.michel-promo.com\/hr\/#\/schema\/logo\/image\/"},"sameAs":["https:\/\/www.instagram.com\/promo_michel\/","https:\/\/www.linkedin.com\/company\/michel-promo\/"]}]}},"_links":{"self":[{"href":"https:\/\/test2.michel-promo.com\/hr\/wp-json\/wp\/v2\/product\/40667","targetHints":{"allow":["GET"]}}],"collection":[{"href":"https:\/\/test2.michel-promo.com\/hr\/wp-json\/wp\/v2\/product"}],"about":[{"href":"https:\/\/test2.michel-promo.com\/hr\/wp-json\/wp\/v2\/types\/product"}],"version-history":[{"count":0,"href":"https:\/\/test2.michel-promo.com\/hr\/wp-json\/wp\/v2\/product\/40667\/revisions"}],"wp:featuredmedia":[{"embeddable":true,"href":"https:\/\/test2.michel-promo.com\/hr\/wp-json\/wp\/v2\/media\/294700"}],"wp:attachment":[{"href":"https:\/\/test2.michel-promo.com\/hr\/wp-json\/wp\/v2\/media?parent=40667"}],"wp:term":[{"taxonomy":"product_brand","embeddable":true,"href":"https:\/\/test2.michel-promo.com\/hr\/wp-json\/wp\/v2\/product_brand?post=40667"},{"taxonomy":"product_cat","embeddable":true,"href":"https:\/\/test2.michel-promo.com\/hr\/wp-json\/wp\/v2\/product_cat?post=40667"},{"taxonomy":"product_tag","embeddable":true,"href":"https:\/\/test2.michel-promo.com\/hr\/wp-json\/wp\/v2\/product_tag?post=40667"}],"curies":[{"name":"radni list","href":"https:\/\/api.w.org\/{rel}","templated":true}]}}