{"id":40700,"date":"2024-04-19T15:34:49","date_gmt":"2024-04-19T13:34:49","guid":{"rendered":"https:\/\/test2.michel-promo.com\/product\/impact-aware-lima-15-6-rfid-laptop-backpack\/"},"modified":"2025-03-24T02:25:17","modified_gmt":"2025-03-24T00:25:17","slug":"impact-aware-lima-15-6-rfid-laptop-backpack","status":"publish","type":"product","link":"https:\/\/test2.michel-promo.com\/hr\/proizvod\/impact-aware-lima-15-6-rfid-laptop-backpack\/","title":{"rendered":"Ruksak za prijenosno ra\u010dunalo Impact AWARE\u2122 Lima 15,6\u2032 RFID"},"content":{"rendered":"<p>Lima je jednostavan, prakti\u010dan i izdr\u017eljiv svakodnevni ruksak s 2 bo\u010dna d\u017eepa za boce s vodom ili va\u0161 ki\u0161obran. Prakti\u010dan USB A izlaz na remenu. Podstavljeni 15,6\u2033 pretinac za prijenosno ra\u010dunalo kao i nekoliko prostranih pretinaca i RFID za\u0161ti\u0107enih d\u017eepova na rukavima. S AWARE\u2122 traga\u010dem koji potvr\u0111uje istinsku upotrebu recikliranih materijala. Svaki ruksak ima 32,8 ponovno iskori\u0161tenih boca. 2% prihoda od svakog prodanog proizvoda Impact bit \u0107e donirano Water.org-u. Sastav 100% reciklirani poliester. Registrirani dizajn\u00ae<\/p>","protected":false},"excerpt":{"rendered":"<p>Lima je jednostavan, prakti\u010dan i izdr\u017eljiv svakodnevni ruksak s 2 bo\u010dna d\u017eepa za boce s vodom ili va\u0161 ki\u0161obran.<\/p>","protected":false},"featured_media":294755,"template":"","meta":{"_acf_changed":false},"product_brand":[],"product_cat":[94,80,167],"product_tag":[],"class_list":{"0":"post-40700","1":"product","2":"type-product","3":"status-publish","4":"has-post-thumbnail","6":"product_cat-backpacks-and-shoulder-bags","7":"product_cat-bags-and-travel","8":"product_cat-eco-friendly","10":"first","11":"instock","12":"taxable","13":"shipping-taxable","14":"purchasable","15":"product-type-variable","16":"has-default-attributes"},"acf":[],"yoast_head":"<!-- This site is optimized with the Yoast SEO plugin v26.4 - https:\/\/yoast.com\/wordpress\/plugins\/seo\/ -->\n<title>Impact AWARE\u2122 Lima 15.6&#039; RFID laptop backpack &#8212; Michel Promo<\/title>\n<meta name=\"robots\" content=\"noindex, follow, max-snippet:-1, max-image-preview:large, max-video-preview:-1\" \/>\n<meta property=\"og:locale\" content=\"hr_HR\" \/>\n<meta property=\"og:type\" content=\"article\" \/>\n<meta property=\"og:title\" content=\"Impact AWARE\u2122 Lima 15.6&#039; RFID laptop backpack &#8212; Michel Promo\" \/>\n<meta property=\"og:description\" content=\"The Lima is a simple, practical and durable everyday backpack with 2 side pockets for water bottles or your umbrella.\" \/>\n<meta property=\"og:url\" content=\"https:\/\/test2.michel-promo.com\/hr\/proizvod\/impact-aware-lima-15-6-rfid-laptop-backpack\/\" \/>\n<meta property=\"og:site_name\" content=\"Michel Promo\" \/>\n<meta property=\"article:modified_time\" content=\"2025-03-24T00:25:17+00:00\" \/>\n<meta property=\"og:image\" content=\"https:\/\/test2.michel-promo.com\/wp-content\/uploads\/2024\/04\/x00p763-15-p763-157-1.jpg\" \/>\n\t<meta property=\"og:image:width\" content=\"1024\" \/>\n\t<meta property=\"og:image:height\" content=\"1024\" \/>\n\t<meta property=\"og:image:type\" content=\"image\/jpeg\" \/>\n<meta name=\"twitter:card\" content=\"summary_large_image\" \/>\n<script type=\"application\/ld+json\" class=\"yoast-schema-graph\">{\"@context\":\"https:\/\/schema.org\",\"@graph\":[{\"@type\":\"WebPage\",\"@id\":\"https:\/\/test2.michel-promo.com\/product\/impact-aware-lima-15-6-rfid-laptop-backpack\/\",\"url\":\"https:\/\/test2.michel-promo.com\/product\/impact-aware-lima-15-6-rfid-laptop-backpack\/\",\"name\":\"Impact AWARE\u2122 Lima 15.6' RFID laptop backpack &#8212; Michel Promo\",\"isPartOf\":{\"@id\":\"https:\/\/test2.michel-promo.com\/hr\/#website\"},\"primaryImageOfPage\":{\"@id\":\"https:\/\/test2.michel-promo.com\/product\/impact-aware-lima-15-6-rfid-laptop-backpack\/#primaryimage\"},\"image\":{\"@id\":\"https:\/\/test2.michel-promo.com\/product\/impact-aware-lima-15-6-rfid-laptop-backpack\/#primaryimage\"},\"thumbnailUrl\":\"https:\/\/test2.michel-promo.com\/wp-content\/uploads\/2024\/04\/x00p763-15-p763-157-1.jpg\",\"datePublished\":\"2024-04-19T13:34:49+00:00\",\"dateModified\":\"2025-03-24T00:25:17+00:00\",\"breadcrumb\":{\"@id\":\"https:\/\/test2.michel-promo.com\/product\/impact-aware-lima-15-6-rfid-laptop-backpack\/#breadcrumb\"},\"inLanguage\":\"hr\",\"potentialAction\":[{\"@type\":\"ReadAction\",\"target\":[\"https:\/\/test2.michel-promo.com\/product\/impact-aware-lima-15-6-rfid-laptop-backpack\/\"]}]},{\"@type\":\"ImageObject\",\"inLanguage\":\"hr\",\"@id\":\"https:\/\/test2.michel-promo.com\/product\/impact-aware-lima-15-6-rfid-laptop-backpack\/#primaryimage\",\"url\":\"https:\/\/test2.michel-promo.com\/wp-content\/uploads\/2024\/04\/x00p763-15-p763-157-1.jpg\",\"contentUrl\":\"https:\/\/test2.michel-promo.com\/wp-content\/uploads\/2024\/04\/x00p763-15-p763-157-1.jpg\",\"width\":1024,\"height\":1024},{\"@type\":\"BreadcrumbList\",\"@id\":\"https:\/\/test2.michel-promo.com\/product\/impact-aware-lima-15-6-rfid-laptop-backpack\/#breadcrumb\",\"itemListElement\":[{\"@type\":\"ListItem\",\"position\":1,\"name\":\"Po\u010detna stranica\",\"item\":\"https:\/\/test2.michel-promo.com\/hr\/\"},{\"@type\":\"ListItem\",\"position\":2,\"name\":\"Shop\",\"item\":\"https:\/\/test2.michel-promo.com\/shop\/\"},{\"@type\":\"ListItem\",\"position\":3,\"name\":\"Impact AWARE\u2122 Lima 15.6&#8242; RFID laptop backpack\"}]},{\"@type\":\"WebSite\",\"@id\":\"https:\/\/test2.michel-promo.com\/hr\/#website\",\"url\":\"https:\/\/test2.michel-promo.com\/hr\/\",\"name\":\"Michel Promo\",\"description\":\"Promotional Products with Personality\",\"publisher\":{\"@id\":\"https:\/\/test2.michel-promo.com\/hr\/#organization\"},\"potentialAction\":[{\"@type\":\"SearchAction\",\"target\":{\"@type\":\"EntryPoint\",\"urlTemplate\":\"https:\/\/test2.michel-promo.com\/hr\/?s={search_term_string}\"},\"query-input\":{\"@type\":\"PropertyValueSpecification\",\"valueRequired\":true,\"valueName\":\"search_term_string\"}}],\"inLanguage\":\"hr\"},{\"@type\":\"Organization\",\"@id\":\"https:\/\/test2.michel-promo.com\/hr\/#organization\",\"name\":\"Michel Promo\",\"url\":\"https:\/\/test2.michel-promo.com\/hr\/\",\"logo\":{\"@type\":\"ImageObject\",\"inLanguage\":\"hr\",\"@id\":\"https:\/\/test2.michel-promo.com\/hr\/#\/schema\/logo\/image\/\",\"url\":\"https:\/\/test2.michel-promo.com\/wp-content\/uploads\/2024\/05\/cropped-Widget-logo.png\",\"contentUrl\":\"https:\/\/test2.michel-promo.com\/wp-content\/uploads\/2024\/05\/cropped-Widget-logo.png\",\"width\":512,\"height\":512,\"caption\":\"Michel Promo\"},\"image\":{\"@id\":\"https:\/\/test2.michel-promo.com\/hr\/#\/schema\/logo\/image\/\"},\"sameAs\":[\"https:\/\/www.instagram.com\/promo_michel\/\",\"https:\/\/www.linkedin.com\/company\/michel-promo\/\"]}]}<\/script>\n<!-- \/ Yoast SEO plugin. -->","yoast_head_json":{"title":"Ruksak za prijenosno ra\u010dunalo Impact AWARE\u2122 Lima 15,6&#039; RFID \u2014 Michel Promo","robots":{"index":"noindex","follow":"follow","max-snippet":"max-snippet:-1","max-image-preview":"max-image-preview:large","max-video-preview":"max-video-preview:-1"},"og_locale":"hr_HR","og_type":"article","og_title":"Impact AWARE\u2122 Lima 15.6' RFID laptop backpack &#8212; Michel Promo","og_description":"The Lima is a simple, practical and durable everyday backpack with 2 side pockets for water bottles or your umbrella.","og_url":"https:\/\/test2.michel-promo.com\/hr\/proizvod\/impact-aware-lima-15-6-rfid-laptop-backpack\/","og_site_name":"Michel Promo","article_modified_time":"2025-03-24T00:25:17+00:00","og_image":[{"width":1024,"height":1024,"url":"https:\/\/test2.michel-promo.com\/wp-content\/uploads\/2024\/04\/x00p763-15-p763-157-1.jpg","type":"image\/jpeg"}],"twitter_card":"summary_large_image","schema":{"@context":"https:\/\/schema.org","@graph":[{"@type":"WebPage","@id":"https:\/\/test2.michel-promo.com\/product\/impact-aware-lima-15-6-rfid-laptop-backpack\/","url":"https:\/\/test2.michel-promo.com\/product\/impact-aware-lima-15-6-rfid-laptop-backpack\/","name":"Ruksak za prijenosno ra\u010dunalo Impact AWARE\u2122 Lima 15,6&#039; RFID \u2014 Michel Promo","isPartOf":{"@id":"https:\/\/test2.michel-promo.com\/hr\/#website"},"primaryImageOfPage":{"@id":"https:\/\/test2.michel-promo.com\/product\/impact-aware-lima-15-6-rfid-laptop-backpack\/#primaryimage"},"image":{"@id":"https:\/\/test2.michel-promo.com\/product\/impact-aware-lima-15-6-rfid-laptop-backpack\/#primaryimage"},"thumbnailUrl":"https:\/\/test2.michel-promo.com\/wp-content\/uploads\/2024\/04\/x00p763-15-p763-157-1.jpg","datePublished":"2024-04-19T13:34:49+00:00","dateModified":"2025-03-24T00:25:17+00:00","breadcrumb":{"@id":"https:\/\/test2.michel-promo.com\/product\/impact-aware-lima-15-6-rfid-laptop-backpack\/#breadcrumb"},"inLanguage":"hr","potentialAction":[{"@type":"ReadAction","target":["https:\/\/test2.michel-promo.com\/product\/impact-aware-lima-15-6-rfid-laptop-backpack\/"]}]},{"@type":"ImageObject","inLanguage":"hr","@id":"https:\/\/test2.michel-promo.com\/product\/impact-aware-lima-15-6-rfid-laptop-backpack\/#primaryimage","url":"https:\/\/test2.michel-promo.com\/wp-content\/uploads\/2024\/04\/x00p763-15-p763-157-1.jpg","contentUrl":"https:\/\/test2.michel-promo.com\/wp-content\/uploads\/2024\/04\/x00p763-15-p763-157-1.jpg","width":1024,"height":1024},{"@type":"BreadcrumbList","@id":"https:\/\/test2.michel-promo.com\/product\/impact-aware-lima-15-6-rfid-laptop-backpack\/#breadcrumb","itemListElement":[{"@type":"ListItem","position":1,"name":"Po\u010detna stranica","item":"https:\/\/test2.michel-promo.com\/hr\/"},{"@type":"ListItem","position":2,"name":"Shop","item":"https:\/\/test2.michel-promo.com\/shop\/"},{"@type":"ListItem","position":3,"name":"Impact AWARE\u2122 Lima 15.6&#8242; RFID laptop backpack"}]},{"@type":"WebSite","@id":"https:\/\/test2.michel-promo.com\/hr\/#website","url":"https:\/\/test2.michel-promo.com\/hr\/","name":"Michel Promo","description":"Studio promotivnih proizvoda s karakterom","publisher":{"@id":"https:\/\/test2.michel-promo.com\/hr\/#organization"},"potentialAction":[{"@type":"SearchAction","target":{"@type":"EntryPoint","urlTemplate":"https:\/\/test2.michel-promo.com\/hr\/?s={search_term_string}"},"query-input":{"@type":"PropertyValueSpecification","valueRequired":true,"valueName":"search_term_string"}}],"inLanguage":"hr"},{"@type":"Organization","@id":"https:\/\/test2.michel-promo.com\/hr\/#organization","name":"Michel Promo","url":"https:\/\/test2.michel-promo.com\/hr\/","logo":{"@type":"ImageObject","inLanguage":"hr","@id":"https:\/\/test2.michel-promo.com\/hr\/#\/schema\/logo\/image\/","url":"https:\/\/test2.michel-promo.com\/wp-content\/uploads\/2024\/05\/cropped-Widget-logo.png","contentUrl":"https:\/\/test2.michel-promo.com\/wp-content\/uploads\/2024\/05\/cropped-Widget-logo.png","width":512,"height":512,"caption":"Michel Promo"},"image":{"@id":"https:\/\/test2.michel-promo.com\/hr\/#\/schema\/logo\/image\/"},"sameAs":["https:\/\/www.instagram.com\/promo_michel\/","https:\/\/www.linkedin.com\/company\/michel-promo\/"]}]}},"_links":{"self":[{"href":"https:\/\/test2.michel-promo.com\/hr\/wp-json\/wp\/v2\/product\/40700","targetHints":{"allow":["GET"]}}],"collection":[{"href":"https:\/\/test2.michel-promo.com\/hr\/wp-json\/wp\/v2\/product"}],"about":[{"href":"https:\/\/test2.michel-promo.com\/hr\/wp-json\/wp\/v2\/types\/product"}],"version-history":[{"count":0,"href":"https:\/\/test2.michel-promo.com\/hr\/wp-json\/wp\/v2\/product\/40700\/revisions"}],"wp:featuredmedia":[{"embeddable":true,"href":"https:\/\/test2.michel-promo.com\/hr\/wp-json\/wp\/v2\/media\/294755"}],"wp:attachment":[{"href":"https:\/\/test2.michel-promo.com\/hr\/wp-json\/wp\/v2\/media?parent=40700"}],"wp:term":[{"taxonomy":"product_brand","embeddable":true,"href":"https:\/\/test2.michel-promo.com\/hr\/wp-json\/wp\/v2\/product_brand?post=40700"},{"taxonomy":"product_cat","embeddable":true,"href":"https:\/\/test2.michel-promo.com\/hr\/wp-json\/wp\/v2\/product_cat?post=40700"},{"taxonomy":"product_tag","embeddable":true,"href":"https:\/\/test2.michel-promo.com\/hr\/wp-json\/wp\/v2\/product_tag?post=40700"}],"curies":[{"name":"radni list","href":"https:\/\/api.w.org\/{rel}","templated":true}]}}