{"id":40880,"date":"2024-04-19T15:36:19","date_gmt":"2024-04-19T13:36:19","guid":{"rendered":"https:\/\/test2.michel-promo.com\/product\/armond-aware-rpet-15-6-inch-standard-laptop-backpack\/"},"modified":"2025-03-24T02:25:49","modified_gmt":"2025-03-24T00:25:49","slug":"armond-aware-rpet-15-6-inch-standard-laptop-backpack","status":"publish","type":"product","link":"https:\/\/test2.michel-promo.com\/hr\/proizvod\/armond-aware-rpet-15-6-inch-standard-laptop-backpack\/","title":{"rendered":"Standardni ruksak za prijenosno ra\u010dunalo Armond AWARE\u2122 RPET od 15,6 in\u010da"},"content":{"rendered":"<p>\u010cist dizajn \u010dini ovaj ruksak vrlo svestranim i idealnim za posao ili slobodno vrijeme. Dovoljno je pametan za salu za sastanke, ali jo\u0161 uvijek nudi svu pogodnost i udobnost ruksaka. Za\u0161titite svoje prijenosno ra\u010dunalo od 15,6 in\u010da podstavljenim pretincem za prijenosno ra\u010dunalo. Lako dohvatite svoje bitne stvari uz prednji d\u017eep s patentnim zatvara\u010dem. Izra\u0111en od recikliranog poliestera s ugra\u0111enim traga\u010dem AWARE\u2122. 2% prihoda od svakog proizvoda prodanog uz AWARE\u2122 bit \u0107e donirano Water.org. Bez PVC-a.<\/p>","protected":false},"excerpt":{"rendered":"<p>\u010cist dizajn \u010dini ovaj ruksak vrlo svestranim i idealnim za posao ili slobodno vrijeme. Dovoljno je pametno za sobu za sastanke,<\/p>","protected":false},"featured_media":295315,"template":"","meta":{"_acf_changed":false},"product_brand":[],"product_cat":[94,80,167],"product_tag":[],"class_list":{"0":"post-40880","1":"product","2":"type-product","3":"status-publish","4":"has-post-thumbnail","6":"product_cat-backpacks-and-shoulder-bags","7":"product_cat-bags-and-travel","8":"product_cat-eco-friendly","10":"first","11":"instock","12":"taxable","13":"shipping-taxable","14":"purchasable","15":"product-type-variable","16":"has-default-attributes"},"acf":[],"yoast_head":"<!-- This site is optimized with the Yoast SEO plugin v26.4 - https:\/\/yoast.com\/wordpress\/plugins\/seo\/ -->\n<title>Armond AWARE\u2122 RPET 15.6 inch standard laptop backpack &#8212; Michel Promo<\/title>\n<meta name=\"robots\" content=\"noindex, follow, max-snippet:-1, max-image-preview:large, max-video-preview:-1\" \/>\n<meta property=\"og:locale\" content=\"hr_HR\" \/>\n<meta property=\"og:type\" content=\"article\" \/>\n<meta property=\"og:title\" content=\"Armond AWARE\u2122 RPET 15.6 inch standard laptop backpack &#8212; Michel Promo\" \/>\n<meta property=\"og:description\" content=\"The clean design makes the backpack highly versatile and ideal for work or leisure. It\u2019s smart enough for the boardroom,\" \/>\n<meta property=\"og:url\" content=\"https:\/\/test2.michel-promo.com\/hr\/proizvod\/armond-aware-rpet-15-6-inch-standard-laptop-backpack\/\" \/>\n<meta property=\"og:site_name\" content=\"Michel Promo\" \/>\n<meta property=\"article:modified_time\" content=\"2025-03-24T00:25:49+00:00\" \/>\n<meta property=\"og:image\" content=\"https:\/\/test2.michel-promo.com\/wp-content\/uploads\/2024\/04\/x00p763-30-p763-305-1.jpg\" \/>\n\t<meta property=\"og:image:width\" content=\"1024\" \/>\n\t<meta property=\"og:image:height\" content=\"1024\" \/>\n\t<meta property=\"og:image:type\" content=\"image\/jpeg\" \/>\n<meta name=\"twitter:card\" content=\"summary_large_image\" \/>\n<script type=\"application\/ld+json\" class=\"yoast-schema-graph\">{\"@context\":\"https:\/\/schema.org\",\"@graph\":[{\"@type\":\"WebPage\",\"@id\":\"https:\/\/test2.michel-promo.com\/product\/armond-aware-rpet-15-6-inch-standard-laptop-backpack\/\",\"url\":\"https:\/\/test2.michel-promo.com\/product\/armond-aware-rpet-15-6-inch-standard-laptop-backpack\/\",\"name\":\"Armond AWARE\u2122 RPET 15.6 inch standard laptop backpack &#8212; Michel Promo\",\"isPartOf\":{\"@id\":\"https:\/\/test2.michel-promo.com\/hr\/#website\"},\"primaryImageOfPage\":{\"@id\":\"https:\/\/test2.michel-promo.com\/product\/armond-aware-rpet-15-6-inch-standard-laptop-backpack\/#primaryimage\"},\"image\":{\"@id\":\"https:\/\/test2.michel-promo.com\/product\/armond-aware-rpet-15-6-inch-standard-laptop-backpack\/#primaryimage\"},\"thumbnailUrl\":\"https:\/\/test2.michel-promo.com\/wp-content\/uploads\/2024\/04\/x00p763-30-p763-305-1.jpg\",\"datePublished\":\"2024-04-19T13:36:19+00:00\",\"dateModified\":\"2025-03-24T00:25:49+00:00\",\"breadcrumb\":{\"@id\":\"https:\/\/test2.michel-promo.com\/product\/armond-aware-rpet-15-6-inch-standard-laptop-backpack\/#breadcrumb\"},\"inLanguage\":\"hr\",\"potentialAction\":[{\"@type\":\"ReadAction\",\"target\":[\"https:\/\/test2.michel-promo.com\/product\/armond-aware-rpet-15-6-inch-standard-laptop-backpack\/\"]}]},{\"@type\":\"ImageObject\",\"inLanguage\":\"hr\",\"@id\":\"https:\/\/test2.michel-promo.com\/product\/armond-aware-rpet-15-6-inch-standard-laptop-backpack\/#primaryimage\",\"url\":\"https:\/\/test2.michel-promo.com\/wp-content\/uploads\/2024\/04\/x00p763-30-p763-305-1.jpg\",\"contentUrl\":\"https:\/\/test2.michel-promo.com\/wp-content\/uploads\/2024\/04\/x00p763-30-p763-305-1.jpg\",\"width\":1024,\"height\":1024},{\"@type\":\"BreadcrumbList\",\"@id\":\"https:\/\/test2.michel-promo.com\/product\/armond-aware-rpet-15-6-inch-standard-laptop-backpack\/#breadcrumb\",\"itemListElement\":[{\"@type\":\"ListItem\",\"position\":1,\"name\":\"Po\u010detna stranica\",\"item\":\"https:\/\/test2.michel-promo.com\/\"},{\"@type\":\"ListItem\",\"position\":2,\"name\":\"Shop\",\"item\":\"https:\/\/test2.michel-promo.com\/shop\/\"},{\"@type\":\"ListItem\",\"position\":3,\"name\":\"Armond AWARE\u2122 RPET 15.6 inch standard laptop backpack\"}]},{\"@type\":\"WebSite\",\"@id\":\"https:\/\/test2.michel-promo.com\/hr\/#website\",\"url\":\"https:\/\/test2.michel-promo.com\/hr\/\",\"name\":\"Michel Promo\",\"description\":\"Promotional Products with Personality\",\"publisher\":{\"@id\":\"https:\/\/test2.michel-promo.com\/hr\/#organization\"},\"potentialAction\":[{\"@type\":\"SearchAction\",\"target\":{\"@type\":\"EntryPoint\",\"urlTemplate\":\"https:\/\/test2.michel-promo.com\/hr\/?s={search_term_string}\"},\"query-input\":{\"@type\":\"PropertyValueSpecification\",\"valueRequired\":true,\"valueName\":\"search_term_string\"}}],\"inLanguage\":\"hr\"},{\"@type\":\"Organization\",\"@id\":\"https:\/\/test2.michel-promo.com\/hr\/#organization\",\"name\":\"Michel Promo\",\"url\":\"https:\/\/test2.michel-promo.com\/hr\/\",\"logo\":{\"@type\":\"ImageObject\",\"inLanguage\":\"hr\",\"@id\":\"https:\/\/test2.michel-promo.com\/hr\/#\/schema\/logo\/image\/\",\"url\":\"https:\/\/test2.michel-promo.com\/wp-content\/uploads\/2024\/05\/cropped-Widget-logo.png\",\"contentUrl\":\"https:\/\/test2.michel-promo.com\/wp-content\/uploads\/2024\/05\/cropped-Widget-logo.png\",\"width\":512,\"height\":512,\"caption\":\"Michel Promo\"},\"image\":{\"@id\":\"https:\/\/test2.michel-promo.com\/hr\/#\/schema\/logo\/image\/\"},\"sameAs\":[\"https:\/\/www.instagram.com\/promo_michel\/\",\"https:\/\/www.linkedin.com\/company\/michel-promo\/\"]}]}<\/script>\n<!-- \/ Yoast SEO plugin. -->","yoast_head_json":{"title":"Standardni ruksak za prijenosno ra\u010dunalo Armond AWARE\u2122 RPET od 15,6 in\u010da \u2014 Michel Promo","robots":{"index":"noindex","follow":"follow","max-snippet":"max-snippet:-1","max-image-preview":"max-image-preview:large","max-video-preview":"max-video-preview:-1"},"og_locale":"hr_HR","og_type":"article","og_title":"Armond AWARE\u2122 RPET 15.6 inch standard laptop backpack &#8212; Michel Promo","og_description":"The clean design makes the backpack highly versatile and ideal for work or leisure. It\u2019s smart enough for the boardroom,","og_url":"https:\/\/test2.michel-promo.com\/hr\/proizvod\/armond-aware-rpet-15-6-inch-standard-laptop-backpack\/","og_site_name":"Michel Promo","article_modified_time":"2025-03-24T00:25:49+00:00","og_image":[{"width":1024,"height":1024,"url":"https:\/\/test2.michel-promo.com\/wp-content\/uploads\/2024\/04\/x00p763-30-p763-305-1.jpg","type":"image\/jpeg"}],"twitter_card":"summary_large_image","schema":{"@context":"https:\/\/schema.org","@graph":[{"@type":"WebPage","@id":"https:\/\/test2.michel-promo.com\/product\/armond-aware-rpet-15-6-inch-standard-laptop-backpack\/","url":"https:\/\/test2.michel-promo.com\/product\/armond-aware-rpet-15-6-inch-standard-laptop-backpack\/","name":"Standardni ruksak za prijenosno ra\u010dunalo Armond AWARE\u2122 RPET od 15,6 in\u010da \u2014 Michel Promo","isPartOf":{"@id":"https:\/\/test2.michel-promo.com\/hr\/#website"},"primaryImageOfPage":{"@id":"https:\/\/test2.michel-promo.com\/product\/armond-aware-rpet-15-6-inch-standard-laptop-backpack\/#primaryimage"},"image":{"@id":"https:\/\/test2.michel-promo.com\/product\/armond-aware-rpet-15-6-inch-standard-laptop-backpack\/#primaryimage"},"thumbnailUrl":"https:\/\/test2.michel-promo.com\/wp-content\/uploads\/2024\/04\/x00p763-30-p763-305-1.jpg","datePublished":"2024-04-19T13:36:19+00:00","dateModified":"2025-03-24T00:25:49+00:00","breadcrumb":{"@id":"https:\/\/test2.michel-promo.com\/product\/armond-aware-rpet-15-6-inch-standard-laptop-backpack\/#breadcrumb"},"inLanguage":"hr","potentialAction":[{"@type":"ReadAction","target":["https:\/\/test2.michel-promo.com\/product\/armond-aware-rpet-15-6-inch-standard-laptop-backpack\/"]}]},{"@type":"ImageObject","inLanguage":"hr","@id":"https:\/\/test2.michel-promo.com\/product\/armond-aware-rpet-15-6-inch-standard-laptop-backpack\/#primaryimage","url":"https:\/\/test2.michel-promo.com\/wp-content\/uploads\/2024\/04\/x00p763-30-p763-305-1.jpg","contentUrl":"https:\/\/test2.michel-promo.com\/wp-content\/uploads\/2024\/04\/x00p763-30-p763-305-1.jpg","width":1024,"height":1024},{"@type":"BreadcrumbList","@id":"https:\/\/test2.michel-promo.com\/product\/armond-aware-rpet-15-6-inch-standard-laptop-backpack\/#breadcrumb","itemListElement":[{"@type":"ListItem","position":1,"name":"Po\u010detna stranica","item":"https:\/\/test2.michel-promo.com\/"},{"@type":"ListItem","position":2,"name":"Shop","item":"https:\/\/test2.michel-promo.com\/shop\/"},{"@type":"ListItem","position":3,"name":"Armond AWARE\u2122 RPET 15.6 inch standard laptop backpack"}]},{"@type":"WebSite","@id":"https:\/\/test2.michel-promo.com\/hr\/#website","url":"https:\/\/test2.michel-promo.com\/hr\/","name":"Michel Promo","description":"Studio promotivnih proizvoda s karakterom","publisher":{"@id":"https:\/\/test2.michel-promo.com\/hr\/#organization"},"potentialAction":[{"@type":"SearchAction","target":{"@type":"EntryPoint","urlTemplate":"https:\/\/test2.michel-promo.com\/hr\/?s={search_term_string}"},"query-input":{"@type":"PropertyValueSpecification","valueRequired":true,"valueName":"search_term_string"}}],"inLanguage":"hr"},{"@type":"Organization","@id":"https:\/\/test2.michel-promo.com\/hr\/#organization","name":"Michel Promo","url":"https:\/\/test2.michel-promo.com\/hr\/","logo":{"@type":"ImageObject","inLanguage":"hr","@id":"https:\/\/test2.michel-promo.com\/hr\/#\/schema\/logo\/image\/","url":"https:\/\/test2.michel-promo.com\/wp-content\/uploads\/2024\/05\/cropped-Widget-logo.png","contentUrl":"https:\/\/test2.michel-promo.com\/wp-content\/uploads\/2024\/05\/cropped-Widget-logo.png","width":512,"height":512,"caption":"Michel Promo"},"image":{"@id":"https:\/\/test2.michel-promo.com\/hr\/#\/schema\/logo\/image\/"},"sameAs":["https:\/\/www.instagram.com\/promo_michel\/","https:\/\/www.linkedin.com\/company\/michel-promo\/"]}]}},"_links":{"self":[{"href":"https:\/\/test2.michel-promo.com\/hr\/wp-json\/wp\/v2\/product\/40880","targetHints":{"allow":["GET"]}}],"collection":[{"href":"https:\/\/test2.michel-promo.com\/hr\/wp-json\/wp\/v2\/product"}],"about":[{"href":"https:\/\/test2.michel-promo.com\/hr\/wp-json\/wp\/v2\/types\/product"}],"version-history":[{"count":0,"href":"https:\/\/test2.michel-promo.com\/hr\/wp-json\/wp\/v2\/product\/40880\/revisions"}],"wp:featuredmedia":[{"embeddable":true,"href":"https:\/\/test2.michel-promo.com\/hr\/wp-json\/wp\/v2\/media\/295315"}],"wp:attachment":[{"href":"https:\/\/test2.michel-promo.com\/hr\/wp-json\/wp\/v2\/media?parent=40880"}],"wp:term":[{"taxonomy":"product_brand","embeddable":true,"href":"https:\/\/test2.michel-promo.com\/hr\/wp-json\/wp\/v2\/product_brand?post=40880"},{"taxonomy":"product_cat","embeddable":true,"href":"https:\/\/test2.michel-promo.com\/hr\/wp-json\/wp\/v2\/product_cat?post=40880"},{"taxonomy":"product_tag","embeddable":true,"href":"https:\/\/test2.michel-promo.com\/hr\/wp-json\/wp\/v2\/product_tag?post=40880"}],"curies":[{"name":"radni list","href":"https:\/\/api.w.org\/{rel}","templated":true}]}}