{"id":43237,"date":"2024-04-19T16:10:52","date_gmt":"2024-04-19T14:10:52","guid":{"rendered":"https:\/\/test2.michel-promo.com\/product\/deluxe-mikado-domino-in-wooden-box\/"},"modified":"2024-06-13T04:02:26","modified_gmt":"2024-06-13T02:02:26","slug":"deluxe-mikado-domino-in-wooden-box","status":"publish","type":"product","link":"https:\/\/test2.michel-promo.com\/hr\/proizvod\/deluxe-mikado-domino-in-wooden-box\/","title":{"rendered":"Deluxe mikado\/domino u drvenoj kutiji"},"content":{"rendered":"<p>Set od dvije vintage igre skupljene u kutiji od MDF-a. Kutija sadr\u017ei Mikado i Domino. Stvorite zabavne trenutke s ovim klasi\u010dnim igrama. Igra Mikado sadr\u017ei 41 \u0161tapi\u0107, a igra Domino 28 blokova u bijelom kutiju s poklopcem. Dolazi u kutiji u punoj boji.<\/p>","protected":false},"excerpt":{"rendered":"<p>Set od dvije vintage igre skupljene u kutiji od MDF-a. Kutija sadr\u017ei Mikado i Domino. Stvorite zabavne trenutke s ovim<\/p>","protected":false},"featured_media":43239,"template":"","meta":{"_acf_changed":false},"product_brand":[],"product_cat":[156,86],"product_tag":[],"class_list":{"0":"post-43237","1":"product","2":"type-product","3":"status-publish","4":"has-post-thumbnail","6":"product_cat-games","7":"product_cat-wellness-health-and-home","9":"first","10":"instock","11":"taxable","12":"shipping-taxable","13":"purchasable","14":"product-type-simple"},"acf":[],"yoast_head":"<!-- This site is optimized with the Yoast SEO plugin v26.4 - https:\/\/yoast.com\/wordpress\/plugins\/seo\/ -->\n<title>Deluxe mikado\/domino u drvenoj kutiji &#8212; Michel Promo<\/title>\n<meta name=\"robots\" content=\"noindex, follow, max-snippet:-1, max-image-preview:large, max-video-preview:-1\" \/>\n<meta property=\"og:locale\" content=\"hr_HR\" \/>\n<meta property=\"og:type\" content=\"article\" \/>\n<meta property=\"og:title\" content=\"Deluxe mikado\/domino u drvenoj kutiji &#8212; Michel Promo\" \/>\n<meta property=\"og:description\" content=\"Set od dvije vintage igre skupljene u kutiji od MDF-a. Kutija sadr\u017ei Mikado i Domino. Stvorite zabavne trenutke s ovim\" \/>\n<meta property=\"og:url\" content=\"https:\/\/test2.michel-promo.com\/hr\/proizvod\/deluxe-mikado-domino-in-wooden-box\/\" \/>\n<meta property=\"og:site_name\" content=\"Michel Promo\" \/>\n<meta property=\"article:modified_time\" content=\"2024-06-13T02:02:26+00:00\" \/>\n<meta property=\"og:image\" content=\"https:\/\/test2.michel-promo.com\/wp-content\/uploads\/2024\/04\/P940.073__B_1__401e3e62737c441a9f6f4d1acb678331.jpg\" \/>\n\t<meta property=\"og:image:width\" content=\"1024\" \/>\n\t<meta property=\"og:image:height\" content=\"1024\" \/>\n\t<meta property=\"og:image:type\" content=\"image\/jpeg\" \/>\n<meta name=\"twitter:card\" content=\"summary_large_image\" \/>\n<script type=\"application\/ld+json\" class=\"yoast-schema-graph\">{\"@context\":\"https:\/\/schema.org\",\"@graph\":[{\"@type\":\"WebPage\",\"@id\":\"https:\/\/test2.michel-promo.com\/product\/deluxe-mikado-domino-in-wooden-box\/\",\"url\":\"https:\/\/test2.michel-promo.com\/product\/deluxe-mikado-domino-in-wooden-box\/\",\"name\":\"Deluxe mikado\/domino u drvenoj kutiji &#8212; Michel Promo\",\"isPartOf\":{\"@id\":\"https:\/\/test2.michel-promo.com\/hr\/#website\"},\"primaryImageOfPage\":{\"@id\":\"https:\/\/test2.michel-promo.com\/product\/deluxe-mikado-domino-in-wooden-box\/#primaryimage\"},\"image\":{\"@id\":\"https:\/\/test2.michel-promo.com\/product\/deluxe-mikado-domino-in-wooden-box\/#primaryimage\"},\"thumbnailUrl\":\"https:\/\/test2.michel-promo.com\/wp-content\/uploads\/2024\/04\/P940.073__B_1__401e3e62737c441a9f6f4d1acb678331.jpg\",\"datePublished\":\"2024-04-19T14:10:52+00:00\",\"dateModified\":\"2024-06-13T02:02:26+00:00\",\"breadcrumb\":{\"@id\":\"https:\/\/test2.michel-promo.com\/product\/deluxe-mikado-domino-in-wooden-box\/#breadcrumb\"},\"inLanguage\":\"hr\",\"potentialAction\":[{\"@type\":\"ReadAction\",\"target\":[\"https:\/\/test2.michel-promo.com\/product\/deluxe-mikado-domino-in-wooden-box\/\"]}]},{\"@type\":\"ImageObject\",\"inLanguage\":\"hr\",\"@id\":\"https:\/\/test2.michel-promo.com\/product\/deluxe-mikado-domino-in-wooden-box\/#primaryimage\",\"url\":\"https:\/\/test2.michel-promo.com\/wp-content\/uploads\/2024\/04\/P940.073__B_1__401e3e62737c441a9f6f4d1acb678331.jpg\",\"contentUrl\":\"https:\/\/test2.michel-promo.com\/wp-content\/uploads\/2024\/04\/P940.073__B_1__401e3e62737c441a9f6f4d1acb678331.jpg\",\"width\":1024,\"height\":1024},{\"@type\":\"BreadcrumbList\",\"@id\":\"https:\/\/test2.michel-promo.com\/product\/deluxe-mikado-domino-in-wooden-box\/#breadcrumb\",\"itemListElement\":[{\"@type\":\"ListItem\",\"position\":1,\"name\":\"Po\u010detna stranica\",\"item\":\"https:\/\/test2.michel-promo.com\/hr\/\"},{\"@type\":\"ListItem\",\"position\":2,\"name\":\"Shop\",\"item\":\"https:\/\/test2.michel-promo.com\/shop\/\"},{\"@type\":\"ListItem\",\"position\":3,\"name\":\"Deluxe mikado\/domino u drvenoj kutiji\"}]},{\"@type\":\"WebSite\",\"@id\":\"https:\/\/test2.michel-promo.com\/hr\/#website\",\"url\":\"https:\/\/test2.michel-promo.com\/hr\/\",\"name\":\"Michel Promo\",\"description\":\"Promotional Products with Personality\",\"publisher\":{\"@id\":\"https:\/\/test2.michel-promo.com\/hr\/#organization\"},\"potentialAction\":[{\"@type\":\"SearchAction\",\"target\":{\"@type\":\"EntryPoint\",\"urlTemplate\":\"https:\/\/test2.michel-promo.com\/hr\/?s={search_term_string}\"},\"query-input\":{\"@type\":\"PropertyValueSpecification\",\"valueRequired\":true,\"valueName\":\"search_term_string\"}}],\"inLanguage\":\"hr\"},{\"@type\":\"Organization\",\"@id\":\"https:\/\/test2.michel-promo.com\/hr\/#organization\",\"name\":\"Michel Promo\",\"url\":\"https:\/\/test2.michel-promo.com\/hr\/\",\"logo\":{\"@type\":\"ImageObject\",\"inLanguage\":\"hr\",\"@id\":\"https:\/\/test2.michel-promo.com\/hr\/#\/schema\/logo\/image\/\",\"url\":\"https:\/\/test2.michel-promo.com\/wp-content\/uploads\/2024\/05\/cropped-Widget-logo.png\",\"contentUrl\":\"https:\/\/test2.michel-promo.com\/wp-content\/uploads\/2024\/05\/cropped-Widget-logo.png\",\"width\":512,\"height\":512,\"caption\":\"Michel Promo\"},\"image\":{\"@id\":\"https:\/\/test2.michel-promo.com\/hr\/#\/schema\/logo\/image\/\"},\"sameAs\":[\"https:\/\/www.instagram.com\/promo_michel\/\",\"https:\/\/www.linkedin.com\/company\/michel-promo\/\"]}]}<\/script>\n<!-- \/ Yoast SEO plugin. -->","yoast_head_json":{"title":"Deluxe mikado\/domino u drvenoj kutiji \u2014 Michel Promo","robots":{"index":"noindex","follow":"follow","max-snippet":"max-snippet:-1","max-image-preview":"max-image-preview:large","max-video-preview":"max-video-preview:-1"},"og_locale":"hr_HR","og_type":"article","og_title":"Deluxe mikado\/domino u drvenoj kutiji &#8212; Michel Promo","og_description":"Set od dvije vintage igre skupljene u kutiji od MDF-a. Kutija sadr\u017ei Mikado i Domino. Stvorite zabavne trenutke s ovim","og_url":"https:\/\/test2.michel-promo.com\/hr\/proizvod\/deluxe-mikado-domino-in-wooden-box\/","og_site_name":"Michel Promo","article_modified_time":"2024-06-13T02:02:26+00:00","og_image":[{"width":1024,"height":1024,"url":"https:\/\/test2.michel-promo.com\/wp-content\/uploads\/2024\/04\/P940.073__B_1__401e3e62737c441a9f6f4d1acb678331.jpg","type":"image\/jpeg"}],"twitter_card":"summary_large_image","schema":{"@context":"https:\/\/schema.org","@graph":[{"@type":"WebPage","@id":"https:\/\/test2.michel-promo.com\/product\/deluxe-mikado-domino-in-wooden-box\/","url":"https:\/\/test2.michel-promo.com\/product\/deluxe-mikado-domino-in-wooden-box\/","name":"Deluxe mikado\/domino u drvenoj kutiji \u2014 Michel Promo","isPartOf":{"@id":"https:\/\/test2.michel-promo.com\/hr\/#website"},"primaryImageOfPage":{"@id":"https:\/\/test2.michel-promo.com\/product\/deluxe-mikado-domino-in-wooden-box\/#primaryimage"},"image":{"@id":"https:\/\/test2.michel-promo.com\/product\/deluxe-mikado-domino-in-wooden-box\/#primaryimage"},"thumbnailUrl":"https:\/\/test2.michel-promo.com\/wp-content\/uploads\/2024\/04\/P940.073__B_1__401e3e62737c441a9f6f4d1acb678331.jpg","datePublished":"2024-04-19T14:10:52+00:00","dateModified":"2024-06-13T02:02:26+00:00","breadcrumb":{"@id":"https:\/\/test2.michel-promo.com\/product\/deluxe-mikado-domino-in-wooden-box\/#breadcrumb"},"inLanguage":"hr","potentialAction":[{"@type":"ReadAction","target":["https:\/\/test2.michel-promo.com\/product\/deluxe-mikado-domino-in-wooden-box\/"]}]},{"@type":"ImageObject","inLanguage":"hr","@id":"https:\/\/test2.michel-promo.com\/product\/deluxe-mikado-domino-in-wooden-box\/#primaryimage","url":"https:\/\/test2.michel-promo.com\/wp-content\/uploads\/2024\/04\/P940.073__B_1__401e3e62737c441a9f6f4d1acb678331.jpg","contentUrl":"https:\/\/test2.michel-promo.com\/wp-content\/uploads\/2024\/04\/P940.073__B_1__401e3e62737c441a9f6f4d1acb678331.jpg","width":1024,"height":1024},{"@type":"BreadcrumbList","@id":"https:\/\/test2.michel-promo.com\/product\/deluxe-mikado-domino-in-wooden-box\/#breadcrumb","itemListElement":[{"@type":"ListItem","position":1,"name":"Po\u010detna stranica","item":"https:\/\/test2.michel-promo.com\/hr\/"},{"@type":"ListItem","position":2,"name":"Shop","item":"https:\/\/test2.michel-promo.com\/shop\/"},{"@type":"ListItem","position":3,"name":"Deluxe mikado\/domino u drvenoj kutiji"}]},{"@type":"WebSite","@id":"https:\/\/test2.michel-promo.com\/hr\/#website","url":"https:\/\/test2.michel-promo.com\/hr\/","name":"Michel Promo","description":"Studio promotivnih proizvoda s karakterom","publisher":{"@id":"https:\/\/test2.michel-promo.com\/hr\/#organization"},"potentialAction":[{"@type":"SearchAction","target":{"@type":"EntryPoint","urlTemplate":"https:\/\/test2.michel-promo.com\/hr\/?s={search_term_string}"},"query-input":{"@type":"PropertyValueSpecification","valueRequired":true,"valueName":"search_term_string"}}],"inLanguage":"hr"},{"@type":"Organization","@id":"https:\/\/test2.michel-promo.com\/hr\/#organization","name":"Michel Promo","url":"https:\/\/test2.michel-promo.com\/hr\/","logo":{"@type":"ImageObject","inLanguage":"hr","@id":"https:\/\/test2.michel-promo.com\/hr\/#\/schema\/logo\/image\/","url":"https:\/\/test2.michel-promo.com\/wp-content\/uploads\/2024\/05\/cropped-Widget-logo.png","contentUrl":"https:\/\/test2.michel-promo.com\/wp-content\/uploads\/2024\/05\/cropped-Widget-logo.png","width":512,"height":512,"caption":"Michel Promo"},"image":{"@id":"https:\/\/test2.michel-promo.com\/hr\/#\/schema\/logo\/image\/"},"sameAs":["https:\/\/www.instagram.com\/promo_michel\/","https:\/\/www.linkedin.com\/company\/michel-promo\/"]}]}},"_links":{"self":[{"href":"https:\/\/test2.michel-promo.com\/hr\/wp-json\/wp\/v2\/product\/43237","targetHints":{"allow":["GET"]}}],"collection":[{"href":"https:\/\/test2.michel-promo.com\/hr\/wp-json\/wp\/v2\/product"}],"about":[{"href":"https:\/\/test2.michel-promo.com\/hr\/wp-json\/wp\/v2\/types\/product"}],"version-history":[{"count":0,"href":"https:\/\/test2.michel-promo.com\/hr\/wp-json\/wp\/v2\/product\/43237\/revisions"}],"wp:featuredmedia":[{"embeddable":true,"href":"https:\/\/test2.michel-promo.com\/hr\/wp-json\/wp\/v2\/media\/43239"}],"wp:attachment":[{"href":"https:\/\/test2.michel-promo.com\/hr\/wp-json\/wp\/v2\/media?parent=43237"}],"wp:term":[{"taxonomy":"product_brand","embeddable":true,"href":"https:\/\/test2.michel-promo.com\/hr\/wp-json\/wp\/v2\/product_brand?post=43237"},{"taxonomy":"product_cat","embeddable":true,"href":"https:\/\/test2.michel-promo.com\/hr\/wp-json\/wp\/v2\/product_cat?post=43237"},{"taxonomy":"product_tag","embeddable":true,"href":"https:\/\/test2.michel-promo.com\/hr\/wp-json\/wp\/v2\/product_tag?post=43237"}],"curies":[{"name":"radni list","href":"https:\/\/api.w.org\/{rel}","templated":true}]}}