{"id":445605,"date":"2026-01-10T05:02:57","date_gmt":"2026-01-10T03:02:57","guid":{"rendered":"https:\/\/test2.michel-promo.com\/en\/product\/plastic-case-with-plasters-pocket\/"},"modified":"2026-05-12T02:15:57","modified_gmt":"2026-05-12T00:15:57","slug":"plastic-case-with-plasters-pocket","status":"publish","type":"product","link":"https:\/\/test2.michel-promo.com\/hr\/proizvod-2\/plastic-case-with-plasters-pocket\/","title":{"rendered":"Plasti\u010dna kutija s flasterima Pocket"},"content":{"rendered":"<p>Plasti\u010dna kutijica s pet flastera. Ovaj se proizvod smije prodavati i isporu\u010divati samo unutar Europske unije.<\/p>","protected":false},"excerpt":{"rendered":"<p>Plasti\u010dna kutijica s pet flastera. Ovaj se proizvod smije prodavati i isporu\u010divati samo unutar Europske unije.<\/p>","protected":false},"featured_media":353693,"template":"","meta":{"_acf_changed":false},"product_brand":[],"product_cat":[89,9100,166,142,238,86],"product_tag":[],"class_list":{"0":"post-445605","1":"product","2":"type-product","3":"status-publish","4":"has-post-thumbnail","6":"product_cat-theme","7":"product_cat-happiness-and-fun","8":"product_cat-home-and-lifestyle","9":"product_cat-medical-products-and-first-aid","10":"product_cat-kataloski","11":"product_cat-wellness-health-and-home","13":"first","14":"instock","15":"taxable","16":"shipping-taxable","17":"purchasable","18":"product-type-variable","19":"has-default-attributes"},"acf":[],"_links":{"self":[{"href":"https:\/\/test2.michel-promo.com\/hr\/wp-json\/wp\/v2\/product\/445605","targetHints":{"allow":["GET"]}}],"collection":[{"href":"https:\/\/test2.michel-promo.com\/hr\/wp-json\/wp\/v2\/product"}],"about":[{"href":"https:\/\/test2.michel-promo.com\/hr\/wp-json\/wp\/v2\/types\/product"}],"version-history":[{"count":0,"href":"https:\/\/test2.michel-promo.com\/hr\/wp-json\/wp\/v2\/product\/445605\/revisions"}],"wp:featuredmedia":[{"embeddable":true,"href":"https:\/\/test2.michel-promo.com\/hr\/wp-json\/wp\/v2\/media\/353693"}],"wp:attachment":[{"href":"https:\/\/test2.michel-promo.com\/hr\/wp-json\/wp\/v2\/media?parent=445605"}],"wp:term":[{"taxonomy":"product_brand","embeddable":true,"href":"https:\/\/test2.michel-promo.com\/hr\/wp-json\/wp\/v2\/product_brand?post=445605"},{"taxonomy":"product_cat","embeddable":true,"href":"https:\/\/test2.michel-promo.com\/hr\/wp-json\/wp\/v2\/product_cat?post=445605"},{"taxonomy":"product_tag","embeddable":true,"href":"https:\/\/test2.michel-promo.com\/hr\/wp-json\/wp\/v2\/product_tag?post=445605"}],"curies":[{"name":"radni list","href":"https:\/\/api.w.org\/{rel}","templated":true}]}}