{"id":446156,"date":"2026-01-10T05:06:09","date_gmt":"2026-01-10T03:06:09","guid":{"rendered":"https:\/\/test2.michel-promo.com\/en\/product\/pu-notebook-dita\/"},"modified":"2026-05-12T02:16:00","modified_gmt":"2026-05-12T00:16:00","slug":"pu-notebook-dita","status":"publish","type":"product","link":"https:\/\/test2.michel-promo.com\/hr\/proizvod-2\/pu-notebook-dita\/","title":{"rendered":"PU bilje\u017enica Dita"},"content":{"rendered":"<p>PU bilje\u017enica (cca. A6), s 96 stranica u crte, flomasterom i elasti\u010dnom trakom preko korica.<\/p>","protected":false},"excerpt":{"rendered":"<p>PU bilje\u017enica (cca. A6), s 96 stranica u crte, flomasterom i elasti\u010dnom trakom preko korica.<\/p>","protected":false},"featured_media":354310,"template":"","meta":{"_acf_changed":false},"product_brand":[],"product_cat":[9100,119,83,238],"product_tag":[],"class_list":{"0":"post-446156","1":"product","2":"type-product","3":"status-publish","4":"has-post-thumbnail","6":"product_cat-happiness-and-fun","7":"product_cat-notebooks-and-notepads","8":"product_cat-office-and-desk-supplies","9":"product_cat-kataloski","11":"first","12":"instock","13":"taxable","14":"shipping-taxable","15":"purchasable","16":"product-type-variable","17":"has-default-attributes"},"acf":[],"_links":{"self":[{"href":"https:\/\/test2.michel-promo.com\/hr\/wp-json\/wp\/v2\/product\/446156","targetHints":{"allow":["GET"]}}],"collection":[{"href":"https:\/\/test2.michel-promo.com\/hr\/wp-json\/wp\/v2\/product"}],"about":[{"href":"https:\/\/test2.michel-promo.com\/hr\/wp-json\/wp\/v2\/types\/product"}],"version-history":[{"count":0,"href":"https:\/\/test2.michel-promo.com\/hr\/wp-json\/wp\/v2\/product\/446156\/revisions"}],"wp:featuredmedia":[{"embeddable":true,"href":"https:\/\/test2.michel-promo.com\/hr\/wp-json\/wp\/v2\/media\/354310"}],"wp:attachment":[{"href":"https:\/\/test2.michel-promo.com\/hr\/wp-json\/wp\/v2\/media?parent=446156"}],"wp:term":[{"taxonomy":"product_brand","embeddable":true,"href":"https:\/\/test2.michel-promo.com\/hr\/wp-json\/wp\/v2\/product_brand?post=446156"},{"taxonomy":"product_cat","embeddable":true,"href":"https:\/\/test2.michel-promo.com\/hr\/wp-json\/wp\/v2\/product_cat?post=446156"},{"taxonomy":"product_tag","embeddable":true,"href":"https:\/\/test2.michel-promo.com\/hr\/wp-json\/wp\/v2\/product_tag?post=446156"}],"curies":[{"name":"radni list","href":"https:\/\/api.w.org\/{rel}","templated":true}]}}