{"id":448000,"date":"2026-01-10T05:15:20","date_gmt":"2026-01-10T03:15:20","guid":{"rendered":"https:\/\/test2.michel-promo.com\/en\/product\/microfibre-folder-rianna\/"},"modified":"2026-05-12T02:16:13","modified_gmt":"2026-05-12T00:16:13","slug":"microfibre-folder-rianna","status":"publish","type":"product","link":"https:\/\/test2.michel-promo.com\/hr\/proizvod-2\/microfibre-folder-rianna\/","title":{"rendered":"Savija\u010d od mikrofibre Rianna"},"content":{"rendered":"<p>Konferencijska mapa s patentnim zatvara\u010dem od mikrovlakana (pribli\u017eno A4) s blokom za bilje\u017enicu s 20 stranica s linijama, vi\u0161estrukim d\u017eepovima i kalkulatorom s dvostrukom snagom. Baterije uklju\u010dene.<\/p>","protected":false},"excerpt":{"rendered":"<p>Konferencijska mapa s patentnim zatvara\u010dem od mikrovlakana (pribli\u017eno A4) s blokom za bilje\u017enicu s 20 stranica s linijama, vi\u0161estrukim d\u017eepovima i kalkulatorom s dvostrukom snagom.<\/p>","protected":false},"featured_media":355906,"template":"","meta":{"_acf_changed":false},"product_brand":[],"product_cat":[122,119,83,238],"product_tag":[],"class_list":{"0":"post-448000","1":"product","2":"type-product","3":"status-publish","4":"has-post-thumbnail","6":"product_cat-document-folders","7":"product_cat-notebooks-and-notepads","8":"product_cat-office-and-desk-supplies","9":"product_cat-kataloski","11":"first","12":"instock","13":"taxable","14":"shipping-taxable","15":"purchasable","16":"product-type-variable","17":"has-default-attributes"},"acf":[],"_links":{"self":[{"href":"https:\/\/test2.michel-promo.com\/hr\/wp-json\/wp\/v2\/product\/448000","targetHints":{"allow":["GET"]}}],"collection":[{"href":"https:\/\/test2.michel-promo.com\/hr\/wp-json\/wp\/v2\/product"}],"about":[{"href":"https:\/\/test2.michel-promo.com\/hr\/wp-json\/wp\/v2\/types\/product"}],"version-history":[{"count":0,"href":"https:\/\/test2.michel-promo.com\/hr\/wp-json\/wp\/v2\/product\/448000\/revisions"}],"wp:featuredmedia":[{"embeddable":true,"href":"https:\/\/test2.michel-promo.com\/hr\/wp-json\/wp\/v2\/media\/355906"}],"wp:attachment":[{"href":"https:\/\/test2.michel-promo.com\/hr\/wp-json\/wp\/v2\/media?parent=448000"}],"wp:term":[{"taxonomy":"product_brand","embeddable":true,"href":"https:\/\/test2.michel-promo.com\/hr\/wp-json\/wp\/v2\/product_brand?post=448000"},{"taxonomy":"product_cat","embeddable":true,"href":"https:\/\/test2.michel-promo.com\/hr\/wp-json\/wp\/v2\/product_cat?post=448000"},{"taxonomy":"product_tag","embeddable":true,"href":"https:\/\/test2.michel-promo.com\/hr\/wp-json\/wp\/v2\/product_tag?post=448000"}],"curies":[{"name":"radni list","href":"https:\/\/api.w.org\/{rel}","templated":true}]}}