{"id":448976,"date":"2026-01-10T05:20:35","date_gmt":"2026-01-10T03:20:35","guid":{"rendered":"https:\/\/test2.michel-promo.com\/en\/product\/dutch-waffles-juanita\/"},"modified":"2026-05-12T02:10:14","modified_gmt":"2026-05-12T00:10:14","slug":"dutch-waffles-juanita","status":"publish","type":"product","link":"https:\/\/test2.michel-promo.com\/hr\/proizvod-2\/dutch-waffles-juanita\/","title":{"rendered":"Nizozemski vafli Juanita"},"content":{"rendered":"<p>Ukusni nizozemski vafli (8) s punjenjem od sirupa poput karamele u sredini. Pakirano po osam komada u plasti\u010dnoj vre\u0107ici. Stavljanjem vafla na vru\u0107i napitak sirup se topi. Autenti\u010dni nizozemski stroopwafels od prirodnih sastojaka. Dva vafla (8% maslac) i karamel (50% sirup) punjenje od sirupa. Pripremljen od prirodnih sastojaka i bez umjetnih aroma.<\/p>","protected":false},"excerpt":{"rendered":"<p>Ukusni nizozemski vafli (8) s punjenjem od sirupa poput karamele u sredini. Pakirano po osam komada u plasti\u010dnoj vre\u0107ici.<\/p>","protected":false},"featured_media":356923,"template":"","meta":{"_acf_changed":false},"product_brand":[],"product_cat":[81,238,109,86],"product_tag":[],"class_list":{"0":"post-448976","1":"product","2":"type-product","3":"status-publish","4":"has-post-thumbnail","6":"product_cat-food-and-drink","7":"product_cat-kataloski","8":"product_cat-sweets","9":"product_cat-wellness-health-and-home","11":"first","12":"instock","13":"taxable","14":"shipping-taxable","15":"purchasable","16":"product-type-variable","17":"has-default-attributes"},"acf":[],"_links":{"self":[{"href":"https:\/\/test2.michel-promo.com\/hr\/wp-json\/wp\/v2\/product\/448976","targetHints":{"allow":["GET"]}}],"collection":[{"href":"https:\/\/test2.michel-promo.com\/hr\/wp-json\/wp\/v2\/product"}],"about":[{"href":"https:\/\/test2.michel-promo.com\/hr\/wp-json\/wp\/v2\/types\/product"}],"version-history":[{"count":0,"href":"https:\/\/test2.michel-promo.com\/hr\/wp-json\/wp\/v2\/product\/448976\/revisions"}],"wp:featuredmedia":[{"embeddable":true,"href":"https:\/\/test2.michel-promo.com\/hr\/wp-json\/wp\/v2\/media\/356923"}],"wp:attachment":[{"href":"https:\/\/test2.michel-promo.com\/hr\/wp-json\/wp\/v2\/media?parent=448976"}],"wp:term":[{"taxonomy":"product_brand","embeddable":true,"href":"https:\/\/test2.michel-promo.com\/hr\/wp-json\/wp\/v2\/product_brand?post=448976"},{"taxonomy":"product_cat","embeddable":true,"href":"https:\/\/test2.michel-promo.com\/hr\/wp-json\/wp\/v2\/product_cat?post=448976"},{"taxonomy":"product_tag","embeddable":true,"href":"https:\/\/test2.michel-promo.com\/hr\/wp-json\/wp\/v2\/product_tag?post=448976"}],"curies":[{"name":"radni list","href":"https:\/\/api.w.org\/{rel}","templated":true}]}}