{"id":456963,"date":"2026-01-10T06:38:27","date_gmt":"2026-01-10T04:38:27","guid":{"rendered":"https:\/\/test2.michel-promo.com\/en\/product\/recycled-stainless-steel-double-walled-flask-lombok\/"},"modified":"2026-05-12T02:16:35","modified_gmt":"2026-05-12T00:16:35","slug":"recycled-stainless-steel-double-walled-flask-lombok","status":"publish","type":"product","link":"https:\/\/test2.michel-promo.com\/hr\/proizvod-2\/recycled-stainless-steel-double-walled-flask-lombok\/","title":{"rendered":"Dvostruka stijenka termosice od recikliranog nehr\u0111aju\u0107eg \u010delika Lombok"},"content":{"rendered":"<p>Reciklirana tikvica od nehr\u0111aju\u0107eg \u010delika s dvostrukom stjenkom (500 ml) s \u010depom na navoj. Unutra\u0161njost je izra\u0111ena od nehr\u0111aju\u0107eg \u010delika 304, a izvana je od nehr\u0111aju\u0107eg \u010delika 201. Reciklirani logo ugraviran na boci. Pojedina\u010dno pakirano u sme\u0111u kartonsku kutiju.<\/p>","protected":false},"excerpt":{"rendered":"<p>Reciklirana tikvica od nehr\u0111aju\u0107eg \u010delika s dvostrukom stjenkom (500 ml) s \u010depom na navoj. Unutra\u0161njost je izra\u0111ena od nehr\u0111aju\u0107eg \u010delika 304, a<\/p>","protected":false},"featured_media":365964,"template":"","meta":{"_acf_changed":false},"product_brand":[],"product_cat":[101,89,167,81],"product_tag":[],"class_list":{"0":"post-456963","1":"product","2":"type-product","3":"status-publish","4":"has-post-thumbnail","6":"product_cat-bottles-and-drink-accessories","7":"product_cat-theme","8":"product_cat-eco-friendly","9":"product_cat-food-and-drink","11":"first","12":"instock","13":"taxable","14":"shipping-taxable","15":"purchasable","16":"product-type-variable","17":"has-default-attributes"},"acf":[],"_links":{"self":[{"href":"https:\/\/test2.michel-promo.com\/hr\/wp-json\/wp\/v2\/product\/456963","targetHints":{"allow":["GET"]}}],"collection":[{"href":"https:\/\/test2.michel-promo.com\/hr\/wp-json\/wp\/v2\/product"}],"about":[{"href":"https:\/\/test2.michel-promo.com\/hr\/wp-json\/wp\/v2\/types\/product"}],"version-history":[{"count":0,"href":"https:\/\/test2.michel-promo.com\/hr\/wp-json\/wp\/v2\/product\/456963\/revisions"}],"wp:featuredmedia":[{"embeddable":true,"href":"https:\/\/test2.michel-promo.com\/hr\/wp-json\/wp\/v2\/media\/365964"}],"wp:attachment":[{"href":"https:\/\/test2.michel-promo.com\/hr\/wp-json\/wp\/v2\/media?parent=456963"}],"wp:term":[{"taxonomy":"product_brand","embeddable":true,"href":"https:\/\/test2.michel-promo.com\/hr\/wp-json\/wp\/v2\/product_brand?post=456963"},{"taxonomy":"product_cat","embeddable":true,"href":"https:\/\/test2.michel-promo.com\/hr\/wp-json\/wp\/v2\/product_cat?post=456963"},{"taxonomy":"product_tag","embeddable":true,"href":"https:\/\/test2.michel-promo.com\/hr\/wp-json\/wp\/v2\/product_tag?post=456963"}],"curies":[{"name":"radni list","href":"https:\/\/api.w.org\/{rel}","templated":true}]}}