{"id":458082,"date":"2026-01-10T06:44:15","date_gmt":"2026-01-10T04:44:15","guid":{"rendered":"https:\/\/test2.michel-promo.com\/en\/product\/rpet-golf-towel-idris\/"},"modified":"2026-05-12T02:16:38","modified_gmt":"2026-05-12T00:16:38","slug":"rpet-golf-towel-idris","status":"publish","type":"product","link":"https:\/\/test2.michel-promo.com\/hr\/proizvod-2\/rpet-golf-towel-idris\/","title":{"rendered":"rPET golf ru\u010dnik Idris"},"content":{"rendered":"<p>Ru\u010dnik za golf od rPET-a s integriranom vre\u0107icom za loptice za golf, dimenzija pribli\u017eno 31 x 31 cm. Ima metalnu kuku za jednostavno pri\u010dvr\u0161\u0107ivanje na torbu i uklju\u010duje rPET etiketu unutra. Mo\u017ee se prati u perilici rublja (hladno).<\/p>","protected":false},"excerpt":{"rendered":"<p>Golf ru\u010dnik od rPET-a s integriranom vre\u0107icom za golf loptice, dimenzija otprilike 31 x 31 cm. Ima metalnu kuku za<\/p>","protected":false},"featured_media":374490,"template":"","meta":{"_acf_changed":false},"product_brand":[],"product_cat":[156,87,238],"product_tag":[],"class_list":{"0":"post-458082","1":"product","2":"type-product","3":"status-publish","4":"has-post-thumbnail","6":"product_cat-games","7":"product_cat-kids-fun-and-games","8":"product_cat-kataloski","10":"first","11":"instock","12":"taxable","13":"shipping-taxable","14":"purchasable","15":"product-type-variable","16":"has-default-attributes"},"acf":[],"_links":{"self":[{"href":"https:\/\/test2.michel-promo.com\/hr\/wp-json\/wp\/v2\/product\/458082","targetHints":{"allow":["GET"]}}],"collection":[{"href":"https:\/\/test2.michel-promo.com\/hr\/wp-json\/wp\/v2\/product"}],"about":[{"href":"https:\/\/test2.michel-promo.com\/hr\/wp-json\/wp\/v2\/types\/product"}],"version-history":[{"count":0,"href":"https:\/\/test2.michel-promo.com\/hr\/wp-json\/wp\/v2\/product\/458082\/revisions"}],"wp:featuredmedia":[{"embeddable":true,"href":"https:\/\/test2.michel-promo.com\/hr\/wp-json\/wp\/v2\/media\/374490"}],"wp:attachment":[{"href":"https:\/\/test2.michel-promo.com\/hr\/wp-json\/wp\/v2\/media?parent=458082"}],"wp:term":[{"taxonomy":"product_brand","embeddable":true,"href":"https:\/\/test2.michel-promo.com\/hr\/wp-json\/wp\/v2\/product_brand?post=458082"},{"taxonomy":"product_cat","embeddable":true,"href":"https:\/\/test2.michel-promo.com\/hr\/wp-json\/wp\/v2\/product_cat?post=458082"},{"taxonomy":"product_tag","embeddable":true,"href":"https:\/\/test2.michel-promo.com\/hr\/wp-json\/wp\/v2\/product_tag?post=458082"}],"curies":[{"name":"radni list","href":"https:\/\/api.w.org\/{rel}","templated":true}]}}