{"id":496362,"date":"2026-02-12T03:51:51","date_gmt":"2026-02-12T01:51:51","guid":{"rendered":"https:\/\/test2.michel-promo.com\/en\/product\/electric-wine-opener-battery-operated\/"},"modified":"2026-05-12T02:20:34","modified_gmt":"2026-05-12T00:20:34","slug":"electric-wine-opener-battery-operated","status":"publish","type":"product","link":"https:\/\/test2.michel-promo.com\/hr\/proizvod-2\/electric-wine-opener-battery-operated\/","title":{"rendered":"Elektri\u010dni otvara\u010d za vino \u2013 na baterije"},"content":{"rendered":"<p>Ovaj elektri\u010dni vadi\u010dep na baterije otvara bocu vina pritiskom na gumb. Uklju\u010duju\u0107i 4 AA baterije. Pakirano u poklon kutiju.<\/p>","protected":false},"excerpt":{"rendered":"<p>Ovaj elektri\u010dni vadi\u010dep na baterije otvara bocu vina pritiskom na gumb. Uklju\u010duju\u0107i 4 AA baterije.<\/p>","protected":false},"featured_media":298971,"template":"","meta":{"_acf_changed":false},"product_brand":[],"product_cat":[86,103],"product_tag":[],"class_list":{"0":"post-496362","1":"product","2":"type-product","3":"status-publish","4":"has-post-thumbnail","6":"product_cat-wellness-health-and-home","7":"product_cat-wine-and-bar-sets-and-accessories","9":"first","10":"instock","11":"taxable","12":"shipping-taxable","13":"purchasable","14":"product-type-variable","15":"has-default-attributes"},"acf":[],"_links":{"self":[{"href":"https:\/\/test2.michel-promo.com\/hr\/wp-json\/wp\/v2\/product\/496362","targetHints":{"allow":["GET"]}}],"collection":[{"href":"https:\/\/test2.michel-promo.com\/hr\/wp-json\/wp\/v2\/product"}],"about":[{"href":"https:\/\/test2.michel-promo.com\/hr\/wp-json\/wp\/v2\/types\/product"}],"version-history":[{"count":0,"href":"https:\/\/test2.michel-promo.com\/hr\/wp-json\/wp\/v2\/product\/496362\/revisions"}],"wp:featuredmedia":[{"embeddable":true,"href":"https:\/\/test2.michel-promo.com\/hr\/wp-json\/wp\/v2\/media\/298971"}],"wp:attachment":[{"href":"https:\/\/test2.michel-promo.com\/hr\/wp-json\/wp\/v2\/media?parent=496362"}],"wp:term":[{"taxonomy":"product_brand","embeddable":true,"href":"https:\/\/test2.michel-promo.com\/hr\/wp-json\/wp\/v2\/product_brand?post=496362"},{"taxonomy":"product_cat","embeddable":true,"href":"https:\/\/test2.michel-promo.com\/hr\/wp-json\/wp\/v2\/product_cat?post=496362"},{"taxonomy":"product_tag","embeddable":true,"href":"https:\/\/test2.michel-promo.com\/hr\/wp-json\/wp\/v2\/product_tag?post=496362"}],"curies":[{"name":"radni list","href":"https:\/\/api.w.org\/{rel}","templated":true}]}}