{"id":496365,"date":"2026-02-12T03:51:52","date_gmt":"2026-02-12T01:51:52","guid":{"rendered":"https:\/\/test2.michel-promo.com\/en\/product\/vino-re-chargeable-electric-wine-opener\/"},"modified":"2026-05-12T02:20:34","modified_gmt":"2026-05-12T00:20:34","slug":"vino-re-chargeable-electric-wine-opener","status":"publish","type":"product","link":"https:\/\/test2.michel-promo.com\/hr\/proizvod-2\/vino-re-chargeable-electric-wine-opener\/","title":{"rendered":"Vino punjivi elektri\u010dni otvara\u010d za vino"},"content":{"rendered":"<p>Vino elektri\u010dni otvara\u010d za vino s mogu\u0107no\u0161\u0107u ponovnog punjenja elegantno je i prakti\u010dno rje\u0161enje za jednostavno otvaranje boca kod ku\u0107e ili za zabavu. Njegov mat crni dizajn sadr\u017ei litij-ionsku bateriju od 500 mAh, sposobnu za otvaranje 20-30 boca s punim punjenjem i ponovno punjenje za 3 sata putem prilo\u017eenog crnog TPE USB-A na USB-C kabela od 30 cm. Otvara\u010d ima jednostavno upravljanje tipkama gore i dolje i indikatorsku lampicu za jednostavnu upotrebu. Ku\u0107i\u0161te ne sadr\u017ei PVC i pakirano je u FSC\u00ae certificirano pakiranje. Ulazna struja: 5 V \/ 1 A.<\/p>","protected":false},"excerpt":{"rendered":"<p>Punjivi elektri\u010dni otvara\u010d za vino Vino elegantno je i prakti\u010dno rje\u0161enje za jednostavno otvaranje boca kod ku\u0107e ili za...<\/p>","protected":false},"featured_media":424821,"template":"","meta":{"_acf_changed":false},"product_brand":[],"product_cat":[86,103],"product_tag":[],"class_list":{"0":"post-496365","1":"product","2":"type-product","3":"status-publish","4":"has-post-thumbnail","6":"product_cat-wellness-health-and-home","7":"product_cat-wine-and-bar-sets-and-accessories","9":"first","10":"outofstock","11":"taxable","12":"shipping-taxable","13":"purchasable","14":"product-type-variable","15":"has-default-attributes"},"acf":[],"_links":{"self":[{"href":"https:\/\/test2.michel-promo.com\/hr\/wp-json\/wp\/v2\/product\/496365","targetHints":{"allow":["GET"]}}],"collection":[{"href":"https:\/\/test2.michel-promo.com\/hr\/wp-json\/wp\/v2\/product"}],"about":[{"href":"https:\/\/test2.michel-promo.com\/hr\/wp-json\/wp\/v2\/types\/product"}],"version-history":[{"count":0,"href":"https:\/\/test2.michel-promo.com\/hr\/wp-json\/wp\/v2\/product\/496365\/revisions"}],"wp:featuredmedia":[{"embeddable":true,"href":"https:\/\/test2.michel-promo.com\/hr\/wp-json\/wp\/v2\/media\/424821"}],"wp:attachment":[{"href":"https:\/\/test2.michel-promo.com\/hr\/wp-json\/wp\/v2\/media?parent=496365"}],"wp:term":[{"taxonomy":"product_brand","embeddable":true,"href":"https:\/\/test2.michel-promo.com\/hr\/wp-json\/wp\/v2\/product_brand?post=496365"},{"taxonomy":"product_cat","embeddable":true,"href":"https:\/\/test2.michel-promo.com\/hr\/wp-json\/wp\/v2\/product_cat?post=496365"},{"taxonomy":"product_tag","embeddable":true,"href":"https:\/\/test2.michel-promo.com\/hr\/wp-json\/wp\/v2\/product_tag?post=496365"}],"curies":[{"name":"radni list","href":"https:\/\/api.w.org\/{rel}","templated":true}]}}