{"id":496375,"date":"2026-02-12T03:51:58","date_gmt":"2026-02-12T01:51:58","guid":{"rendered":"https:\/\/test2.michel-promo.com\/en\/product\/vino-rcs-certified-recycled-stainless-steel-wine-bucket\/"},"modified":"2026-05-12T02:20:34","modified_gmt":"2026-05-12T00:20:34","slug":"vino-rcs-certified-recycled-stainless-steel-wine-bucket","status":"publish","type":"product","link":"https:\/\/test2.michel-promo.com\/hr\/proizvod-2\/vino-rcs-certified-recycled-stainless-steel-wine-bucket\/","title":{"rendered":"Vino RCS certificirana kanta za vino od recikliranog nehr\u0111aju\u0107eg \u010delika"},"content":{"rendered":"<p>Zabavite se sa stilom uz Vino kantu za vino od recikliranog nehr\u0111aju\u0107eg \u010delika. Ovaj privla\u010dan komad \u010dini idealan sredi\u0161nji dio dok ste doma\u0107in pi\u0107a i razgovora, omogu\u0107uju\u0107i vam da rashladite svoja vina s graciozno\u0161\u0107u i stilom. Izra\u0111en od recikliranog nehr\u0111aju\u0107eg \u010delika s RCS certifikatom. Ukupni reciklirani sadr\u017eaj: 91% na temelju ukupne te\u017eine predmeta. Pakirano u FSC\u00ae kraft ambala\u017eu.<\/p>","protected":false},"excerpt":{"rendered":"<p>Zabavite se sa stilom uz Vino kantu za vino od recikliranog nehr\u0111aju\u0107eg \u010delika. Ovaj upe\u010datljivi komad idealan je sredi\u0161nji komad poput vas<\/p>","protected":false},"featured_media":299039,"template":"","meta":{"_acf_changed":false},"product_brand":[],"product_cat":[167,86,103],"product_tag":[],"class_list":{"0":"post-496375","1":"product","2":"type-product","3":"status-publish","4":"has-post-thumbnail","6":"product_cat-eco-friendly","7":"product_cat-wellness-health-and-home","8":"product_cat-wine-and-bar-sets-and-accessories","10":"first","11":"instock","12":"taxable","13":"shipping-taxable","14":"purchasable","15":"product-type-variable","16":"has-default-attributes"},"acf":[],"_links":{"self":[{"href":"https:\/\/test2.michel-promo.com\/hr\/wp-json\/wp\/v2\/product\/496375","targetHints":{"allow":["GET"]}}],"collection":[{"href":"https:\/\/test2.michel-promo.com\/hr\/wp-json\/wp\/v2\/product"}],"about":[{"href":"https:\/\/test2.michel-promo.com\/hr\/wp-json\/wp\/v2\/types\/product"}],"version-history":[{"count":0,"href":"https:\/\/test2.michel-promo.com\/hr\/wp-json\/wp\/v2\/product\/496375\/revisions"}],"wp:featuredmedia":[{"embeddable":true,"href":"https:\/\/test2.michel-promo.com\/hr\/wp-json\/wp\/v2\/media\/299039"}],"wp:attachment":[{"href":"https:\/\/test2.michel-promo.com\/hr\/wp-json\/wp\/v2\/media?parent=496375"}],"wp:term":[{"taxonomy":"product_brand","embeddable":true,"href":"https:\/\/test2.michel-promo.com\/hr\/wp-json\/wp\/v2\/product_brand?post=496375"},{"taxonomy":"product_cat","embeddable":true,"href":"https:\/\/test2.michel-promo.com\/hr\/wp-json\/wp\/v2\/product_cat?post=496375"},{"taxonomy":"product_tag","embeddable":true,"href":"https:\/\/test2.michel-promo.com\/hr\/wp-json\/wp\/v2\/product_tag?post=496375"}],"curies":[{"name":"radni list","href":"https:\/\/api.w.org\/{rel}","templated":true}]}}