{"id":496463,"date":"2026-02-12T03:52:54","date_gmt":"2026-02-12T01:52:54","guid":{"rendered":"https:\/\/test2.michel-promo.com\/en\/product\/boska-cheese-curler-amigo\/"},"modified":"2026-05-12T02:20:34","modified_gmt":"2026-05-12T00:20:34","slug":"boska-cheese-curler-amigo","status":"publish","type":"product","link":"https:\/\/test2.michel-promo.com\/hr\/proizvod-2\/boska-cheese-curler-amigo\/","title":{"rendered":"BOSKA Uvija\u010d za sir Amigo"},"content":{"rendered":"<p>Uvojci od sira savr\u0161eni su zavr\u0161ni detalj za va\u0161a jela. Ukusni su uz talijansku tjesteninu ili svje\u017eu salatu i uvijek su hit tijekom veselog sata. To je zabavan i ukusan na\u010din u\u017eivanja u omiljenim sirevima. Cheese Curler Amigo iz BOSKA \u2013 tvrtke s certifikatom B Corporation \u2013 ima o\u0161tricu od nehr\u0111aju\u0107eg \u010delika i savr\u0161en je za T\u00eate de Moine, pa \u010dak i \u010dokoladu. S pet kratkih igala oko daske, imat \u0107ete posebno \u010dvrst stisak na siru. Probajte sami; kovr\u010de nikada nisu izgledale bolje! Uvija\u010d za sir pogodan je samo za ru\u010dno pranje i dolazi s 10-godi\u0161njim jamstvom.<\/p>","protected":false},"excerpt":{"rendered":"<p>Uvojci od sira savr\u0161eni su zavr\u0161ni detalj za va\u0161a jela. Ukusni su uz talijansku tjesteninu ili svje\u017eu salatu<\/p>","protected":false},"featured_media":299524,"template":"","meta":{"_acf_changed":false},"product_brand":[],"product_cat":[104,86],"product_tag":[],"class_list":{"0":"post-496463","1":"product","2":"type-product","3":"status-publish","4":"has-post-thumbnail","6":"product_cat-kitchen-utensils","7":"product_cat-wellness-health-and-home","9":"first","10":"instock","11":"taxable","12":"shipping-taxable","13":"purchasable","14":"product-type-variable","15":"has-default-attributes"},"acf":[],"_links":{"self":[{"href":"https:\/\/test2.michel-promo.com\/hr\/wp-json\/wp\/v2\/product\/496463","targetHints":{"allow":["GET"]}}],"collection":[{"href":"https:\/\/test2.michel-promo.com\/hr\/wp-json\/wp\/v2\/product"}],"about":[{"href":"https:\/\/test2.michel-promo.com\/hr\/wp-json\/wp\/v2\/types\/product"}],"version-history":[{"count":0,"href":"https:\/\/test2.michel-promo.com\/hr\/wp-json\/wp\/v2\/product\/496463\/revisions"}],"wp:featuredmedia":[{"embeddable":true,"href":"https:\/\/test2.michel-promo.com\/hr\/wp-json\/wp\/v2\/media\/299524"}],"wp:attachment":[{"href":"https:\/\/test2.michel-promo.com\/hr\/wp-json\/wp\/v2\/media?parent=496463"}],"wp:term":[{"taxonomy":"product_brand","embeddable":true,"href":"https:\/\/test2.michel-promo.com\/hr\/wp-json\/wp\/v2\/product_brand?post=496463"},{"taxonomy":"product_cat","embeddable":true,"href":"https:\/\/test2.michel-promo.com\/hr\/wp-json\/wp\/v2\/product_cat?post=496463"},{"taxonomy":"product_tag","embeddable":true,"href":"https:\/\/test2.michel-promo.com\/hr\/wp-json\/wp\/v2\/product_tag?post=496463"}],"curies":[{"name":"radni list","href":"https:\/\/api.w.org\/{rel}","templated":true}]}}