{"id":499838,"date":"2026-02-12T05:57:11","date_gmt":"2026-02-12T03:57:11","guid":{"rendered":"https:\/\/test2.michel-promo.com\/en\/product\/vinga-gigaro-butter-knives\/"},"modified":"2026-05-12T02:20:37","modified_gmt":"2026-05-12T00:20:37","slug":"vinga-gigaro-butter-knives","status":"publish","type":"product","link":"https:\/\/test2.michel-promo.com\/hr\/proizvod-2\/vinga-gigaro-butter-knives\/","title":{"rendered":"VINGA Gigaro no\u017eevi za maslac"},"content":{"rendered":"<p>Ekskluzivni 2-dijelni set no\u017eeva za maslac od nehr\u0111aju\u0107eg \u010delika. Ovi su no\u017eevi savr\u0161eni za mazanje maslacem ili pekmezom na tost, bagele, muffine i drugo. Visokokvalitetne o\u0161trice od nehr\u0111aju\u0107eg \u010delika osiguravaju glatko \u0161irenje bez napora, dok \u010dvrste pakka drvene ru\u010dke pru\u017eaju udoban zahvat. Set dolazi upakiran u ekskluzivnu poklon kutiju, \u0161to ga \u010dini idealnim poklonom za svaku priliku.<\/p>","protected":false},"excerpt":{"rendered":"<p>Ekskluzivni 2-dijelni set no\u017eeva za maslac od nehr\u0111aju\u0107eg \u010delika. Ovi no\u017eevi savr\u0161eni su za mazanje maslacem ili pekmezom na tost, bagele, muffine<\/p>","protected":false},"featured_media":350097,"template":"","meta":{"_acf_changed":false},"product_brand":[],"product_cat":[104,86],"product_tag":[],"class_list":{"0":"post-499838","1":"product","2":"type-product","3":"status-publish","4":"has-post-thumbnail","6":"product_cat-kitchen-utensils","7":"product_cat-wellness-health-and-home","9":"first","10":"instock","11":"taxable","12":"shipping-taxable","13":"purchasable","14":"product-type-variable","15":"has-default-attributes"},"acf":[],"_links":{"self":[{"href":"https:\/\/test2.michel-promo.com\/hr\/wp-json\/wp\/v2\/product\/499838","targetHints":{"allow":["GET"]}}],"collection":[{"href":"https:\/\/test2.michel-promo.com\/hr\/wp-json\/wp\/v2\/product"}],"about":[{"href":"https:\/\/test2.michel-promo.com\/hr\/wp-json\/wp\/v2\/types\/product"}],"version-history":[{"count":0,"href":"https:\/\/test2.michel-promo.com\/hr\/wp-json\/wp\/v2\/product\/499838\/revisions"}],"wp:featuredmedia":[{"embeddable":true,"href":"https:\/\/test2.michel-promo.com\/hr\/wp-json\/wp\/v2\/media\/350097"}],"wp:attachment":[{"href":"https:\/\/test2.michel-promo.com\/hr\/wp-json\/wp\/v2\/media?parent=499838"}],"wp:term":[{"taxonomy":"product_brand","embeddable":true,"href":"https:\/\/test2.michel-promo.com\/hr\/wp-json\/wp\/v2\/product_brand?post=499838"},{"taxonomy":"product_cat","embeddable":true,"href":"https:\/\/test2.michel-promo.com\/hr\/wp-json\/wp\/v2\/product_cat?post=499838"},{"taxonomy":"product_tag","embeddable":true,"href":"https:\/\/test2.michel-promo.com\/hr\/wp-json\/wp\/v2\/product_tag?post=499838"}],"curies":[{"name":"radni list","href":"https:\/\/api.w.org\/{rel}","templated":true}]}}