{"id":500044,"date":"2026-02-12T05:59:09","date_gmt":"2026-02-12T03:59:09","guid":{"rendered":"https:\/\/test2.michel-promo.com\/en\/product\/vinga-saletto-wool-blend-blanket\/"},"modified":"2026-05-12T02:20:39","modified_gmt":"2026-05-12T00:20:39","slug":"vinga-saletto-wool-blend-blanket","status":"publish","type":"product","link":"https:\/\/test2.michel-promo.com\/hr\/proizvod-2\/vinga-saletto-wool-blend-blanket\/","title":{"rendered":"Vinga Saletto deka od mje\u0161avine vune"},"content":{"rendered":"<p>Umotajte se u na\u0161u luksuzno mekanu deku od mije\u0161ane vune, dizajniranu da pru\u017ei i toplinu i stil. Sa svojom bru\u0161enom teksturom, ova deka poprima klasi\u010dan, pahuljasti oblik, dodaju\u0107i da\u0161ak udobnosti svakom \u017eivotnom prostoru. Vuna kori\u0161tena u na\u0161em pokriva\u010du je bez mulesinga. Napravljen od 30% vune i 70% akrila, na\u0161 pokriva\u010d od mje\u0161avine vune je izdr\u017eljiv i prakti\u010dan, \u0161to ga \u010dini savr\u0161enim dodatkom svakom domu. OEKO-TEX\u00ae STANDARD 100. 14.HIN.50642. Hohenstein HTTI.<\/p>","protected":false},"excerpt":{"rendered":"<p>Umotajte se u na\u0161u luksuzno mekanu deku od mije\u0161ane vune, dizajniranu da pru\u017ei i toplinu i stil. Sa svojom bru\u0161enom teksturom, ovo<\/p>","protected":false},"featured_media":350565,"template":"","meta":{"_acf_changed":false},"product_brand":[],"product_cat":[167,145,86],"product_tag":[],"class_list":{"0":"post-500044","1":"product","2":"type-product","3":"status-publish","4":"has-post-thumbnail","6":"product_cat-eco-friendly","7":"product_cat-home-comfort-and-atmosphere","8":"product_cat-wellness-health-and-home","10":"first","11":"instock","12":"taxable","13":"shipping-taxable","14":"purchasable","15":"product-type-variable","16":"has-default-attributes"},"acf":[],"_links":{"self":[{"href":"https:\/\/test2.michel-promo.com\/hr\/wp-json\/wp\/v2\/product\/500044","targetHints":{"allow":["GET"]}}],"collection":[{"href":"https:\/\/test2.michel-promo.com\/hr\/wp-json\/wp\/v2\/product"}],"about":[{"href":"https:\/\/test2.michel-promo.com\/hr\/wp-json\/wp\/v2\/types\/product"}],"version-history":[{"count":0,"href":"https:\/\/test2.michel-promo.com\/hr\/wp-json\/wp\/v2\/product\/500044\/revisions"}],"wp:featuredmedia":[{"embeddable":true,"href":"https:\/\/test2.michel-promo.com\/hr\/wp-json\/wp\/v2\/media\/350565"}],"wp:attachment":[{"href":"https:\/\/test2.michel-promo.com\/hr\/wp-json\/wp\/v2\/media?parent=500044"}],"wp:term":[{"taxonomy":"product_brand","embeddable":true,"href":"https:\/\/test2.michel-promo.com\/hr\/wp-json\/wp\/v2\/product_brand?post=500044"},{"taxonomy":"product_cat","embeddable":true,"href":"https:\/\/test2.michel-promo.com\/hr\/wp-json\/wp\/v2\/product_cat?post=500044"},{"taxonomy":"product_tag","embeddable":true,"href":"https:\/\/test2.michel-promo.com\/hr\/wp-json\/wp\/v2\/product_tag?post=500044"}],"curies":[{"name":"radni list","href":"https:\/\/api.w.org\/{rel}","templated":true}]}}