{"id":500069,"date":"2026-02-12T05:59:22","date_gmt":"2026-02-12T03:59:22","guid":{"rendered":"https:\/\/test2.michel-promo.com\/en\/product\/vinga-monogram-grs-blanket\/"},"modified":"2026-05-12T02:20:39","modified_gmt":"2026-05-12T00:20:39","slug":"vinga-monogram-grs-blanket","status":"publish","type":"product","link":"https:\/\/test2.michel-promo.com\/hr\/proizvod-2\/vinga-monogram-grs-blanket\/","title":{"rendered":"VINGA Monogram GRS deka"},"content":{"rendered":"<p>U\u0161u\u0161kajte se i ostanite topli uz na\u0161u monogramsku dekicu \u2013 elegantnu i mekanu deku s luksuznim osje\u0107ajem. Ima dvostrani dizajn s kontrastnim tonovima i suptilnim, obrnutim monogramskim uzorkom. Veli\u010dina: 170x130 cm. 260 g\/m\u00b2. Mo\u017ee se prati u perilici rublja za jednostavno odr\u017eavanje. Certificirana od strane GRS-a (Global Recycled Standard), GRS certifikat jam\u010di da je cijeli lanac opskrbe recikliranim materijalima certificiran. Ukupni sadr\u017eaj recikliranog materijala temelji se na ukupnoj te\u017eini proizvoda. Ovaj proizvod sadr\u017ei 97% GRS certificirani reciklirani poliester.<\/p>","protected":false},"excerpt":{"rendered":"<p>U\u0161u\u0161kajte se i ostanite topli uz na\u0161u monogramsku dekicu \u2013 elegantnu i mekanu deku s luksuznim osje\u0107ajem.<\/p>","protected":false},"featured_media":390630,"template":"","meta":{"_acf_changed":false},"product_brand":[],"product_cat":[167,145,86],"product_tag":[],"class_list":{"0":"post-500069","1":"product","2":"type-product","3":"status-publish","4":"has-post-thumbnail","6":"product_cat-eco-friendly","7":"product_cat-home-comfort-and-atmosphere","8":"product_cat-wellness-health-and-home","10":"first","11":"instock","12":"taxable","13":"shipping-taxable","14":"purchasable","15":"product-type-variable","16":"has-default-attributes"},"acf":[],"_links":{"self":[{"href":"https:\/\/test2.michel-promo.com\/hr\/wp-json\/wp\/v2\/product\/500069","targetHints":{"allow":["GET"]}}],"collection":[{"href":"https:\/\/test2.michel-promo.com\/hr\/wp-json\/wp\/v2\/product"}],"about":[{"href":"https:\/\/test2.michel-promo.com\/hr\/wp-json\/wp\/v2\/types\/product"}],"version-history":[{"count":0,"href":"https:\/\/test2.michel-promo.com\/hr\/wp-json\/wp\/v2\/product\/500069\/revisions"}],"wp:featuredmedia":[{"embeddable":true,"href":"https:\/\/test2.michel-promo.com\/hr\/wp-json\/wp\/v2\/media\/390630"}],"wp:attachment":[{"href":"https:\/\/test2.michel-promo.com\/hr\/wp-json\/wp\/v2\/media?parent=500069"}],"wp:term":[{"taxonomy":"product_brand","embeddable":true,"href":"https:\/\/test2.michel-promo.com\/hr\/wp-json\/wp\/v2\/product_brand?post=500069"},{"taxonomy":"product_cat","embeddable":true,"href":"https:\/\/test2.michel-promo.com\/hr\/wp-json\/wp\/v2\/product_cat?post=500069"},{"taxonomy":"product_tag","embeddable":true,"href":"https:\/\/test2.michel-promo.com\/hr\/wp-json\/wp\/v2\/product_tag?post=500069"}],"curies":[{"name":"radni list","href":"https:\/\/api.w.org\/{rel}","templated":true}]}}