{"id":500103,"date":"2026-02-12T05:59:40","date_gmt":"2026-02-12T03:59:40","guid":{"rendered":"https:\/\/test2.michel-promo.com\/en\/product\/vinga-paso-8-pcs-bbq-cutlery-set\/"},"modified":"2026-05-12T02:20:39","modified_gmt":"2026-05-12T00:20:39","slug":"vinga-paso-8-pcs-bbq-cutlery-set","status":"publish","type":"product","link":"https:\/\/test2.michel-promo.com\/hr\/proizvod-2\/vinga-paso-8-pcs-bbq-cutlery-set\/","title":{"rendered":"Set pribora za jelo VINGA Paso 8 kom"},"content":{"rendered":"<p>Postavite stol s ovim bezvremenskim 8-dijelnim priborom za ro\u0161tilj, dizajniranim s skandinavskom jednostavno\u0161\u0107u. Izra\u0111en od FSC\u00ae certificiranog drva jasena i visokokvalitetnog nehr\u0111aju\u0107eg \u010delika, ovaj set uklju\u010duje \u010detiri o\u0161tra no\u017ea i \u010detiri vilice s udobnim dr\u017eanjem. Ovaj set nije samo u\u017eitak koristiti, ve\u0107 je i moderan dodatak svakom iskustvu ro\u0161tiljanja ili objedovanja.<\/p>","protected":false},"excerpt":{"rendered":"<p>Postavite stol s ovim bezvremenskim 8-dijelnim priborom za ro\u0161tilj, dizajniranim s skandinavskom jednostavno\u0161\u0107u. Izra\u0111en od FSC\u00ae certificiranog<\/p>","protected":false},"featured_media":350687,"template":"","meta":{"_acf_changed":false},"product_brand":[],"product_cat":[132,84],"product_tag":[],"class_list":{"0":"post-500103","1":"product","2":"type-product","3":"status-publish","4":"has-post-thumbnail","6":"product_cat-camping-and-hiking-gear","7":"product_cat-sports-recreation-and-leisure","9":"first","10":"instock","11":"taxable","12":"shipping-taxable","13":"purchasable","14":"product-type-variable","15":"has-default-attributes"},"acf":[],"_links":{"self":[{"href":"https:\/\/test2.michel-promo.com\/hr\/wp-json\/wp\/v2\/product\/500103","targetHints":{"allow":["GET"]}}],"collection":[{"href":"https:\/\/test2.michel-promo.com\/hr\/wp-json\/wp\/v2\/product"}],"about":[{"href":"https:\/\/test2.michel-promo.com\/hr\/wp-json\/wp\/v2\/types\/product"}],"version-history":[{"count":0,"href":"https:\/\/test2.michel-promo.com\/hr\/wp-json\/wp\/v2\/product\/500103\/revisions"}],"wp:featuredmedia":[{"embeddable":true,"href":"https:\/\/test2.michel-promo.com\/hr\/wp-json\/wp\/v2\/media\/350687"}],"wp:attachment":[{"href":"https:\/\/test2.michel-promo.com\/hr\/wp-json\/wp\/v2\/media?parent=500103"}],"wp:term":[{"taxonomy":"product_brand","embeddable":true,"href":"https:\/\/test2.michel-promo.com\/hr\/wp-json\/wp\/v2\/product_brand?post=500103"},{"taxonomy":"product_cat","embeddable":true,"href":"https:\/\/test2.michel-promo.com\/hr\/wp-json\/wp\/v2\/product_cat?post=500103"},{"taxonomy":"product_tag","embeddable":true,"href":"https:\/\/test2.michel-promo.com\/hr\/wp-json\/wp\/v2\/product_tag?post=500103"}],"curies":[{"name":"radni list","href":"https:\/\/api.w.org\/{rel}","templated":true}]}}